{"id":18199,"date":"2018-09-19T22:21:06","date_gmt":"2018-09-19T20:21:06","guid":{"rendered":"http:\/\/scuole.rimini.com\/cd6rimini.gov.it\/?page_id=18199"},"modified":"2018-11-25T17:53:21","modified_gmt":"2018-11-25T16:53:21","slug":"modulo-c_b_-inf-destinazione-coding","status":"publish","type":"page","link":"http:\/\/scuole.rimini.com\/cd6rimini.gov.it\/didattica\/pon-finanziati\/pon-competenze-base\/modulo-c_b_-inf-destinazione-coding\/","title":{"rendered":"Modulo C_B_ Inf.: &#8220;Destinazione Coding&#8221;"},"content":{"rendered":"<p><b>Multimedialit\u00e0 Titolo: DESTINAZIONE CODING per alunni Scuole dell&#8217;Infanzia<\/b><\/p>\n<h3><span style=\"color: #ff0000;\"><a style=\"color: #ff0000;\" href=\"https:\/\/goo.gl\/forms\/vdhQtJLxdgjSAhsR2\">\u00a0ISCRIZIONE<\/a><\/span> (valida dalle ore 15:00 del 19\/09\/2018 alle ore 15:00 del 3\/10\/2018)<\/h3>\n<p><b>Caratteristiche\u00a0modulo<\/b><\/p>\n<table class=\" aligncenter\" style=\"height: 232px;\" width=\"461\">\n<tbody>\n<tr>\n<td width=\"76\">\n<p style=\"text-align: left;\"><strong>Destina<br \/>\ntari<\/strong><\/p>\n<\/td>\n<td width=\"78\"><strong>Sede modulo<\/strong><\/td>\n<td width=\"47\"><strong>Num.<br \/>\nallievi<\/strong><\/td>\n<td width=\"47\"><strong>Ore tot<\/strong><\/td>\n<td width=\"85\"><strong>Periodo di attua-<br \/>\nzione<\/strong><\/td>\n<td width=\"85\"><strong>Orario ipotetico<\/strong><\/td>\n<\/tr>\n<tr>\n<td width=\"76\">Bambini nati nel 2013 e dal 1\/1 al 30\/4 del 2014<\/td>\n<td width=\"78\">Scuola Infanzia Gabbia-<br \/>\nnella<br \/>\n<span style=\"font-weight: 400;\">RNAA01501D<\/span><\/td>\n<td width=\"47\">20<\/td>\n<td width=\"47\">30<\/td>\n<td width=\"85\">Ottobre 2018 \u2013 Gennaio 2019<\/td>\n<td width=\"85\">Luned\u00ec,<br \/>\ndalle ore 14:00 alle ore 16:00<\/p>\n<p style=\"text-align: center;\">(15 lezioni)<\/p>\n<\/td>\n<\/tr>\n<\/tbody>\n<\/table>\n<p style=\"text-align: left;\"><span style=\"font-weight: 400;\"><strong>Descrizione modulo:<\/strong><br \/>\nDESTINAZIONE CODING, IDEE CONTAGIOSE E MAI NOIOSE. La struttura del modulo vuole essere un percorso di avvicinamento al pensiero computazionale. Utilizzer\u00e0 gli spazi ampi, l&#8217;anfiteatro interno, le aule rinnovate e comuni di uno dei plessi dell&#8217;infanzia della nostra istituzione scoalstica: il plesso La Gabbianella. Il progetto si prefigge di sviluppare, nel fanciullo di 5 anni della scuola dell&#8217;infanzia, attenzione, concentrazione, motivazione, curiosit\u00e0 e desiderio di partecipare e di diventare protagonista dell&#8217;attivit\u00e0 di introduzione al Coding e alla robotica. Ogni metodologia verr\u00e0 predisposta per il potenziamento delle capacit\u00e0 di concentrazione dei bambini ai fini di un migliore andamento scolastico. Tra i risultati attesi segnaliamo: l&#8217;abitudine all&#8217;ordine e all&#8217;uso dell&#8217;ambiente fisico, la capacit\u00e0 di orientamento e lateralizzazione, il riconoscimento del valore simbolico degli spazi all&#8217;interno di un reticolato disegnato al pavimento, il funzionamento del pensiero computazionale e l&#8217;uso del linguaggio del coding attraverso l&#8217;approccio &#8216;giocoso&#8217;. La robotica ci viene incontro con strumenti ludici tecnologicamente appetibili anche per la scuola dell&#8217;infanzia, vissuti come estensione della fantasia creativa con il metodo Laban Movement Analysis, utilizzati come supporti e verificatori del linguaggio del coding: Dash &amp; Dot, Blue BOT, Robottino. Durante questo anno scolastico, nella scuola dell&#8217;infanzia la Capriola del 6\u00b0 circolo didattico di Rimini, \u00e8 stato svolto questo percorso innovativo di coding unplagged in chiave sperimentale con i bambini di cinque anni delle due sezioni. Si vuole ampliare l&#8217;esperienza positiva anche ad altri plessi del circolo, aprendo il laboratorio anche ad altri bambini e in uno spazio pi\u00f9 grande e adeguato (plesso La Gabbianella). Gli iscritti al laboratorio diventeranno fruitori attivi che progettano, pensano, provano, costruiscono e verificano in itinere il loro pensiero creativo per approdare alla scuola primaria con delle buone competenze di base gi\u00e0 sviluppate che li aiuteranno a proseguire il percorso formativo ed educativo senza timore. In particolare tra le abilit\u00e0 fondamentali richieste: il soffermarsi a pensare e a ragionare sulla possibilit\u00e0 di movimento che il reticolato costituisce e utilizzare la concentrazione per applicare i diversi indicatori di lateralizzazione. In ogni modulo sar\u00e0 previsto un questionario che con modalit\u00e0 diverse coinvolger\u00e0 tutti gli attori del processo: bambini, insegnanti di sezione, collaboratori, esperti, tutor e famiglie. Si valuter\u00e0 se il modulo \u00e8 stato interessante e coinvolgente, se gli obiettivi prefissati sono stati di fatto raggiunti e quale ricaduta hanno avuto sulla maturazione delle competenze dei soggetti protagonisti. Il progetto sar\u00e0 comunicato alla cittadinanza e al territorio attraverso manifesti, circolari informative per coinvolgere le famiglie pubblicazioni sul sito web. A conclusione del progetto, sar\u00e0 aperto a tutti l\u2019ultimo laboratorio, anche in previsione della possibilit\u00e0 di replicare i percorsi didattici intrapresi nelle altre sedi di scuola dell\u2019infanzia. I prodotti e gli elaborati realizzati all&#8217;interno dei laboratori verranno riutilizzati e messi a disposizione delle scuole del circolo, pubblicati sul sito http:\/\/scuole.rimini.com\/cd6rimini.gov.it\/ e nel giornalino del sesto circolo didattico di Rimini, contenente la documentazione di alcuni dei percorsi metodologico- didattici significativi. Saranno previste documentazioni fotografiche e video (manifesti, sito, giornalino, assemblee). Collaborazione CIVIVO.<\/span><\/p>\n<p style=\"text-align: left;\"><b>Data inizio prevista: Settembre-Ottobre 2018<br \/>\n<\/b><b>Data fine prevista: Gennaio 2019<\/b><\/p>\n<p style=\"text-align: left;\"><span style=\"font-weight: 400;\">Tipo Modulo Multimedialit\u00e0<\/span><span style=\"font-weight: 400;\"><br \/>\nPer alunni con disagio sociale, culturale, difficolt\u00e0 nell&#8217;apprendimento e nelle competenze logico.spaziali, motorie. emotive, relazionali delle tre scuole dell&#8217;infanzia. Gruppi omogenei di 5 anni secondo la tematica e su iscrizione previa. In orario pomeridiano, anche curricolare.\u00a0<\/span><\/p>\n<p style=\"text-align: left;\">NB: Vi chiediamo di\u00a0leggere il documento <a href=\"http:\/\/scuole.rimini.com\/cd6rimini.gov.it\/wp-content\/uploads\/2018\/09\/AVVISO_PUBBLICO_ALUNNI_INFANZIA_PON-job_7234.pdf\">Avviso Alunni Infanzia<\/a> con le indicazioni e la normativa corrispondente. All&#8217;interno potrete trovare nuovamente lo stesso link al questionario iscrizioni. Se il numero alunni superer\u00e0 la disponibilit\u00e0 dei posti si proceder\u00e0 con la valutazione dei <a href=\"http:\/\/scuole.rimini.com\/cd6rimini.gov.it\/wp-content\/uploads\/2018\/09\/Criteri-destinatari-Competenze-Base-Infanzia.pdf\">Criteri dei Destinatari <\/a>come deciso dagli Organi Collegiali di questa organizzazione scolastica.<\/p>\n<table width=\"100%\">\n<tbody>\n<tr>\n<td colspan=\"3\" width=\"100%\"><strong>DOCUMENTI firmati digitalmente dal DS e PROTOCOLLATI indispensabili all\u2019AVVIO dei moduli<\/strong><\/td>\n<\/tr>\n<tr>\n<td width=\"32%\"><strong>INCARICO ESPERTO<\/strong><\/td>\n<td width=\"48%\"><a href=\"http:\/\/scuole.rimini.com\/cd6rimini.gov.it\/wp-content\/uploads\/2018\/11\/prot9098_10_10_18_Incarico_Esperto_Coding_Comp_Base_Inf.pdf\">prot9098_10_10_18_Incarico_Esperto_Coding_Comp_Base_Inf<\/a><\/td>\n<td width=\"18%\"><\/td>\n<\/tr>\n<tr>\n<td width=\"32%\"><strong>INCARICO TUTOR<\/strong><\/td>\n<td width=\"48%\"><a href=\"http:\/\/scuole.rimini.com\/cd6rimini.gov.it\/wp-content\/uploads\/2018\/11\/prot9099_10_10_18_Incarico_Tutor_Coding_Comp_Base_Inf.pdf\">prot9099_10_10_18_Incarico_Tutor_Coding_Comp_Base_Inf<\/a><\/td>\n<td width=\"18%\"><\/td>\n<\/tr>\n<tr>\n<td width=\"32%\"><strong>INCARICO GESTIONE<\/strong><\/td>\n<td width=\"48%\"><a href=\"http:\/\/scuole.rimini.com\/cd6rimini.gov.it\/wp-content\/uploads\/2018\/11\/prot10121_30_10_18_Incarico_Gestione_Comp_Base_Inf.pdf\">prot10121_30_10_18_Incarico_Gestione_Comp_Base_Inf<\/a><\/td>\n<td width=\"18%\"><\/td>\n<\/tr>\n<tr>\n<td width=\"32%\"><strong>DELEGA GESTIONE<\/strong><\/td>\n<td width=\"48%\"><a href=\"http:\/\/scuole.rimini.com\/cd6rimini.gov.it\/wp-content\/uploads\/2018\/11\/prot10691_Delega_inserimento_dati_Comp_BaseInfanzia.pdf\">prot10691_Delega_inserimento_dati_Comp_BaseInfanzia<\/a><\/td>\n<td width=\"18%\"><\/td>\n<\/tr>\n<tr>\n<td width=\"32%\"><strong>PROT E DATA AUTORIZZAZIONE<br \/>\nMIUR <\/strong><\/td>\n<td width=\"48%\"><\/td>\n<td width=\"18%\"><\/td>\n<\/tr>\n<tr>\n<td width=\"32%\"><strong>CD DELIBERA INSERIMENTO PTOF <\/strong><\/td>\n<td width=\"48%\"><\/td>\n<td width=\"18%\"><\/td>\n<\/tr>\n<tr>\n<td width=\"32%\"><strong>CD DELIBERE RICERCA FIGURE INTERNE<\/strong><\/td>\n<td width=\"48%\"><a href=\"http:\/\/scuole.rimini.com\/cd6rimini.gov.it\/wp-content\/uploads\/2018\/11\/prot2977_10_4_18_Delibere_CollegioDocenti_figure_Comp_Base_Inf_Prim.pdf\">prot2977_10_4_18_Delibere_CollegioDocenti_figure_Comp_Base_Inf_Prim<\/a><\/td>\n<td width=\"18%\"><\/td>\n<\/tr>\n<tr>\n<td width=\"32%\"><strong>CD DELIBERA INDIVIDUAZ. FIGURE INTERNE<\/strong><\/td>\n<td width=\"48%\"><a href=\"http:\/\/scuole.rimini.com\/cd6rimini.gov.it\/wp-content\/uploads\/2018\/11\/prot2977_10_4_18_Delibere_CollegioDocenti_figure_Comp_Base_Inf_Prim.pdf\">prot2977_10_4_18_Delibere_CollegioDocenti_figure_Comp_Base_Inf_Prim<\/a><\/td>\n<td width=\"18%\"><\/td>\n<\/tr>\n<tr>\n<td width=\"32%\"><strong>CdC ASSUNZIONE BILANCIO<\/strong><\/td>\n<td width=\"48%\"><\/td>\n<td width=\"18%\"><\/td>\n<\/tr>\n<tr>\n<td width=\"32%\"><strong>PUBBLICIZZAZIONE<\/strong><\/td>\n<td width=\"48%\"><\/td>\n<td width=\"18%\"><\/td>\n<\/tr>\n<tr>\n<td width=\"32%\"><strong>\u00a0INCARICO DS e DSGA<\/strong><\/td>\n<td width=\"48%\"><a href=\"http:\/\/scuole.rimini.com\/cd6rimini.gov.it\/wp-content\/uploads\/2018\/11\/prot9806_24_10_18IncaricoDS_CompBaseInfanzia.pdf\">prot9806_24_10_18IncaricoDS_CompBaseInfanzia\u00a0<\/a><br \/>\n<a href=\"http:\/\/scuole.rimini.com\/cd6rimini.gov.it\/wp-content\/uploads\/2018\/11\/prot9976_27_10_18_Incarico_DSGA_Comp_Base_Infanzia.pdf\">prot9976_27_10_18_Incarico_DSGA_Comp_Base_Infanzia<\/a><\/td>\n<td width=\"18%\"><\/td>\n<\/tr>\n<tr>\n<td width=\"32%\"><strong>\u00a0RINUNCIA FIG. AGGIUNT.<\/strong><\/td>\n<td width=\"48%\"><a href=\"http:\/\/scuole.rimini.com\/cd6rimini.gov.it\/wp-content\/uploads\/2018\/11\/prot9867_25_10_18_Rinuncia_FIg_Agg_Coding_CompBaseInf.pdf\">prot9867_25_10_18_Rinuncia_FIg_Agg_Coding_CompBaseInf<\/a><\/td>\n<td width=\"18%\"><\/td>\n<\/tr>\n<tr>\n<td width=\"32%\"><strong>\u00a0CRITERI ALUNNI\u00a0<\/strong><\/td>\n<td width=\"48%\"><a href=\"http:\/\/scuole.rimini.com\/cd6rimini.gov.it\/wp-content\/uploads\/2018\/11\/prot7031_30_08_18_stralcio_CD_25_06_18_criteriALUNNI.pdf\">prot7031_30_08_18_stralcio_CD_25_06_18_criteriALUNNI<\/a><\/td>\n<td width=\"18%\"><\/td>\n<\/tr>\n<tr>\n<td width=\"32%\"><strong>\u00a0<\/strong><\/td>\n<td width=\"48%\"><\/td>\n<td width=\"18%\"><\/td>\n<\/tr>\n<\/tbody>\n<\/table>\n<p style=\"text-align: center;\">\n","protected":false},"excerpt":{"rendered":"<p>Multimedialit\u00e0 Titolo: DESTINAZIONE CODING per alunni Scuole dell&#8217;Infanzia \u00a0ISCRIZIONE (valida dalle ore 15:00 del 19\/09\/2018 alle ore 15:00 del 3\/10\/2018) Caratteristiche\u00a0modulo Destina tari Sede modulo Num. allievi Ore tot Periodo di attua- zione Orario ipotetico Bambini nati nel 2013 e dal 1\/1 al 30\/4 del 2014 Scuola Infanzia Gabbia- nella RNAA01501D 20 30 Ottobre 2018&nbsp; &nbsp; <a class=\"moretag\" href=\"http:\/\/scuole.rimini.com\/cd6rimini.gov.it\/didattica\/pon-finanziati\/pon-competenze-base\/modulo-c_b_-inf-destinazione-coding\/\" title=\"Leggi l&#180;intero articolo\">&raquo;<\/a><\/p>\n","protected":false},"author":4,"featured_media":0,"parent":18196,"menu_order":0,"comment_status":"closed","ping_status":"closed","template":"","meta":[],"_links":{"self":[{"href":"http:\/\/scuole.rimini.com\/cd6rimini.gov.it\/wp-json\/wp\/v2\/pages\/18199"}],"collection":[{"href":"http:\/\/scuole.rimini.com\/cd6rimini.gov.it\/wp-json\/wp\/v2\/pages"}],"about":[{"href":"http:\/\/scuole.rimini.com\/cd6rimini.gov.it\/wp-json\/wp\/v2\/types\/page"}],"author":[{"embeddable":true,"href":"http:\/\/scuole.rimini.com\/cd6rimini.gov.it\/wp-json\/wp\/v2\/users\/4"}],"replies":[{"embeddable":true,"href":"http:\/\/scuole.rimini.com\/cd6rimini.gov.it\/wp-json\/wp\/v2\/comments?post=18199"}],"version-history":[{"count":24,"href":"http:\/\/scuole.rimini.com\/cd6rimini.gov.it\/wp-json\/wp\/v2\/pages\/18199\/revisions"}],"predecessor-version":[{"id":20665,"href":"http:\/\/scuole.rimini.com\/cd6rimini.gov.it\/wp-json\/wp\/v2\/pages\/18199\/revisions\/20665"}],"up":[{"embeddable":true,"href":"http:\/\/scuole.rimini.com\/cd6rimini.gov.it\/wp-json\/wp\/v2\/pages\/18196"}],"wp:attachment":[{"href":"http:\/\/scuole.rimini.com\/cd6rimini.gov.it\/wp-json\/wp\/v2\/media?parent=18199"}],"curies":[{"name":"wp","href":"https:\/\/api.w.org\/{rel}","templated":true}]}}