{"id":18202,"date":"2018-09-19T22:31:49","date_gmt":"2018-09-19T20:31:49","guid":{"rendered":"http:\/\/scuole.rimini.com\/cd6rimini.gov.it\/?page_id=18202"},"modified":"2018-11-25T17:50:55","modified_gmt":"2018-11-25T16:50:55","slug":"modulo-c_b_inf-corpo-gioco-e-relazione","status":"publish","type":"page","link":"http:\/\/scuole.rimini.com\/cd6rimini.gov.it\/didattica\/pon-finanziati\/pon-competenze-base\/modulo-c_b_inf-corpo-gioco-e-relazione\/","title":{"rendered":"Modulo C_B_Inf.: &#8220;Corpo, gioco e relazione&#8221;"},"content":{"rendered":"<p><b>Espressione corporea (attivit\u00e0 ludiche,attivit\u00e0 psicomotorie) Titolo: CORPO, GIOCO E RELAZIONE<\/b><\/p>\n<ul>\n<li>\n<h4><span style=\"color: #ff0000;\"><strong><a style=\"color: #ff0000;\" href=\"https:\/\/goo.gl\/forms\/GY8vkaqlNufl4XxJ2\">ISCRIZIONE<\/a><\/strong>\u00a0<\/span>(valida dalle ore 15:00 del 19\/09\/2018 alle ore 15:00 del 3\/10\/2018)<\/h4>\n<\/li>\n<li>\n<h4><span style=\"color: #ff0000;\"><strong><a style=\"color: #ff0000;\" href=\"http:\/\/scuole.rimini.com\/cd6rimini.gov.it\/wp-content\/uploads\/2018\/09\/A_F1_RNDD0006_96820404-aVVISO-PROTOCOLLLATO-Corpo_Gioco.pdf\">BANDO\/AVVISO PUBBLICO ESPERTO<\/a>\u00a0<\/strong><\/span>\u00a0\u00a0<a href=\"http:\/\/scuole.rimini.com\/cd6rimini.gov.it\/wp-content\/uploads\/2018\/09\/RNDD0006_96899895_AllegatoA_Bando_esperto_Corpo-Gioco.docx\">ALLEGATO A<\/a>\u00a0 \u00a0 <a href=\"http:\/\/scuole.rimini.com\/cd6rimini.gov.it\/wp-content\/uploads\/2018\/09\/RNDD0006_96900090AllegatoB_BandoEsperto_CorpoGioco.docx\">ALLEGATO B<\/a>\u00a0 <a href=\"http:\/\/scuole.rimini.com\/cd6rimini.gov.it\/wp-content\/uploads\/2018\/09\/RNDD0006_96900388_AllegatoC_BandoEsperto_CorpoGIoco.docx\">ALLEGATO C<\/a><\/h4>\n<\/li>\n<li>\n<h4><strong><span style=\"color: #ff0000;\"><a style=\"color: #ff0000;\" href=\"http:\/\/scuole.rimini.com\/cd6rimini.gov.it\/wp-content\/uploads\/2018\/09\/Circolare-011-2018-09-24-apertura-iscrizioni-PON-primarie.doc\">\u00a0<\/a><a style=\"color: #ff0000;\" href=\"http:\/\/scuole.rimini.com\/cd6rimini.gov.it\/wp-content\/uploads\/2018\/09\/AVVISO_PUBBLICO_ALUNNI_INFANZIA_PON-job_7234.pdf\">AVVISO PUBBLICO ALUNNI<\/a>\u00a0 \u00a0 \u00a0<\/span><\/strong><span style=\"color: #ff0000;\"><a href=\"http:\/\/scuole.rimini.com\/cd6rimini.gov.it\/wp-content\/uploads\/2018\/09\/Circolare-011-2018-09-24-apertura-iscrizioni-PON-primarie.doc\">CIRCOLARE APERTURA ISCRIZIONI<\/a><\/span><strong><span style=\"color: #ff0000;\">\u00a0 \u00a0<\/span><\/strong><\/h4>\n<\/li>\n<\/ul>\n<h3><b>Caratteristiche\u00a0modulo<\/b><\/h3>\n<table class=\" aligncenter\" style=\"height: 168px;\" width=\"560\">\n<tbody>\n<tr>\n<td width=\"76\"><strong>Destinatari<\/strong><\/p>\n<p>Bambini nati nel 2014 e\/o nel 2013<\/td>\n<td width=\"78\"><strong>Sede di svolgimento<\/strong><\/p>\n<p>Scuola Infanzia Gabbia-<br \/>\nnella<br \/>\n<span style=\"font-weight: 400;\">RNAA01501D<\/span><\/td>\n<td width=\"47\"><strong>Num. alunni<\/strong><\/p>\n<p>&nbsp;<\/p>\n<p>20<\/td>\n<td width=\"47\"><strong>Numero ore<\/strong><\/p>\n<p>&nbsp;<\/p>\n<p>30<\/td>\n<td width=\"85\"><strong>Periodo<\/strong><\/p>\n<p>Ottobre 2018 \u2013 Gennaio 2019<\/td>\n<td width=\"85\"><strong>Orario ipotetico<\/strong><\/p>\n<p>Marted\u00ec, dalle ore 14:00 alle ore 16:00<br \/>\n(15 lezioni)<\/td>\n<\/tr>\n<\/tbody>\n<\/table>\n<p>CORPO, GIOCO E RELAZIONE. Attraverso l\u2019utilizzo della Danza Movimento Terapia (D.M.T.) tecnica Laban, si propone un laboratorio per alunni di 4-5 anni. La danza movimento terapia \u00e8 una disciplina specifica il cui scopo \u00e8 quello di promuovere l\u2019integrazione fisica, emotiva, relazionale e psico-sociale dell\u2019individuo. Ci\u00f2 che la caratterizza \u00e8 l\u2019utilizzo del linguaggio del movimento corporeo che costituisce, insieme al processo creativo, i principali strumenti di osservazione, analisi e intervento di una crescita individuale. L&#8217;obiettivo generale \u00e8 coinvolgere la totalit\u00e0 del bambino nell&#8217;unit\u00e0 di mente-corpo-relazione, incontrando il bisogno di salute della persona. Gli obiettivi formativi sono: -lavorare con il movimento del corpo sui ritmi, sulle qualit\u00e0 dei gesti, sui piani, il tutto strettamente collegato allo sviluppo evolutivo e finalizzato ad una maggiore consapevolezza corporea; -far sperimentare ai bambini esperienze di movimento quale mezzo per l&#8217;esplorazione del proprio mondo interno e per l&#8217;integrazione fisica e psichica. I docenti hanno gi\u00e0 partecipato ad un Corso di Formazione che ha trattato temi relativi a \u201cTecniche di Danza Movimento Terapia\u201c. Questo ha portato a riproporre nella didattica in classe alcune strategie e percorsi che continuano ad essere applicati nella pratica educativa con continuit\u00e0, ma che richiedono continui aggiornamenti e confronti perch\u00e9 hanno dimostrato di essere strategie efficaci per l\u2019apprendimento di tutti e di ciascuno. In ogni modulo sar\u00e0 previsto un questionario che con modalit\u00e0 diverse coinvolger\u00e0 tutti gli attori del processo: bambini, insegnanti di sezione, collaboratori, esperti e tutor per valutare se gli obiettivi prefissati sono stati di fatto raggiunti e quale ricaduta hanno avuto sulla maturazione delle competenze dei soggetti protagonisti. Il progetto sar\u00e0 comunicato alla cittadinanza e al territorio attraverso manifesti e circolari informative alle famiglie, verr\u00e0 pubblicato sul sito web contenente la documentazione di alcuni dei percorsi metodologico-didattici significativi di tutti i plessi. A conclusione del progetto sar\u00e0 aperto a tutti l\u2019ultimo laboratorio, anche in previsione della possibilit\u00e0 di replicare i percorsi didattici intrapresi nelle altre sedi di scuola dell\u2019infanzia. I prodotti e gli elaborati realizzati all&#8217;interno dei laboratori verranno riutilizzati e messi a disposizione delle scuole del circolo e saranno previste documentazioni fotografiche, video e articoli pubblicati sul sito http:\/\/scuole.rimini.com\/cd6rimini.gov.it\/ e sul giornalino del sesto circolo didattico di Rimini. Collaborazione CIVIVO.<span style=\"font-weight: 400;\">RNAA01501D<\/span><\/p>\n<p>Data inizio prevista 01\/10\/2018<br \/>\nData fine prevista 31\/01\/2019<\/p>\n<p style=\"text-align: left;\"><span style=\"font-weight: 400;\">Tipo Modulo Espressione corporea (attivit\u00e0 ludiche,attivit\u00e0 psicomotorie)<\/span><span style=\"font-weight: 400;\"><br \/>\nPer alunni con disagio sociale, culturale, difficolt\u00e0 nell&#8217;apprendimento e nelle competenze logico.spaziali, motorie. emotive, relazionali delle tre scuole dell&#8217;infanzia. Gruppi omogenei di 4-5\u00a0<\/span><span style=\"font-weight: 400;\">\u00a0anni secondo la tematica e su iscrizione previa. In orario pomeridiano, anche curricolare.<\/span><\/p>\n<p style=\"text-align: left;\">NB: Vi chiediamo di\u00a0leggere il documento\u00a0<a href=\"http:\/\/scuole.rimini.com\/cd6rimini.gov.it\/wp-content\/uploads\/2018\/09\/AVVISO_PUBBLICO_ALUNNI_INFANZIA_PON-job_7234.pdf\">Avviso Alunni Infanzia<\/a>\u00a0con le indicazioni e la normativa corrispondente. All&#8217;interno potrete trovare nuovamente lo stesso link al questionario iscrizioni. Se il numero alunni superer\u00e0 la disponibilit\u00e0 dei posti si proceder\u00e0 con la valutazione dei\u00a0<a href=\"http:\/\/scuole.rimini.com\/cd6rimini.gov.it\/wp-content\/uploads\/2018\/09\/Criteri-destinatari-Competenze-Base-Infanzia.pdf\">Criteri dei Destinatari\u00a0<\/a>come deciso dagli Organi Collegiali di questa organizzazione scolastica.<\/p>\n<p style=\"text-align: left;\"><strong>Scheda finanziaria:<br \/>\n<\/strong>Esperto: 70\u20ac\/ora omnicomprensivo<br \/>\nTutor: 30\u20ac\/ora omnicomprensivo<br \/>\nFigura aggiuntiva: 30\u20ac\/alunno fino a 20 alunni<br \/>\nMensa: 7\u20ac al giorno<br \/>\nGestione: 3,7\u20ac\/ora\/alunno fino a 20 alunni\u00a0 Totale: 2082\u20ac<strong><br \/>\n<\/strong>Totale: 5.682,00\u20ac<\/p>\n<table width=\"100%\">\n<tbody>\n<tr>\n<td colspan=\"3\" width=\"100%\"><strong>DOCUMENTI firmati digitalmente dal DS e PROTOCOLLATI indispensabili all\u2019AVVIO dei moduli<\/strong><\/td>\n<\/tr>\n<tr>\n<td width=\"32%\"><strong>AVVISO ESPERTO<br \/>\n<\/strong><strong>COMMISS. VALUT.<br \/>\nGRADUAT.VALUT.<br \/>\nINCARICO ESPERTO<\/strong><\/td>\n<td width=\"48%\"><a style=\"font-family: inherit; font-size: inherit;\" href=\"http:\/\/scuole.rimini.com\/cd6rimini.gov.it\/wp-content\/uploads\/2018\/11\/prot8024_19_9_19Avviso_Pubblico_esperto_CorpoGioco_Comp_Base_Inf.pdf\">prot8024_19_9_19Avviso_Pubblico_esperto_CorpoGioco_Comp_Base_Inf<\/a><br \/>\n<a style=\"font-family: inherit; font-size: inherit;\" href=\"http:\/\/scuole.rimini.com\/cd6rimini.gov.it\/wp-content\/uploads\/2018\/11\/prot8803_3_10_18Nomina_Commissione_valutaz_bandi_CorpoGioco_comp_base_inf.pdf\">prot8803_3_10_18Nomina_Commissione_valutaz_bandi_CorpoGioco_comp_base_inf<\/a><br \/>\n<a href=\"http:\/\/scuole.rimini.com\/cd6rimini.gov.it\/wp-content\/uploads\/2018\/11\/prot9833_25_10_18_Det_Graduatoria_Def_Esperto_CorpoGioco_Comp_Base_Inf.pdf\">prot9833_25_10_18_Det_Graduatoria_Def_Esperto_CorpoGioco_Comp_Base_Inf<\/a><br \/>\n<a href=\"http:\/\/scuole.rimini.com\/cd6rimini.gov.it\/wp-content\/uploads\/2018\/11\/prot9838_25_10_18Contratto_esperto_CorpoGIoco_Comp_BaseInf.pdf\">prot9838_25_10_18Contratto_esperto_CorpoGIoco_Comp_BaseInf\u00a0<\/a><\/td>\n<td width=\"18%\"><\/td>\n<\/tr>\n<tr>\n<td width=\"32%\"><strong>INCARICO TUTOR<\/strong><\/td>\n<td width=\"48%\"><a href=\"http:\/\/scuole.rimini.com\/cd6rimini.gov.it\/wp-content\/uploads\/2018\/11\/prot9978_27_10_18_Incarico_Tutor_Corpo_Gioco_Comp_Base_Inf.pdf\">prot9978_27_10_18_Incarico_Tutor_Corpo_Gioco_Comp_Base_Inf<\/a><\/td>\n<td width=\"18%\"><\/td>\n<\/tr>\n<tr>\n<td width=\"32%\"><strong>INCARICO GEST.<\/strong><\/td>\n<td width=\"48%\"><a href=\"http:\/\/scuole.rimini.com\/cd6rimini.gov.it\/wp-content\/uploads\/2018\/11\/prot10121_30_10_18_Incarico_Gestione_Comp_Base_Inf.pdf\">prot10121_30_10_18_Incarico_Gestione_Comp_Base_Inf<\/a><\/td>\n<td width=\"18%\"><\/td>\n<\/tr>\n<tr>\n<td width=\"32%\"><strong>DELEGA GEST.<\/strong><\/td>\n<td width=\"48%\"><a href=\"http:\/\/scuole.rimini.com\/cd6rimini.gov.it\/wp-content\/uploads\/2018\/11\/prot10691_Delega_inserimento_dati_Comp_BaseInfanzia.pdf\">prot10691_Delega_inserimento_dati_Comp_BaseInfanzia<\/a><\/td>\n<td width=\"18%\"><\/td>\n<\/tr>\n<tr>\n<td width=\"32%\"><strong>FIGURA AGGIUNTIVA<\/strong><\/td>\n<td width=\"48%\"><a href=\"http:\/\/scuole.rimini.com\/cd6rimini.gov.it\/wp-content\/uploads\/2018\/11\/prot10316_05_11_18_Valutaz_fig_aggiuntiva_corpo_gioco_comp_base_inf.pdf\">prot10316_05_11_18_Valutaz_fig_aggiuntiva_corpo_gioco_comp_base_inf<\/a><br \/>\n<a href=\"http:\/\/scuole.rimini.com\/cd6rimini.gov.it\/wp-content\/uploads\/2018\/11\/prot9031_9_10_18Avviso_Pubbl_fig_aggiuntiva_corpo_gioco_comp_base_inf.pdf\">prot9031_9_10_18Avviso_Pubbl_fig_aggiuntiva_corpo_gioco_comp_base_inf<\/a><br \/>\n<a href=\"http:\/\/scuole.rimini.com\/cd6rimini.gov.it\/wp-content\/uploads\/2018\/11\/prot9980_27_10_18_Commiss_Valutaz_Fig_Agg_Corpo_Gioco_COmp_Base_Inf.pdf\">prot9980_27_10_18_Commiss_Valutaz_Fig_Agg_Corpo_Gioco_COmp_Base_Inf <\/a><\/td>\n<td width=\"18%\"><\/td>\n<\/tr>\n<tr>\n<td width=\"32%\"><strong>PROT E DATA AUTORIZZAZIONE<br \/>\nMIUR <\/strong><\/td>\n<td width=\"48%\"><\/td>\n<td width=\"18%\"><\/td>\n<\/tr>\n<tr>\n<td width=\"32%\"><strong>CD DELIBERA INSERIMENTO PTOF <\/strong><\/td>\n<td width=\"48%\"><\/td>\n<td width=\"18%\"><\/td>\n<\/tr>\n<tr>\n<td width=\"32%\"><strong>CD DELIBERE RICERCA FIGURE INTERNE<\/strong><\/td>\n<td width=\"48%\"><a href=\"http:\/\/scuole.rimini.com\/cd6rimini.gov.it\/wp-content\/uploads\/2018\/11\/prot2977_10_4_18_Delibere_CollegioDocenti_figure_Comp_Base_Inf_Prim.pdf\">prot2977_10_4_18_Delibere_CollegioDocenti_figure_Comp_Base_Inf_Prim<\/a><\/td>\n<td width=\"18%\"><\/td>\n<\/tr>\n<tr>\n<td width=\"32%\"><strong>CD DELIBERA INDIVIDUAZ. FIGURE INTERNE<\/strong><\/td>\n<td width=\"48%\"><a href=\"http:\/\/scuole.rimini.com\/cd6rimini.gov.it\/wp-content\/uploads\/2018\/11\/prot2977_10_4_18_Delibere_CollegioDocenti_figure_Comp_Base_Inf_Prim.pdf\">prot2977_10_4_18_Delibere_CollegioDocenti_figure_Comp_Base_Inf_Prim<\/a><\/td>\n<td width=\"18%\"><\/td>\n<\/tr>\n<tr>\n<td width=\"32%\"><strong>CD PROPOSTA CRITERI FIGURE OBBLIGATORIE<\/strong><\/td>\n<td width=\"48%\"><\/td>\n<td width=\"18%\"><\/td>\n<\/tr>\n<tr>\n<td width=\"32%\"><strong>CdC ASSUNZIONE BILANCIO<\/strong><\/td>\n<td width=\"48%\"><\/td>\n<td width=\"18%\"><\/td>\n<\/tr>\n<tr>\n<td width=\"32%\"><strong>CdC DELIBERA CRITERI FIGURE OBBLIGATORIE<\/strong><\/td>\n<td width=\"48%\"><\/td>\n<td width=\"18%\"><\/td>\n<\/tr>\n<tr>\n<td width=\"32%\"><strong>PUBBLICIZZAZIONE<\/strong><\/p>\n<p><strong>ACQUISTI MAT.<\/strong><\/td>\n<td width=\"48%\"><a href=\"http:\/\/scuole.rimini.com\/cd6rimini.gov.it\/wp-content\/uploads\/2018\/11\/prot10438_08_11_18_Acquisti_CorpoGioco_CompBaseInf.pdf\">prot10438_08_11_18_Acquisti_CorpoGioco_CompBaseInf<\/a><\/td>\n<td width=\"18%\"><\/td>\n<\/tr>\n<tr>\n<td width=\"32%\"><strong>AVVISO PUBBLICO ALUNNI<\/strong><\/td>\n<td width=\"48%\"><a href=\"http:\/\/scuole.rimini.com\/cd6rimini.gov.it\/wp-content\/uploads\/2018\/11\/prot8015_19_9_18Avviso_Alunni_infanzia.pdf\">prot8015_19_9_18Avviso_Alunni_infanzia<\/a><\/td>\n<td width=\"18%\"><\/td>\n<\/tr>\n<tr>\n<td width=\"32%\"><strong>CRITERI ALUNN<\/strong><strong>I<br \/>\nAVVIO<\/strong><\/td>\n<td width=\"48%\"><a href=\"http:\/\/scuole.rimini.com\/cd6rimini.gov.it\/wp-content\/uploads\/2018\/11\/prot7031_30_08_18_stralcio_CD_25_06_18_criteriALUNNI.pdf\">prot7031_30_08_18_stralcio_CD_25_06_18_criteriALUNNI<\/a><br \/>\n<a href=\"http:\/\/scuole.rimini.com\/cd6rimini.gov.it\/wp-content\/uploads\/2018\/11\/prot10391_06_11_18_Avvio_CorpoGioco_Comp_Base_Inf.pdf\">prot10391_06_11_18_Avvio_CorpoGioco_Comp_Base_Inf<\/a><\/td>\n<td width=\"18%\"><\/td>\n<\/tr>\n<tr>\n<td width=\"32%\"><strong>\u00a0INCARICO DS<\/strong><\/td>\n<td width=\"48%\"><a href=\"http:\/\/scuole.rimini.com\/cd6rimini.gov.it\/wp-content\/uploads\/2018\/11\/prot9806_24_10_18IncaricoDS_CompBaseInfanzia.pdf\">prot9806_24_10_18IncaricoDS_CompBaseInfanzia<\/a><\/td>\n<td width=\"18%\"><\/td>\n<\/tr>\n<tr>\n<td width=\"32%\"><strong>\u00a0INCARICO DSGA<\/strong><\/td>\n<td width=\"48%\"><a href=\"http:\/\/scuole.rimini.com\/cd6rimini.gov.it\/wp-content\/uploads\/2018\/11\/prot9976_27_10_18_Incarico_DSGA_Comp_Base_Infanzia.pdf\">prot9976_27_10_18_Incarico_DSGA_Comp_Base_Infanzia<\/a><\/td>\n<td width=\"18%\"><\/td>\n<\/tr>\n<\/tbody>\n<\/table>\n","protected":false},"excerpt":{"rendered":"<p>Espressione corporea (attivit\u00e0 ludiche,attivit\u00e0 psicomotorie) Titolo: CORPO, GIOCO E RELAZIONE ISCRIZIONE\u00a0(valida dalle ore 15:00 del 19\/09\/2018 alle ore 15:00 del 3\/10\/2018) BANDO\/AVVISO PUBBLICO ESPERTO\u00a0\u00a0\u00a0ALLEGATO A\u00a0 \u00a0 ALLEGATO B\u00a0 ALLEGATO C \u00a0AVVISO PUBBLICO ALUNNI\u00a0 \u00a0 \u00a0CIRCOLARE APERTURA ISCRIZIONI\u00a0 \u00a0 Caratteristiche\u00a0modulo Destinatari Bambini nati nel 2014 e\/o nel 2013 Sede di svolgimento Scuola Infanzia Gabbia- nella RNAA01501D&nbsp; &nbsp; <a class=\"moretag\" href=\"http:\/\/scuole.rimini.com\/cd6rimini.gov.it\/didattica\/pon-finanziati\/pon-competenze-base\/modulo-c_b_inf-corpo-gioco-e-relazione\/\" title=\"Leggi l&#180;intero articolo\">&raquo;<\/a><\/p>\n","protected":false},"author":4,"featured_media":0,"parent":18196,"menu_order":0,"comment_status":"closed","ping_status":"closed","template":"","meta":[],"_links":{"self":[{"href":"http:\/\/scuole.rimini.com\/cd6rimini.gov.it\/wp-json\/wp\/v2\/pages\/18202"}],"collection":[{"href":"http:\/\/scuole.rimini.com\/cd6rimini.gov.it\/wp-json\/wp\/v2\/pages"}],"about":[{"href":"http:\/\/scuole.rimini.com\/cd6rimini.gov.it\/wp-json\/wp\/v2\/types\/page"}],"author":[{"embeddable":true,"href":"http:\/\/scuole.rimini.com\/cd6rimini.gov.it\/wp-json\/wp\/v2\/users\/4"}],"replies":[{"embeddable":true,"href":"http:\/\/scuole.rimini.com\/cd6rimini.gov.it\/wp-json\/wp\/v2\/comments?post=18202"}],"version-history":[{"count":45,"href":"http:\/\/scuole.rimini.com\/cd6rimini.gov.it\/wp-json\/wp\/v2\/pages\/18202\/revisions"}],"predecessor-version":[{"id":20664,"href":"http:\/\/scuole.rimini.com\/cd6rimini.gov.it\/wp-json\/wp\/v2\/pages\/18202\/revisions\/20664"}],"up":[{"embeddable":true,"href":"http:\/\/scuole.rimini.com\/cd6rimini.gov.it\/wp-json\/wp\/v2\/pages\/18196"}],"wp:attachment":[{"href":"http:\/\/scuole.rimini.com\/cd6rimini.gov.it\/wp-json\/wp\/v2\/media?parent=18202"}],"curies":[{"name":"wp","href":"https:\/\/api.w.org\/{rel}","templated":true}]}}