{"id":18204,"date":"2018-09-19T22:35:21","date_gmt":"2018-09-19T20:35:21","guid":{"rendered":"http:\/\/scuole.rimini.com\/cd6rimini.gov.it\/?page_id=18204"},"modified":"2019-01-21T20:15:09","modified_gmt":"2019-01-21T19:15:09","slug":"modulo-c_b_inf-destinazione-gesto-grafico","status":"publish","type":"page","link":"http:\/\/scuole.rimini.com\/cd6rimini.gov.it\/didattica\/pon-finanziati\/pon-competenze-base\/modulo-c_b_inf-destinazione-gesto-grafico\/","title":{"rendered":"Modulo C_B_Inf.: &#8220;Destinazione gesto grafico&#8221;"},"content":{"rendered":"<p><b>Modulo: Pluri-attivit\u00e0 per alunni di Scuola dell&#8217;Infanzia (attivit\u00e0 educative propedeutiche di pregrafismo e di precalcolo, multiculturalit\u00e0, esplorazione dell&#8217;ambiente, ecc.)<\/b><\/p>\n<p><b><span style=\"color: #ff0000;\"><a style=\"color: #ff0000;\" href=\"https:\/\/goo.gl\/forms\/Mwan08AWf9J1b9zu2\">ISCRIZIONE<\/a><\/span> (valida dalle ore 15:00 del 19\/9\/2018 alle ore 15:00 del 19\/01\/2019)<br \/>\n<\/b><b><br \/>\nTitolo: DESTINAZIONE &#8216;GESTO GRAFICO&#8217; \/ PERCORSO DI EDUCAZIONE ALLA SCRITTURA<\/b><\/p>\n<p><b>Caratteristiche\u00a0modulo<br \/>\n<\/b><\/p>\n<table class=\" aligncenter\" style=\"height: 223px;\" width=\"657\">\n<tbody>\n<tr>\n<td width=\"137\"><\/td>\n<td width=\"76\"><strong>Destina<br \/>\ntari<\/strong><\/td>\n<td width=\"78\"><strong>Sede modulo<\/strong><\/td>\n<td width=\"47\"><strong>Num.<br \/>\nallievi<\/strong><\/td>\n<td width=\"47\"><strong>Ore tot<\/strong><\/td>\n<td width=\"85\"><strong>Periodo di attua-<br \/>\nzione<\/strong><\/td>\n<td width=\"85\"><strong>Orario ipotetico<\/strong><\/td>\n<td width=\"94\"><\/td>\n<\/tr>\n<tr>\n<td width=\"137\"><\/td>\n<td width=\"76\">Bambini nati nel 2013 e dal 1\/1 al 30\/4 del 2014<\/td>\n<td width=\"78\">Scuola Infanzia Albero dei Bambini<\/td>\n<td width=\"47\">20<\/td>\n<td width=\"47\">30<\/td>\n<td width=\"85\">Febbraio 2019- Giugno 2019<\/td>\n<td width=\"85\">Marted\u00ec<br \/>\ndalle ore 14:00 alle ore 16:00<br \/>\n(15 lezioni)<\/td>\n<td width=\"94\"><\/td>\n<\/tr>\n<\/tbody>\n<\/table>\n<p style=\"text-align: left;\"><span style=\"font-weight: 400;\"><b>Descrizione\u00a0modulo<br \/>\n<\/b>DESTINAZIONE &#8220;GESTO GRAFICO&#8221;: Percorso di educazione alla scrittura dalla scuola dell\u2019infanzia alla scuola primaria per una corretta impostazione del gesto grafico. Studi sperimentali hanno dimostrato che \u00e8 possibile prevenire disgrafie attraverso una didattica specifica del gesto grafico nel passaggio tra la scuola dell\u2019infanzia e la scuola primaria. Il percorso di educazione al gesto grafico inserito nell&#8217;ambito della normale programmazione didattica apporta benefici a tutti i bambini indipendentemente dalle loro capacit\u00e0 iniziali ed \u00e8 particolarmente efficace per i bambini che hanno livelli di partenza pi\u00f9 bassi, precede ed agevola tutte le attivit\u00e0 in cui \u00e8 prevista una qualunque espressione grafica e privilegia l\u2019aspetto pratico in un\u2019ottica preventiva dei problemi di apprendimento specificatamente nell&#8217;ambito della scrittura. Gli obiettivi del modulo sono: -sviluppare una consapevole attenzione del comportamento grafico dei bambini in base all&#8217;evoluzione del grafismo; -favorire l\u2019acquisizione di conoscenze e strumenti utili all&#8217;apprendimento dei pregrafismi prima e della scrittura poi per facilitare il passaggio al corsivo e prevenire possibili disgrafie a partire dalla scuola dell\u2019infanzia; -permettere all&#8217;alunno di integrare abitudini corrette che si mantengano nel tempo sia di carattere motorio che posturale e sia di tipo strettamente grafico; -saper traghettare nello spazio grafico gli apprendimenti dei vari prerequisiti come la spazialit\u00e0, il ritmo, la sequenza, ecc.; -suggerire in modo personalizzato strategie per facilitare il tracciato grafico; -fornire all&#8217;insegnante tutor una metodologia che tenga conto del processo alla base del movimento scrittorio per essere inserita nel proprio programma didattico. L\u2019offerta formativa del nostro circolo in questi anni si \u00e8 arricchita di vari stimoli che ha portato i docenti ad attivare nelle nostre scuole alcuni laboratori specifici. A seguito del corso di formazione per Docenti della Scuola Primaria di Primo Grado e Scuola dell\u2019Infanzia \u201cDifficolt\u00e0 grafomotorie, apprendimento del gesto grafico e scrittura\u201c svoltosi presso la nostra Istituzione Scolastica i docenti hanno riproposto l&#8217;esperienza didattica con la realizzazione del progetto &#8220;Percorso di Educazione al gesto grafico\u201c per cui si sono gi\u00e0 attivati laboratori con modalit\u00e0 diverse nei singoli plessi e la presenza dell\u2019esperto. Successivamente \u00e8 stato organizzato un ulteriore Corso di Formazione in continuit\u00e0 Infanzia\/Primaria che ha trattato temi relativi a \u201cApprendimento del gesto grafico e scrittura\u201c. Questo ha portato i docenti a riproporre nella didattica in classe alcune strategie e percorsi applicati e riproposti nella pratica educativa con continuit\u00e0, ma che richiedono continui aggiornamenti e confronti perch\u00e9 hanno dimostrato di essere strategie efficaci per l\u2019apprendimento di tutti e di ciascuno. In ogni modulo sar\u00e0 previsto un questionario che con modalit\u00e0 diverse coinvolger\u00e0 tutti gli attori del processo: bambini, insegnanti di sezione, collaboratori, esperti, tutor per valutare se gli obiettivi prefissati sono stati di fatto raggiunti e quale ricaduta ha avuto sulla maturazione delle competenze dei soggetti protagonisti. Il progetto sar\u00e0 comunicato alla cittadinanza e al territorio attraverso manifesti per coinvolgere le famiglie e verr\u00e0 pubblicato sul sito web e nel giornalino del sesto circolo didattico di Rimini, contenente la documentazione di alcuni dei percorsi metodologico-didattici significativi di tutti i plessi. A conclusione del progetto, sar\u00e0 aperto a tutti l\u2019ultimo laboratorio, anche in previsione della possibilit\u00e0 di replicare i percorsi didattici intrapresi nelle altre sedi di scuola dell\u2019infanzia. I prodotti e gli elaborati realizzati all&#8217;interno dei laboratori verranno riutilizzati e messi a disposizione delle scuole del circolo e saranno previste documentazioni fotografiche e video anche sul sito della scuola http:\/\/scuole.rimini.com\/cd6rimini.gov.it\/ .<\/span><\/p>\n<p style=\"text-align: left;\"><b>Data inizio prevista 01\/02\/2019<br \/>\n<\/b><b>Data fine prevista 31\/06\/2019<\/b><\/p>\n<p style=\"text-align: left;\"><span style=\"font-weight: 400;\">Tipo Modulo Pluri-attivit\u00e0 (attivit\u00e0 educative propedeutiche di pregrafismo e di precalcolo,<br \/>\n<\/span><span style=\"font-weight: 400;\">multiculturalit\u00e0, esplorazione dell&#8217;ambiente, ecc.)<\/span><\/p>\n<p style=\"text-align: left;\"><b>Sedi dove \u00e8 previsto il modulo\u00a0<\/b><span style=\"font-weight: 400;\">RNAA01503G &#8211; Albero dei Bambini<\/span><span style=\"font-weight: 400;\">Per alunni con disagio sociale, culturale, difficolt\u00e0 nell&#8217;apprendimento e nelle competenze logico.spaziali, motorie. emotive, relazionali delle tre scuole dell&#8217;infanzia. Per alunni con livelli di competenza pi\u00f9 bassi. Gruppi omogenei secondo la tematica e su iscrizione previa. In orario pomeridiano, anche curricolare.<\/span><\/p>\n<p style=\"text-align: left;\">NB: Vi chiediamo di\u00a0leggere il documento\u00a0<a href=\"http:\/\/scuole.rimini.com\/cd6rimini.gov.it\/wp-content\/uploads\/2018\/09\/AVVISO_PUBBLICO_ALUNNI_INFANZIA_PON-job_7234.pdf\">Avviso Alunni Infanzia<\/a>\u00a0con le indicazioni e la normativa corrispondente. All&#8217;interno potrete trovare nuovamente lo stesso link al questionario iscrizioni. Se il numero alunni superer\u00e0 la disponibilit\u00e0 dei posti si proceder\u00e0 con la valutazione dei\u00a0<a href=\"http:\/\/scuole.rimini.com\/cd6rimini.gov.it\/wp-content\/uploads\/2018\/09\/Criteri-destinatari-Competenze-Base-Infanzia.pdf\">Criteri dei Destinatari\u00a0<\/a>come deciso dagli Organi Collegiali di questa organizzazione scolastica.<\/p>\n<table width=\"100%\">\n<tbody>\n<tr>\n<td colspan=\"3\" width=\"100%\"><strong>DOCUMENTI firmati digitalmente dal DS e PROTOCOLLATI indispensabili all\u2019AVVIO dei moduli<\/strong><\/td>\n<\/tr>\n<tr>\n<td width=\"32%\"><strong>DETERMINA<br \/>\nAVVISO ESPERTO<\/strong><\/p>\n<p><strong>INCARICO ESPERTO<\/strong><\/td>\n<td width=\"48%\"><a href=\"http:\/\/scuole.rimini.com\/cd6rimini.gov.it\/wp-content\/uploads\/2019\/01\/prot274_12_01_19_Avvio-procedura-selezione-esperto-Gesto-Grafico.pdf\">prot274_12_01_19_Avvio procedura selezione esperto Gesto Grafico<\/a><\/p>\n<p><a href=\"http:\/\/scuole.rimini.com\/cd6rimini.gov.it\/wp-content\/uploads\/2019\/01\/prot275_12_01_19_Avviso-selezione-Gesto-Grafico-CB-Infanzia.pdf\">prot275_12_01_19_Avviso selezione Gesto Grafico CB Infanzia<\/a><\/p>\n<p>&nbsp;<\/td>\n<td width=\"18%\"><\/td>\n<\/tr>\n<tr>\n<td width=\"32%\"><strong>INCARICO TUTOR<\/strong><\/td>\n<td width=\"48%\"><\/td>\n<td width=\"18%\"><\/td>\n<\/tr>\n<tr>\n<td width=\"32%\"><strong>INCARICO GESTIONE<\/strong><\/td>\n<td width=\"48%\"><a href=\"http:\/\/scuole.rimini.com\/cd6rimini.gov.it\/wp-content\/uploads\/2018\/11\/prot10121_30_10_18_Incarico_Gestione_Comp_Base_Inf.pdf\">prot10121_30_10_18_Incarico_Gestione_Comp_Base_Inf<\/a><\/td>\n<td width=\"18%\"><\/td>\n<\/tr>\n<tr>\n<td width=\"32%\"><strong>DELEGA GESTIONE<\/strong><\/td>\n<td width=\"48%\"><a href=\"http:\/\/scuole.rimini.com\/cd6rimini.gov.it\/wp-content\/uploads\/2018\/11\/prot10691_Delega_inserimento_dati_Comp_BaseInfanzia.pdf\">prot10691_Delega_inserimento_dati_Comp_BaseInfanzia<\/a><\/td>\n<td width=\"18%\"><\/td>\n<\/tr>\n<tr>\n<td width=\"32%\"><strong>INCARICO VALUTATORE<\/strong><\/td>\n<td width=\"48%\"><\/td>\n<td width=\"18%\"><\/td>\n<\/tr>\n<tr>\n<td width=\"32%\"><strong>PROT E DATA AUTORIZZAZIONE<br \/>\nMIUR <\/strong><\/td>\n<td width=\"48%\"><\/td>\n<td width=\"18%\"><\/td>\n<\/tr>\n<tr>\n<td width=\"32%\"><strong>CD DELIBERA INSERIMENTO PTOF <\/strong><\/td>\n<td width=\"48%\"><\/td>\n<td width=\"18%\"><\/td>\n<\/tr>\n<tr>\n<td width=\"32%\"><strong>CD DELIBERE RICERCA FIGURE INTERNE<\/strong><\/td>\n<td width=\"48%\"><a href=\"http:\/\/scuole.rimini.com\/cd6rimini.gov.it\/wp-content\/uploads\/2018\/11\/prot2977_10_4_18_Delibere_CollegioDocenti_figure_Comp_Base_Inf_Prim.pdf\">prot2977_10_4_18_Delibere_CollegioDocenti_figure_Comp_Base_Inf_Prim<\/a><\/td>\n<td width=\"18%\"><\/td>\n<\/tr>\n<tr>\n<td width=\"32%\"><strong>CD DELIBERA INDIVIDUAZ. FIGURE INTERNE<\/strong><\/td>\n<td width=\"48%\"><a href=\"http:\/\/scuole.rimini.com\/cd6rimini.gov.it\/wp-content\/uploads\/2018\/11\/prot2977_10_4_18_Delibere_CollegioDocenti_figure_Comp_Base_Inf_Prim.pdf\">prot2977_10_4_18_Delibere_CollegioDocenti_figure_Comp_Base_Inf_Prim<\/a><\/td>\n<td width=\"18%\"><\/td>\n<\/tr>\n<tr>\n<td width=\"32%\"><strong>CD PROPOSTA CRITERI FIGURE OBBLIGATORIE<\/strong><\/td>\n<td width=\"48%\"><\/td>\n<td width=\"18%\"><\/td>\n<\/tr>\n<tr>\n<td width=\"32%\"><strong>CdC ASSUNZIONE BILANCIO<\/strong><\/td>\n<td width=\"48%\"><\/td>\n<td width=\"18%\"><\/td>\n<\/tr>\n<tr>\n<td width=\"32%\"><strong>CdC DELIBERA CRITERI FIGURE OBBLIGATORIE<\/strong><\/td>\n<td width=\"48%\"><\/td>\n<td width=\"18%\"><\/td>\n<\/tr>\n<tr>\n<td width=\"32%\"><strong>PUBBLICIZZAZIONE<\/strong><\/td>\n<td width=\"48%\"><\/td>\n<td width=\"18%\"><\/td>\n<\/tr>\n<tr>\n<td width=\"32%\"><strong>AVVISO PUBBLICO ALUNNI<\/strong><\/td>\n<td width=\"48%\"><\/td>\n<td width=\"18%\"><\/td>\n<\/tr>\n<tr>\n<td width=\"32%\"><strong>CRITERI ALUNNI<\/strong><\/td>\n<td width=\"48%\"><a href=\"http:\/\/scuole.rimini.com\/cd6rimini.gov.it\/wp-content\/uploads\/2018\/11\/prot7031_30_08_18_stralcio_CD_25_06_18_criteriALUNNI.pdf\">prot7031_30_08_18_stralcio_CD_25_06_18_criteriALUNNI<\/a><\/td>\n<td width=\"18%\"><\/td>\n<\/tr>\n<tr>\n<td width=\"32%\"><strong>\u00a0INCARICO DS e DSGA<\/strong><\/td>\n<td width=\"48%\"><a href=\"http:\/\/scuole.rimini.com\/cd6rimini.gov.it\/wp-content\/uploads\/2018\/11\/prot9806_24_10_18IncaricoDS_CompBaseInfanzia.pdf\">prot9806_24_10_18IncaricoDS_CompBaseInfanzia<br \/>\n<\/a><a href=\"http:\/\/scuole.rimini.com\/cd6rimini.gov.it\/wp-content\/uploads\/2018\/11\/prot9976_27_10_18_Incarico_DSGA_Comp_Base_Infanzia.pdf\">prot9976_27_10_18_Incarico_DSGA_Comp_Base_Infanzia<\/a><\/td>\n<td width=\"18%\"><\/td>\n<\/tr>\n<tr>\n<td width=\"32%\"><strong>\u00a0<\/strong><\/td>\n<td width=\"48%\"><\/td>\n<td width=\"18%\"><\/td>\n<\/tr>\n<\/tbody>\n<\/table>\n","protected":false},"excerpt":{"rendered":"<p>Modulo: Pluri-attivit\u00e0 per alunni di Scuola dell&#8217;Infanzia (attivit\u00e0 educative propedeutiche di pregrafismo e di precalcolo, multiculturalit\u00e0, esplorazione dell&#8217;ambiente, ecc.) ISCRIZIONE (valida dalle ore 15:00 del 19\/9\/2018 alle ore 15:00 del 19\/01\/2019) Titolo: DESTINAZIONE &#8216;GESTO GRAFICO&#8217; \/ PERCORSO DI EDUCAZIONE ALLA SCRITTURA Caratteristiche\u00a0modulo Destina tari Sede modulo Num. allievi Ore tot Periodo di attua- zione Orario&nbsp; &nbsp; <a class=\"moretag\" href=\"http:\/\/scuole.rimini.com\/cd6rimini.gov.it\/didattica\/pon-finanziati\/pon-competenze-base\/modulo-c_b_inf-destinazione-gesto-grafico\/\" title=\"Leggi l&#180;intero articolo\">&raquo;<\/a><\/p>\n","protected":false},"author":4,"featured_media":0,"parent":18196,"menu_order":0,"comment_status":"closed","ping_status":"closed","template":"","meta":[],"_links":{"self":[{"href":"http:\/\/scuole.rimini.com\/cd6rimini.gov.it\/wp-json\/wp\/v2\/pages\/18204"}],"collection":[{"href":"http:\/\/scuole.rimini.com\/cd6rimini.gov.it\/wp-json\/wp\/v2\/pages"}],"about":[{"href":"http:\/\/scuole.rimini.com\/cd6rimini.gov.it\/wp-json\/wp\/v2\/types\/page"}],"author":[{"embeddable":true,"href":"http:\/\/scuole.rimini.com\/cd6rimini.gov.it\/wp-json\/wp\/v2\/users\/4"}],"replies":[{"embeddable":true,"href":"http:\/\/scuole.rimini.com\/cd6rimini.gov.it\/wp-json\/wp\/v2\/comments?post=18204"}],"version-history":[{"count":21,"href":"http:\/\/scuole.rimini.com\/cd6rimini.gov.it\/wp-json\/wp\/v2\/pages\/18204\/revisions"}],"predecessor-version":[{"id":21086,"href":"http:\/\/scuole.rimini.com\/cd6rimini.gov.it\/wp-json\/wp\/v2\/pages\/18204\/revisions\/21086"}],"up":[{"embeddable":true,"href":"http:\/\/scuole.rimini.com\/cd6rimini.gov.it\/wp-json\/wp\/v2\/pages\/18196"}],"wp:attachment":[{"href":"http:\/\/scuole.rimini.com\/cd6rimini.gov.it\/wp-json\/wp\/v2\/media?parent=18204"}],"curies":[{"name":"wp","href":"https:\/\/api.w.org\/{rel}","templated":true}]}}