{"id":18208,"date":"2018-09-23T16:00:03","date_gmt":"2018-09-23T14:00:03","guid":{"rendered":"http:\/\/scuole.rimini.com\/cd6rimini.gov.it\/?page_id=18208"},"modified":"2018-11-25T18:04:04","modified_gmt":"2018-11-25T17:04:04","slug":"modulo-c_b_prim-giocosamente-musica","status":"publish","type":"page","link":"http:\/\/scuole.rimini.com\/cd6rimini.gov.it\/didattica\/pon-finanziati\/pon-competenze-base\/modulo-c_b_prim-giocosamente-musica\/","title":{"rendered":"Modulo C_B_Prim.: &#8220;Giocosamente&#8230; musica!&#8221;"},"content":{"rendered":"<p><b>Modulo: Lingua madre<br \/>\nTitolo: GIOCOSAMENTE&#8230; MUSICA!<\/b><\/p>\n<ul>\n<li><strong><span style=\"color: #ff0000;\"><a style=\"color: #ff0000;\" href=\"https:\/\/goo.gl\/forms\/S9yIc4NmTVnNTuod2\">ISCRIZIONE<\/a><\/span><\/strong>\u00a0(valida dalle ore 15:00 di Luned\u00ec 24\/09\/2018 alle ore 15:00 di Luned\u00ec 8\/10\/2018)<\/li>\n<li><strong><span style=\"color: #ff0000;\"><a style=\"color: #ff0000;\" href=\"http:\/\/scuole.rimini.com\/cd6rimini.gov.it\/wp-content\/uploads\/2018\/09\/AVVISO_PUBBLICO_ALUNNI-PON_Competenze-Base.pdf\">AVVISO PUBBLICO ALUNNI<\/a><\/span>\u00a0<\/strong>\u00a0<a href=\"http:\/\/scuole.rimini.com\/cd6rimini.gov.it\/wp-content\/uploads\/2018\/09\/Circolare-011-2018-09-24-apertura-iscrizioni-PON-primarie.doc\">CIRCOLARE APERTURA ISCRIZIONI<\/a><\/li>\n<\/ul>\n<p><b>Caratteristiche\u00a0modulo<\/b><\/p>\n<table class=\" aligncenter\" style=\"height: 199px;\" width=\"464\">\n<tbody>\n<tr>\n<td width=\"76\"><strong>Destina<br \/>\ntari<\/strong><\/td>\n<td width=\"78\"><strong>Sede modulo<\/strong><\/td>\n<td width=\"47\"><strong>Num.<br \/>\nallievi<\/strong><\/td>\n<td width=\"47\"><strong>Ore tot<\/strong><\/td>\n<td width=\"85\"><strong>Periodo di attua-<br \/>\nzione<\/strong><\/td>\n<td width=\"85\"><strong>Orario ipotetico<\/strong><\/td>\n<\/tr>\n<tr>\n<td width=\"76\">Secondo Ciclo<\/td>\n<td width=\"78\">VILLAGGIO<br \/>\nI MAGGIO<br \/>\n<span style=\"font-weight: 400;\">RNEE01504T<\/span><\/td>\n<td width=\"47\">20-24<\/td>\n<td width=\"47\">30<\/td>\n<td width=\"85\">Ottobre 2018 \u2013 Gennaio 2019<\/td>\n<td width=\"85\">Luned\u00ec,<br \/>\ndalle ore\u00a016:00 alle ore<br \/>\n18:00<\/td>\n<\/tr>\n<\/tbody>\n<\/table>\n<p><b>Descrizione modulo<\/b><\/p>\n<p><span style=\"font-weight: 400;\">GIOCOSAMENTE&#8230; MUSICA! Per il miglioramento delle competenze chiave degli allievi il modulo si pone i seguenti obiettivi: rafforzamento delle generali capacit\u00e0 di apprendimento degli allievi attraverso lo sviluppo di abilit\u00e0 percettive e musicali; rafforzamento delle capacit\u00e0 degli allievi di comunicazione creativa con particolare riferimento al linguaggio della musica; miglioramento, nella scuola, delle capacit\u00e0 di innovazione della didattica. Si prevede la realizzazione di percorsi didattici basati sul \u201dfare musica insieme\u201d, itinerari articolati su specifiche attivit\u00e0 laboratoriali in cui sperimentare diverse modalit\u00e0 di esecuzione vocale e\/o strumentale con utilizzo di percussioni, tastiere, metallofono, flauti&#8230; strumenti presenti nell&#8217;aula\/laboratorio musicale della scuola primaria Villaggio I Maggio. Attraverso la pratica musicale, dal gioco alla produzione di esecuzioni di gruppo, gli allievi saranno avviati all&#8217;uso del linguaggio musicale e alla scoperta dei principali elementi di tale forma di comunicazione: produttori e fruitori musicali, messaggi di senso trasmessi, fonti sonore e registri utilizzati. Il percorso, mediante l\u2019applicazione di svariate strategie di apprendimento cooperativo, promuover\u00e0 lo sviluppo delle generali abilit\u00e0 relazionali ed espressive degli allievi. Nella fase iniziale e finale del percorso ai ragazzi saranno proposte specifiche attivit\u00e0 pratiche e questionari di autobiografia cognitiva, volti ad identificare i livelli di abilit\u00e0 e conoscenze, in ambito musicale, al momento di ingresso e al termine del laboratorio seguito. La comparazione tra gli esiti registrati, consentir\u00e0 di verificare i livelli delle abilit\u00e0 e conoscenze degli alunni, nei distinti momenti monitorati, e di accertare eventuali processi di sviluppo delle competenze degli studenti. I risultati di tale comparazione\/indagine saranno comunicati ai docenti di classe degli studenti coinvolti nel progetto. Le famiglie degli alunni saranno informate degli obiettivi, finalit\u00e0, tempi e modalit\u00e0 di realizzazione del progetto durante specifiche assemblee svolte ad inizio e a conclusione del percorso attivato. Si prevede la realizzazione di un \u201cSaggio musicale\u201d finale, in cui gli studenti si esibiranno in semplici esecuzioni vocali e\/o strumentali di gruppo, al quale saranno invitati ad assistere i familiari degli alunni.<\/span><\/p>\n<p><b>Data inizio prevista Ottobre 2018<br \/>\n<\/b><b>Data fine prevista Gennaio 2019<\/b><\/p>\n<p><span style=\"font-weight: 400;\">Iscrizione privilegiata per alunni o intere classi in difficolt\u00e0, sentiti i docenti di classe, di sostegno e gli educatori&#8230; Per alunni con radici culturali di altri paesi, disturbi dell&#8217;apprendimento e dell&#8217;attenzione non certificati. disagio in campo sociale, economico\u00a0 e culturale. Difficolt\u00e0 negli apprendimenti di lingua, musica, scienze e tecnologia. Realt\u00e0 lavorative familiari intense. Tramite questionari on line pubblicizzati e proposti sul sito e nelle assemblee di classe.<br \/>\nObiettivi generali del progetto: miglioramento degli esiti degli scrutini. Adozione di metodologie didattiche attive (non istruttive) con l&#8217;integrazione di strumenti multimediali. Atelier, laboratori, classe all&#8217;aperto, compiti di realt\u00e0 che rendano gli alunni protagonisti dell&#8217;apprendimento.<\/span><\/p>\n<table width=\"100%\">\n<tbody>\n<tr>\n<td colspan=\"3\" width=\"100%\"><strong>DOCUMENTI firmati digitalmente dal DS e PROTOCOLLATI indispensabili all\u2019AVVIO dei moduli<\/strong><\/td>\n<\/tr>\n<tr>\n<td width=\"32%\"><strong>INCARICO ESPERTO<\/strong><\/td>\n<td width=\"48%\"><a href=\"http:\/\/scuole.rimini.com\/cd6rimini.gov.it\/wp-content\/uploads\/2018\/11\/prot10125_30_10_18_Incarico_Esperto_Giocosam_Musica_Comp_Base.pdf\">prot10125_30_10_18_Incarico_Esperto_Giocosam_Musica_Comp_Base<\/a><\/td>\n<td width=\"18%\"><\/td>\n<\/tr>\n<tr>\n<td width=\"32%\"><strong>INCARICO TUTOR<\/strong><\/td>\n<td width=\"48%\"><a href=\"http:\/\/scuole.rimini.com\/cd6rimini.gov.it\/wp-content\/uploads\/2018\/11\/prot10119_30_10_18_Incarico_Tutor_Musica_Comp_Base.pdf\">prot10119_30_10_18_Incarico_Tutor_Musica_Comp_Base<\/a><\/td>\n<td width=\"18%\"><\/td>\n<\/tr>\n<tr>\n<td width=\"32%\"><strong>INCARICO GESTIONE<\/strong><\/td>\n<td width=\"48%\"><\/td>\n<td width=\"18%\"><\/td>\n<\/tr>\n<tr>\n<td width=\"32%\"><strong>DELEGA GESTIONE<\/strong><\/td>\n<td width=\"48%\"><a href=\"http:\/\/scuole.rimini.com\/cd6rimini.gov.it\/wp-content\/uploads\/2018\/11\/prto9621_20_10_18Delega_Gestione_Dati_Comp_Base.pdf\">prto9621_20_10_18Delega_Gestione_Dati_Comp_Base<\/a><\/td>\n<td width=\"18%\"><\/td>\n<\/tr>\n<tr>\n<td width=\"32%\"><strong>AVVIO<\/strong><\/td>\n<td width=\"48%\"><a href=\"http:\/\/scuole.rimini.com\/cd6rimini.gov.it\/wp-content\/uploads\/2018\/11\/prot10236_Avvio_moduloMusica_Comp_base.pdf\">prot10236_Avvio_moduloMusica_Comp_base<\/a><\/td>\n<td width=\"18%\"><\/td>\n<\/tr>\n<tr>\n<td width=\"32%\"><strong>PROT E DATA AUTORIZZAZIONE<br \/>\nMIUR <\/strong><\/td>\n<td width=\"48%\"><\/td>\n<td width=\"18%\"><\/td>\n<\/tr>\n<tr>\n<td width=\"32%\"><strong>CD DELIBERA INSERIMENTO PTOF <\/strong><\/td>\n<td width=\"48%\"><\/td>\n<td width=\"18%\"><\/td>\n<\/tr>\n<tr>\n<td width=\"32%\"><strong>CD DELIBERE RICERCA FIGURE INTERNE<\/strong><\/td>\n<td width=\"48%\"><a href=\"http:\/\/scuole.rimini.com\/cd6rimini.gov.it\/wp-content\/uploads\/2018\/11\/prot2977_10_4_18_Delibere_CollegioDocenti_figure_Comp_Base_Inf_Prim.pdf\">prot2977_10_4_18_Delibere_CollegioDocenti_figure_Comp_Base_Inf_Prim<\/a><\/td>\n<td width=\"18%\"><\/td>\n<\/tr>\n<tr>\n<td width=\"32%\"><strong>CD DELIBERA INDIVIDUAZ. FIGURE INTERNE<\/strong><\/td>\n<td width=\"48%\"><a href=\"http:\/\/scuole.rimini.com\/cd6rimini.gov.it\/wp-content\/uploads\/2018\/11\/prot2977_10_4_18_Delibere_CollegioDocenti_figure_Comp_Base_Inf_Prim.pdf\">prot2977_10_4_18_Delibere_CollegioDocenti_figure_Comp_Base_Inf_Prim<\/a><\/td>\n<td width=\"18%\"><\/td>\n<\/tr>\n<tr>\n<td width=\"32%\"><strong>CD PROPOSTA CRITERI FIGURE OBBLIGATORIE<\/strong><\/td>\n<td width=\"48%\"><\/td>\n<td width=\"18%\"><\/td>\n<\/tr>\n<tr>\n<td width=\"32%\"><strong>CdC ASSUNZIONE BILANCIO<\/strong><\/td>\n<td width=\"48%\"><\/td>\n<td width=\"18%\"><\/td>\n<\/tr>\n<tr>\n<td width=\"32%\"><strong>CdC DELIBERA CRITERI FIGURE OBBLIGATORIE<\/strong><\/td>\n<td width=\"48%\"><\/td>\n<td width=\"18%\"><\/td>\n<\/tr>\n<tr>\n<td width=\"32%\"><strong>PUBBLICIZZAZIONE<\/strong><\/td>\n<td width=\"48%\"><a href=\"http:\/\/scuole.rimini.com\/cd6rimini.gov.it\/wp-content\/uploads\/2018\/11\/prot9024_9_10_18Pubblicizzazione_Comp_Base.pdf\">prot9024_9_10_18Pubblicizzazione_Comp_Base<\/a><\/td>\n<td width=\"18%\"><\/td>\n<\/tr>\n<tr>\n<td width=\"32%\"><strong>AVVISO PUBBLICO ALUNNI<\/strong><\/td>\n<td width=\"48%\"><a href=\"http:\/\/scuole.rimini.com\/cd6rimini.gov.it\/wp-content\/uploads\/2018\/11\/prot8117_21_9_18Avviso_Iscriz_Alunni_CompBase.pdf\">prot8117_21_9_18Avviso_Iscriz_Alunni_CompBase<\/a><\/td>\n<td width=\"18%\"><\/td>\n<\/tr>\n<tr>\n<td width=\"32%\"><strong>CRITERI ALUNNI<\/strong><\/td>\n<td width=\"48%\"><a href=\"http:\/\/scuole.rimini.com\/cd6rimini.gov.it\/wp-content\/uploads\/2018\/11\/prot7031_30_08_18_stralcio_CD_25_06_18_criteriALUNNI.pdf\">prot7031_30_08_18_stralcio_CD_25_06_18_criteriALUNNI<\/a><\/td>\n<td width=\"18%\"><\/td>\n<\/tr>\n<tr>\n<td width=\"32%\"><strong>\u00a0INCARICO DS e DSGA<\/strong><\/td>\n<td width=\"48%\"><a href=\"http:\/\/scuole.rimini.com\/cd6rimini.gov.it\/wp-content\/uploads\/2018\/11\/prot9805_24_10_18IncaricoDS_CompBasePrimaria.pdf\">prot9805_24_10_18IncaricoDS_CompBasePrimaria\u00a0\u00a0<\/a><br \/>\n<a href=\"http:\/\/scuole.rimini.com\/cd6rimini.gov.it\/wp-content\/uploads\/2018\/11\/prt10735_16_11_18_Incarico_gestione_DSGA_Competenze_Base.pdf\">prt10735_16_11_18_Incarico_gestione_DSGA_Competenze_Base<\/a><\/td>\n<td width=\"18%\"><\/td>\n<\/tr>\n<tr>\n<td width=\"32%\"><strong>\u00a0AVVIO<\/strong><\/td>\n<td width=\"48%\"><a href=\"http:\/\/scuole.rimini.com\/cd6rimini.gov.it\/wp-content\/uploads\/2018\/11\/prot10236_3_11_18Avvio_moduloMusica_Comp_base.pdf\">prot10236_3_11_18Avvio_moduloMusica_Comp_base<\/a><\/td>\n<td width=\"18%\"><\/td>\n<\/tr>\n<\/tbody>\n<\/table>\n","protected":false},"excerpt":{"rendered":"<p>Modulo: Lingua madre Titolo: GIOCOSAMENTE&#8230; MUSICA! ISCRIZIONE\u00a0(valida dalle ore 15:00 di Luned\u00ec 24\/09\/2018 alle ore 15:00 di Luned\u00ec 8\/10\/2018) AVVISO PUBBLICO ALUNNI\u00a0\u00a0CIRCOLARE APERTURA ISCRIZIONI Caratteristiche\u00a0modulo Destina tari Sede modulo Num. allievi Ore tot Periodo di attua- zione Orario ipotetico Secondo Ciclo VILLAGGIO I MAGGIO RNEE01504T 20-24 30 Ottobre 2018 \u2013 Gennaio 2019 Luned\u00ec, dalle ore\u00a016:00&nbsp; &nbsp; <a class=\"moretag\" href=\"http:\/\/scuole.rimini.com\/cd6rimini.gov.it\/didattica\/pon-finanziati\/pon-competenze-base\/modulo-c_b_prim-giocosamente-musica\/\" title=\"Leggi l&#180;intero articolo\">&raquo;<\/a><\/p>\n","protected":false},"author":4,"featured_media":0,"parent":18196,"menu_order":0,"comment_status":"closed","ping_status":"closed","template":"","meta":[],"_links":{"self":[{"href":"http:\/\/scuole.rimini.com\/cd6rimini.gov.it\/wp-json\/wp\/v2\/pages\/18208"}],"collection":[{"href":"http:\/\/scuole.rimini.com\/cd6rimini.gov.it\/wp-json\/wp\/v2\/pages"}],"about":[{"href":"http:\/\/scuole.rimini.com\/cd6rimini.gov.it\/wp-json\/wp\/v2\/types\/page"}],"author":[{"embeddable":true,"href":"http:\/\/scuole.rimini.com\/cd6rimini.gov.it\/wp-json\/wp\/v2\/users\/4"}],"replies":[{"embeddable":true,"href":"http:\/\/scuole.rimini.com\/cd6rimini.gov.it\/wp-json\/wp\/v2\/comments?post=18208"}],"version-history":[{"count":21,"href":"http:\/\/scuole.rimini.com\/cd6rimini.gov.it\/wp-json\/wp\/v2\/pages\/18208\/revisions"}],"predecessor-version":[{"id":20672,"href":"http:\/\/scuole.rimini.com\/cd6rimini.gov.it\/wp-json\/wp\/v2\/pages\/18208\/revisions\/20672"}],"up":[{"embeddable":true,"href":"http:\/\/scuole.rimini.com\/cd6rimini.gov.it\/wp-json\/wp\/v2\/pages\/18196"}],"wp:attachment":[{"href":"http:\/\/scuole.rimini.com\/cd6rimini.gov.it\/wp-json\/wp\/v2\/media?parent=18208"}],"curies":[{"name":"wp","href":"https:\/\/api.w.org\/{rel}","templated":true}]}}