{"id":18214,"date":"2018-09-23T16:00:58","date_gmt":"2018-09-23T14:00:58","guid":{"rendered":"http:\/\/scuole.rimini.com\/cd6rimini.gov.it\/?page_id=18214"},"modified":"2018-11-25T18:02:02","modified_gmt":"2018-11-25T17:02:02","slug":"modulo-c_b_prim-english-in-action1","status":"publish","type":"page","link":"http:\/\/scuole.rimini.com\/cd6rimini.gov.it\/didattica\/pon-finanziati\/pon-competenze-base\/modulo-c_b_prim-english-in-action1\/","title":{"rendered":"Modulo C_B_Prim.: &#8220;English in action1&#8221;"},"content":{"rendered":"<p><b>Modulo: Lingua inglese per gli allievi delle scuole primarie<br \/>\nTitolo: ENGLISH in ACTION 1<\/b><\/p>\n<ul>\n<li><strong><span style=\"color: #ff0000;\"><a style=\"color: #ff0000;\" href=\"https:\/\/goo.gl\/forms\/QDFV6R0N2KTfEcZ33\">ISCRIZIONE<\/a><\/span><\/strong>\u00a0(valida dalle ore 15:00 di Luned\u00ec 24\/09\/2018 alle ore 15:00 di Luned\u00ec 8\/10\/2018)<\/li>\n<li><strong><span style=\"color: #ff0000;\"><a style=\"color: #ff0000;\" href=\"http:\/\/scuole.rimini.com\/cd6rimini.gov.it\/wp-content\/uploads\/2018\/09\/Avviso-per-manifestazione-interesse-PON-Competenze-di-base-Primaria.pdf\">DETERMINA DI AFFIDAMENTO DIRETTO<\/a><\/span>\u00a0 \u00a0<\/strong><a href=\"http:\/\/scuole.rimini.com\/cd6rimini.gov.it\/wp-content\/uploads\/2018\/09\/AVVISO_PUBBLICO_ALUNNI-PON_Competenze-Base.pdf\">RICHIESTA PREVENTIVO<\/a><\/li>\n<li><strong><span style=\"color: #ff0000;\"><a style=\"color: #ff0000;\" href=\"http:\/\/scuole.rimini.com\/cd6rimini.gov.it\/wp-content\/uploads\/2018\/09\/AVVISO_PUBBLICO_ALUNNI-PON_Competenze-Base.pdf\">AVVISO PUBBLICO ALUNNI<\/a><\/span>\u00a0<\/strong> <a href=\"http:\/\/scuole.rimini.com\/cd6rimini.gov.it\/wp-content\/uploads\/2018\/09\/Circolare-011-2018-09-24-apertura-iscrizioni-PON-primarie.doc\">CIRCOLARE APERTURA ISCRIZIONI<\/a><\/li>\n<\/ul>\n<p><b>Caratteristiche\u00a0modulo<\/b><\/p>\n<table class=\" aligncenter\" style=\"height: 199px;\" width=\"459\">\n<tbody>\n<tr>\n<td width=\"76\"><strong>Destina<br \/>\ntari<\/strong><\/td>\n<td width=\"78\"><strong>Sede modulo<\/strong><\/td>\n<td width=\"47\"><strong>Num.<br \/>\nallievi<\/strong><\/td>\n<td width=\"47\"><strong>Ore tot<\/strong><\/td>\n<td width=\"85\"><strong>Periodo di attua-<br \/>\nzione<\/strong><\/td>\n<td width=\"85\"><strong>Orario ipotetico<\/strong><\/td>\n<\/tr>\n<tr>\n<td width=\"76\">Primo<br \/>\nCICLO<\/td>\n<td width=\"78\">CASTI<br \/>\n<span style=\"font-weight: 400;\">RNEE01502Q<\/span><\/td>\n<td width=\"47\">20-24<\/td>\n<td width=\"47\">30<\/td>\n<td width=\"85\">Ottobre 2018 \u2013 Gennaio 2019<\/td>\n<td width=\"85\">Luned\u00ec,<br \/>\ndalle ore\u00a016:00 alle ore<br \/>\n18:00<\/td>\n<\/tr>\n<\/tbody>\n<\/table>\n<p><b>Descrizione modulo<\/b><\/p>\n<p><span style=\"font-weight: 400;\">IL MODULO ENGLISH in ACTION 1 si pone i seguenti obiettivi: sviluppare le competenze linguistiche in maniera integrata e potenziare le abilit\u00e0 audio-orali di comprensione e di comunicazione in lingua per il <strong>primo ciclo<\/strong>; attivare capacit\u00e0 di produzione scritto-orale per condurre indagini, interviste, verbalizzazioni e trasmissioni di dati; incrementare le potenzialit\u00e0 di tutoraggio; ridurre lo svantaggio educativo e culturale; incentivare le abilit\u00e0 creative per allestire laboratori, scenografie, rappresentazioni teatrali; elevare le qualit\u00e0 di mediazione e condivisione interculturale della comunit\u00e0 scolastica. Nella promozione della didattica attiva si intendono utilizzare metodi quali: learning by doing and creating, tutoring and peer education, cooperative learning. Si prevede di migliorare la fruibilit\u00e0 e la diffusione dei contenuti, di accrescere negli studenti la responsabilit\u00e0 e la consapevolezza del proprio processo di apprendimento, di consolidare tecniche per imparare ad apprendere, di utilizzare le tecnologie e gli strumenti digitali come podcast, video stories, presentazioni con slides, mappe lessicali. Il percorso formativo verr\u00e0 monitorato utilizzando gli indicatori di verifica iniziali, in itinere e finali attraverso questionari di valutazione sul raggiungimento degli obiettivi, sui mezzi utilizzati, sul coinvolgimento di studenti e genitori, sulla qualit\u00e0 dell\u2019offerta formativa sperimentata.<\/span><\/p>\n<p><b>Data inizio prevista\u00a0Settembre 2018<br \/>\n<\/b><b>Data fine prevista\u00a0Gennaio 2019<\/b><\/p>\n<p><span style=\"font-weight: 400;\">Tipo Modulo Lingua inglese per gli allievi delle scuole primarie<\/span><\/p>\n<p>Allievi del primo ciclo inteso come classi 1, 2 e 3.<br \/>\nIscrizione privilegiata per alunni o intere classi in difficolt\u00e0, sentiti i docenti di classe, di sostegno e gli educatori&#8230; Per alunni con radici culturali di altri paesi, disturbi dell&#8217;apprendimento e dell&#8217;attenzione non certificati. disagio in campo sociale, economico\u00a0 e culturale. Difficolt\u00e0 negli apprendimenti di lingua, musica, scienze e tecnologia. Realt\u00e0 lavorative familiari intense. Tramite questionari on line pubblicizzati e proposti sul sito e nelle assemblee di classe.<br \/>\nObiettivi generali del progetto: miglioramento degli esiti degli scrutini. Adozione di metodologie didattiche attive (non istruttive) con l&#8217;integrazione di strumenti multimediali. Atelier, laboratori, classe all&#8217;aperto, compiti di realt\u00e0 che rendano gli alunni protagonisti dell&#8217;apprendimento.<\/p>\n<p><b>Numero ore 30<\/b><\/p>\n<table width=\"100%\">\n<tbody>\n<tr>\n<td colspan=\"3\" width=\"100%\"><strong>DOCUMENTI firmati digitalmente dal DS e PROTOCOLLATI indispensabili all\u2019AVVIO dei moduli<\/strong><\/td>\n<\/tr>\n<tr>\n<td width=\"32%\"><strong>AFFID. DIRETTO<br \/>\nINCARICO ESPERTO<\/strong><\/td>\n<td width=\"48%\"><a href=\"http:\/\/scuole.rimini.com\/cd6rimini.gov.it\/wp-content\/uploads\/2018\/11\/prot8176_21_9_18Determina_aff_dirett_inglese1_2_comp_base.pdf\">prot8176_21_9_18Determina_aff_dirett_inglese1_2_comp_base\u00a0\u00a0<\/a><br \/>\n<a href=\"http:\/\/scuole.rimini.com\/cd6rimini.gov.it\/wp-content\/uploads\/2018\/11\/prot8802_3_10_18Nomina_Commissione_valutaz_bandi_Inglese12_comp_base.pdf\">prot8802_3_10_18Nomina_Commissione_valutaz_bandi_Inglese12_comp_base<\/a><br \/>\n<a href=\"http:\/\/scuole.rimini.com\/cd6rimini.gov.it\/wp-content\/uploads\/2018\/11\/prot10657_14_11_18_Determina_a_contrarre_affidam_diretto_English1_2_Comp_Base.pdf\">prot10657_14_11_18_Determina_a_contrarre_affidam_diretto_English1_2_Comp_Base<\/a><\/td>\n<td width=\"18%\"><\/td>\n<\/tr>\n<tr>\n<td width=\"32%\"><strong>INCARICO TUTOR<\/strong><\/td>\n<td width=\"48%\"><a href=\"http:\/\/scuole.rimini.com\/cd6rimini.gov.it\/wp-content\/uploads\/2018\/11\/prot8883_5_10_18Avviso_tutor_interno_inglese1_2_comp_base.pdf\">prot8883_5_10_18Avviso_tutor_interno_inglese1_2_comp_base<\/a><\/td>\n<td width=\"18%\"><\/td>\n<\/tr>\n<tr>\n<td width=\"32%\"><strong>INCARICO GESTIONE<\/strong><\/td>\n<td width=\"48%\"><\/td>\n<td width=\"18%\"><\/td>\n<\/tr>\n<tr>\n<td width=\"32%\"><strong>DELEGA GESTIONE<\/strong><\/td>\n<td width=\"48%\"><a href=\"http:\/\/scuole.rimini.com\/cd6rimini.gov.it\/wp-content\/uploads\/2018\/11\/prto9621_20_10_18Delega_Gestione_Dati_Comp_Base.pdf\">prto9621_20_10_18Delega_Gestione_Dati_Comp_Base<\/a><\/td>\n<td width=\"18%\"><\/td>\n<\/tr>\n<tr>\n<td width=\"32%\"><strong>INCARICO VALUTATORE<\/strong><\/td>\n<td width=\"48%\"><\/td>\n<td width=\"18%\"><\/td>\n<\/tr>\n<tr>\n<td width=\"32%\"><strong>PROT E DATA AUTORIZZAZIONE<br \/>\nMIUR <\/strong><\/td>\n<td width=\"48%\"><\/td>\n<td width=\"18%\"><\/td>\n<\/tr>\n<tr>\n<td width=\"32%\"><strong>CD DELIBERA INSERIMENTO PTOF <\/strong><\/td>\n<td width=\"48%\"><\/td>\n<td width=\"18%\"><\/td>\n<\/tr>\n<tr>\n<td width=\"32%\"><strong>CD DELIBERE RICERCA FIGURE INTERNE<\/strong><\/td>\n<td width=\"48%\"><a href=\"http:\/\/scuole.rimini.com\/cd6rimini.gov.it\/wp-content\/uploads\/2018\/11\/prot2977_10_4_18_Delibere_CollegioDocenti_figure_Comp_Base_Inf_Prim.pdf\">prot2977_10_4_18_Delibere_CollegioDocenti_figure_Comp_Base_Inf_Prim<\/a><\/td>\n<td width=\"18%\"><\/td>\n<\/tr>\n<tr>\n<td width=\"32%\"><strong>CD DELIBERA INDIVIDUAZ. FIGURE INTERNE<\/strong><\/td>\n<td width=\"48%\"><a href=\"http:\/\/scuole.rimini.com\/cd6rimini.gov.it\/wp-content\/uploads\/2018\/11\/prot2977_10_4_18_Delibere_CollegioDocenti_figure_Comp_Base_Inf_Prim.pdf\">prot2977_10_4_18_Delibere_CollegioDocenti_figure_Comp_Base_Inf_Prim<\/a><\/td>\n<td width=\"18%\"><\/td>\n<\/tr>\n<tr>\n<td width=\"32%\"><strong>CD PROPOSTA CRITERI FIGURE OBBLIGATORIE<\/strong><\/td>\n<td width=\"48%\"><\/td>\n<td width=\"18%\"><\/td>\n<\/tr>\n<tr>\n<td width=\"32%\"><strong>CdC ASSUNZIONE BILANCIO<\/strong><\/td>\n<td width=\"48%\"><\/td>\n<td width=\"18%\"><\/td>\n<\/tr>\n<tr>\n<td width=\"32%\"><strong>CdC DELIBERA CRITERI FIGURE OBBLIGATORIE<\/strong><\/td>\n<td width=\"48%\"><a href=\"http:\/\/scuole.rimini.com\/cd6rimini.gov.it\/wp-content\/uploads\/2018\/11\/Delibera101CdC_Criteri_EspertiPON_13_9_18.pdf\">Delibera101CdC_Criteri_EspertiPON_13_9_18<\/a><\/td>\n<td width=\"18%\"><\/td>\n<\/tr>\n<tr>\n<td width=\"32%\"><strong>PUBBLICIZZAZIONE<\/strong><\/td>\n<td width=\"48%\"><a href=\"http:\/\/scuole.rimini.com\/cd6rimini.gov.it\/wp-content\/uploads\/2018\/11\/prot9024_9_10_18Pubblicizzazione_Comp_Base.pdf\">prot9024_9_10_18Pubblicizzazione_Comp_Base<\/a><\/td>\n<td width=\"18%\"><\/td>\n<\/tr>\n<tr>\n<td width=\"32%\"><strong>AVVISO PUBBLICO ALUNNI<\/strong><\/td>\n<td width=\"48%\"><a href=\"http:\/\/scuole.rimini.com\/cd6rimini.gov.it\/wp-content\/uploads\/2018\/11\/prot8117_21_9_18Avviso_Iscriz_Alunni_CompBase.pdf\">prot8117_21_9_18Avviso_Iscriz_Alunni_CompBase<\/a><\/td>\n<td width=\"18%\"><\/td>\n<\/tr>\n<tr>\n<td width=\"32%\"><strong>CRITERI ALUNNI<\/strong><\/td>\n<td width=\"48%\"><a href=\"http:\/\/scuole.rimini.com\/cd6rimini.gov.it\/wp-content\/uploads\/2018\/11\/prot7031_30_08_18_stralcio_CD_25_06_18_criteriALUNNI.pdf\">prot7031_30_08_18_stralcio_CD_25_06_18_criteriALUNNI<\/a><\/td>\n<td width=\"18%\"><\/td>\n<\/tr>\n<tr>\n<td width=\"32%\"><strong>\u00a0INCARICO DS<\/strong><\/td>\n<td width=\"48%\"><a href=\"http:\/\/scuole.rimini.com\/cd6rimini.gov.it\/wp-content\/uploads\/2018\/11\/prot9805_24_10_18IncaricoDS_CompBasePrimaria.pdf\">prot9805_24_10_18IncaricoDS_CompBasePrimaria<\/a><\/td>\n<td width=\"18%\"><\/td>\n<\/tr>\n<tr>\n<td width=\"32%\"><strong>\u00a0AVVIO<\/strong><\/td>\n<td width=\"48%\"><a href=\"http:\/\/scuole.rimini.com\/cd6rimini.gov.it\/wp-content\/uploads\/2018\/11\/prot10761_16_11_18_Avvio_English1.pdf\">prot10761_16_11_18_Avvio_English1<\/a><\/td>\n<td width=\"18%\"><\/td>\n<\/tr>\n<\/tbody>\n<\/table>\n","protected":false},"excerpt":{"rendered":"<p>Modulo: Lingua inglese per gli allievi delle scuole primarie Titolo: ENGLISH in ACTION 1 ISCRIZIONE\u00a0(valida dalle ore 15:00 di Luned\u00ec 24\/09\/2018 alle ore 15:00 di Luned\u00ec 8\/10\/2018) DETERMINA DI AFFIDAMENTO DIRETTO\u00a0 \u00a0RICHIESTA PREVENTIVO AVVISO PUBBLICO ALUNNI\u00a0 CIRCOLARE APERTURA ISCRIZIONI Caratteristiche\u00a0modulo Destina tari Sede modulo Num. allievi Ore tot Periodo di attua- zione Orario ipotetico Primo&nbsp; &nbsp; <a class=\"moretag\" href=\"http:\/\/scuole.rimini.com\/cd6rimini.gov.it\/didattica\/pon-finanziati\/pon-competenze-base\/modulo-c_b_prim-english-in-action1\/\" title=\"Leggi l&#180;intero articolo\">&raquo;<\/a><\/p>\n","protected":false},"author":4,"featured_media":0,"parent":18196,"menu_order":0,"comment_status":"closed","ping_status":"closed","template":"","meta":[],"_links":{"self":[{"href":"http:\/\/scuole.rimini.com\/cd6rimini.gov.it\/wp-json\/wp\/v2\/pages\/18214"}],"collection":[{"href":"http:\/\/scuole.rimini.com\/cd6rimini.gov.it\/wp-json\/wp\/v2\/pages"}],"about":[{"href":"http:\/\/scuole.rimini.com\/cd6rimini.gov.it\/wp-json\/wp\/v2\/types\/page"}],"author":[{"embeddable":true,"href":"http:\/\/scuole.rimini.com\/cd6rimini.gov.it\/wp-json\/wp\/v2\/users\/4"}],"replies":[{"embeddable":true,"href":"http:\/\/scuole.rimini.com\/cd6rimini.gov.it\/wp-json\/wp\/v2\/comments?post=18214"}],"version-history":[{"count":19,"href":"http:\/\/scuole.rimini.com\/cd6rimini.gov.it\/wp-json\/wp\/v2\/pages\/18214\/revisions"}],"predecessor-version":[{"id":20671,"href":"http:\/\/scuole.rimini.com\/cd6rimini.gov.it\/wp-json\/wp\/v2\/pages\/18214\/revisions\/20671"}],"up":[{"embeddable":true,"href":"http:\/\/scuole.rimini.com\/cd6rimini.gov.it\/wp-json\/wp\/v2\/pages\/18196"}],"wp:attachment":[{"href":"http:\/\/scuole.rimini.com\/cd6rimini.gov.it\/wp-json\/wp\/v2\/media?parent=18214"}],"curies":[{"name":"wp","href":"https:\/\/api.w.org\/{rel}","templated":true}]}}