{"id":18216,"date":"2018-09-23T16:21:54","date_gmt":"2018-09-23T14:21:54","guid":{"rendered":"http:\/\/scuole.rimini.com\/cd6rimini.gov.it\/?page_id=18216"},"modified":"2018-12-17T08:18:23","modified_gmt":"2018-12-17T07:18:23","slug":"modulo-c_b_prim-english-in-action2","status":"publish","type":"page","link":"http:\/\/scuole.rimini.com\/cd6rimini.gov.it\/didattica\/pon-finanziati\/pon-competenze-base\/modulo-c_b_prim-english-in-action2\/","title":{"rendered":"Modulo C_B_Prim.: &#8220;English in action2&#8221;"},"content":{"rendered":"<p><b>Modulo: Lingua inglese per gli allievi delle scuole primarie<br \/>\nTitolo: ENGLISH in ACTION 2<\/b><\/p>\n<ul>\n<li><strong><span style=\"color: #ff0000;\"><a style=\"color: #ff0000;\" href=\"https:\/\/goo.gl\/forms\/P8pwJZFktfNxknkc2\">ISCRIZIONE<\/a><\/span><\/strong>\u00a0(valida da Venerd\u00ec 14\/12\/2018 alle ore 12:00 di Sabato 22\/12\/2018)<\/li>\n<li><strong><span style=\"color: #ff0000;\"><a style=\"color: #ff0000;\" href=\"http:\/\/scuole.rimini.com\/cd6rimini.gov.it\/wp-content\/uploads\/2018\/09\/Avviso-per-manifestazione-interesse-PON-Competenze-di-base-Primaria.pdf\">DETERMINA DI AFFIDAMENTO DIRETTO<\/a><\/span>\u00a0 \u00a0<\/strong><a href=\"http:\/\/scuole.rimini.com\/cd6rimini.gov.it\/wp-content\/uploads\/2018\/09\/AVVISO_PUBBLICO_ALUNNI-PON_Competenze-Base.pdf\">RICHIESTA PREVENTIVO<\/a><\/li>\n<li><strong><span style=\"color: #ff0000;\"><a style=\"color: #ff0000;\" href=\"http:\/\/scuole.rimini.com\/cd6rimini.gov.it\/wp-content\/uploads\/2018\/09\/AVVISO_PUBBLICO_ALUNNI-PON_Competenze-Base.pdf\">AVVISO PUBBLICO ALUNNI<\/a><\/span>\u00a0<\/strong>\u00a0<a href=\"http:\/\/scuole.rimini.com\/cd6rimini.gov.it\/wp-content\/uploads\/2018\/09\/Circolare-011-2018-09-24-apertura-iscrizioni-PON-primarie.doc\">CIRCOLARE APERTURA ISCRIZIONI<\/a><\/li>\n<\/ul>\n<p><b>Caratteristiche\u00a0modulo<\/b><\/p>\n<table class=\" aligncenter\" style=\"height: 206px;\" width=\"464\">\n<tbody>\n<tr>\n<td width=\"76\"><strong>Destina<br \/>\ntari<\/strong><\/td>\n<td width=\"78\"><strong>Sede modulo<\/strong><\/td>\n<td width=\"47\"><strong>Num.<br \/>\nallievi<\/strong><\/td>\n<td width=\"47\"><strong>Ore tot<\/strong><\/td>\n<td width=\"85\"><strong>Periodo di attua-<br \/>\nzione<\/strong><\/td>\n<td width=\"85\"><strong>Orario ipotetico<\/strong><\/td>\n<\/tr>\n<tr>\n<td width=\"76\">Secondo ciclo<\/td>\n<td width=\"78\">CASTI<\/td>\n<td width=\"47\">20-24<\/td>\n<td width=\"47\">30<\/td>\n<td width=\"85\">Febbraio 2019 &#8211; Giugno 2019<\/td>\n<td width=\"85\">Mercoled\u00ec,<br \/>\ndalle ore\u00a016:00 alle ore<br \/>\n18:00<\/td>\n<\/tr>\n<\/tbody>\n<\/table>\n<p><b>Descrizione modulo<\/b><\/p>\n<p><span style=\"font-weight: 400;\">IL MODULO ENGLISH in ACTION 2 si pone i seguenti obiettivi: sviluppare le competenze linguistiche in maniera integrata e potenziare le abilit\u00e0 audio-orali di comprensione e di comunicazione in lingua per gli alunni delle classi 4-5; attivare capacit\u00e0 di produzione scritto-orale per condurre indagini, interviste, verbalizzazioni e trasmissioni di dati; incrementare le potenzialit\u00e0 di tutoraggio; ridurre lo svantaggio educativo e culturale; incentivare le abilit\u00e0 creative per allestire laboratori, scenografie, rappresentazioni teatrali; elevare le qualit\u00e0 di mediazione e condivisione interculturale della comunit\u00e0 scolastica. Nella promozione della didattica attiva si intendono utilizzare metodi quali: learning by doing and creating, tutoring and peer education, cooperative learning, ecc&#8230; Si prevede di migliorare la fruibilit\u00e0 e la diffusione dei contenuti, di accrescere negli studenti la responsabilit\u00e0 e la consapevolezza del proprio processo di apprendimento, di consolidare tecniche per imparare ad apprendere. Durante tutto il modulo si prevede l&#8217;utilizzo di tecnologie e strumenti digitali: podcast, video stories, presentazioni con slides, mappe lessicali. Il percorso formativo verr\u00e0 monitorato utilizzando gli indicatori di verifica iniziali, in itinere e finali attraverso questionari di valutazione sul raggiungimento degli obiettivi, sui mezzi utilizzati, sul coinvolgimento di studenti e genitori, sulla qualit\u00e0 dell\u2019offerta formativa sperimentata.<\/span><\/p>\n<p><b>Data inizio prevista Febbraio 2019<br \/>\n<\/b><b>Data fine prevista\u00a0Giugno 2019<\/b><\/p>\n<p><span style=\"font-weight: 400;\">Tipo Modulo Lingua inglese per gli allievi delle scuole primarie<\/span><\/p>\n<p><b>Sedi dove \u00e8 previsto il modulo\u00a0<\/b><span style=\"font-weight: 400;\">RNEE01502Q &#8211; CASTI<\/span><b><br \/>\n<\/b><\/p>\n<table style=\"height: 1013px;\" width=\"821\">\n<tbody>\n<tr>\n<td colspan=\"3\" width=\"100%\"><strong>DOCUMENTI firmati digitalmente dal DS e PROTOCOLLATI indispensabili all\u2019AVVIO dei moduli<\/strong><\/td>\n<\/tr>\n<tr>\n<td width=\"32%\"><strong>INCARICO ESPERTO<\/strong><\/td>\n<td width=\"48%\"><a href=\"http:\/\/scuole.rimini.com\/cd6rimini.gov.it\/wp-content\/uploads\/2018\/11\/prot8176_21_9_18Determina_aff_dirett_inglese1_2_comp_base.pdf\">prot8176_21_9_18Determina_aff_dirett_inglese1_2_comp_base<\/a><\/p>\n<p><a href=\"http:\/\/scuole.rimini.com\/cd6rimini.gov.it\/wp-content\/uploads\/2018\/11\/prot8802_3_10_18Nomina_Commissione_valutaz_bandi_Inglese12_comp_base.pdf\">prot8802_3_10_18Nomina_Commissione_valutaz_bandi_Inglese12_comp_base<\/a><\/td>\n<td width=\"18%\"><\/td>\n<\/tr>\n<tr>\n<td width=\"32%\"><strong>INCARICO TUTOR<\/strong><\/td>\n<td width=\"48%\"><a href=\"http:\/\/scuole.rimini.com\/cd6rimini.gov.it\/wp-content\/uploads\/2018\/11\/prot8883_5_10_18Avviso_tutor_interno_inglese1_2_comp_base.pdf\">prot8883_5_10_18Avviso_tutor_interno_inglese1_2_comp_base<\/a><\/td>\n<td width=\"18%\"><\/td>\n<\/tr>\n<tr>\n<td width=\"32%\"><strong>INCARICO GESTIONE<\/strong><\/td>\n<td width=\"48%\"><\/td>\n<td width=\"18%\"><\/td>\n<\/tr>\n<tr>\n<td width=\"32%\"><strong>DELEGA GESTIONE<\/strong><\/td>\n<td width=\"48%\"><a href=\"http:\/\/scuole.rimini.com\/cd6rimini.gov.it\/wp-content\/uploads\/2018\/11\/prto9621_20_10_18Delega_Gestione_Dati_Comp_Base.pdf\">prto9621_20_10_18Delega_Gestione_Dati_Comp_Base<\/a><\/td>\n<td width=\"18%\"><\/td>\n<\/tr>\n<tr>\n<td width=\"32%\"><strong>INCARICO VALUTATORE<\/strong><\/td>\n<td width=\"48%\"><\/td>\n<td width=\"18%\"><\/td>\n<\/tr>\n<tr>\n<td width=\"32%\"><strong>PROT E DATA AUTORIZZAZIONE<br \/>\nMIUR <\/strong><\/td>\n<td width=\"48%\"><\/td>\n<td width=\"18%\"><\/td>\n<\/tr>\n<tr>\n<td width=\"32%\"><strong>CD DELIBERA INSERIMENTO PTOF <\/strong><\/td>\n<td width=\"48%\"><\/td>\n<td width=\"18%\"><\/td>\n<\/tr>\n<tr>\n<td width=\"32%\"><strong>CD DELIBERE RICERCA FIGURE INTERNE<\/strong><\/td>\n<td width=\"48%\"><a href=\"http:\/\/scuole.rimini.com\/cd6rimini.gov.it\/wp-content\/uploads\/2018\/11\/prot2977_10_4_18_Delibere_CollegioDocenti_figure_Comp_Base_Inf_Prim.pdf\">prot2977_10_4_18_Delibere_CollegioDocenti_figure_Comp_Base_Inf_Prim<\/a><\/td>\n<td width=\"18%\"><\/td>\n<\/tr>\n<tr>\n<td width=\"32%\"><strong>CD DELIBERA INDIVIDUAZ. FIGURE INTERNE<\/strong><\/td>\n<td width=\"48%\"><a href=\"http:\/\/scuole.rimini.com\/cd6rimini.gov.it\/wp-content\/uploads\/2018\/11\/prot2977_10_4_18_Delibere_CollegioDocenti_figure_Comp_Base_Inf_Prim.pdf\">prot2977_10_4_18_Delibere_CollegioDocenti_figure_Comp_Base_Inf_Prim<\/a><\/td>\n<td width=\"18%\"><\/td>\n<\/tr>\n<tr>\n<td width=\"32%\"><strong>CD PROPOSTA CRITERI FIGURE OBBLIGATORIE<\/strong><\/td>\n<td width=\"48%\"><\/td>\n<td width=\"18%\"><\/td>\n<\/tr>\n<tr>\n<td width=\"32%\"><strong>CdC ASSUNZIONE BILANCIO<\/strong><\/td>\n<td width=\"48%\"><\/td>\n<td width=\"18%\"><\/td>\n<\/tr>\n<tr>\n<td width=\"32%\"><strong>CdC DELIBERA CRITERI FIGURE OBBLIGATORIE<\/strong><\/td>\n<td width=\"48%\"><\/td>\n<td width=\"18%\"><\/td>\n<\/tr>\n<tr>\n<td width=\"32%\"><strong>PUBBLICIZZAZIONE<\/strong><\/td>\n<td width=\"48%\"><a href=\"http:\/\/scuole.rimini.com\/cd6rimini.gov.it\/wp-content\/uploads\/2018\/11\/prot9024_9_10_18Pubblicizzazione_Comp_Base.pdf\">prot9024_9_10_18Pubblicizzazione_Comp_Base<\/a><\/td>\n<td width=\"18%\"><\/td>\n<\/tr>\n<tr>\n<td width=\"32%\"><strong>AVVISO PUBBLICO ALUNNI<\/strong><\/td>\n<td width=\"48%\"><a href=\"http:\/\/scuole.rimini.com\/cd6rimini.gov.it\/wp-content\/uploads\/2018\/11\/prot8117_21_9_18Avviso_Iscriz_Alunni_CompBase.pdf\">prot8117_21_9_18Avviso_Iscriz_Alunni_CompBase<\/a><\/td>\n<td width=\"18%\"><\/td>\n<\/tr>\n<tr>\n<td width=\"32%\"><strong>CRITERI ALUNNI<\/strong><\/td>\n<td width=\"48%\"><a href=\"http:\/\/scuole.rimini.com\/cd6rimini.gov.it\/wp-content\/uploads\/2018\/11\/prot7031_30_08_18_stralcio_CD_25_06_18_criteriALUNNI.pdf\">prot7031_30_08_18_stralcio_CD_25_06_18_criteriALUNNI<\/a><\/td>\n<td width=\"18%\"><\/td>\n<\/tr>\n<tr>\n<td width=\"32%\"><strong>INCARICO DS<\/strong><\/td>\n<td width=\"48%\">\n<table style=\"height: 44px;\" width=\"587\">\n<tbody>\n<tr>\n<td width=\"32%\"><strong><a href=\"http:\/\/scuole.rimini.com\/cd6rimini.gov.it\/wp-content\/uploads\/2018\/11\/prot9805_24_10_18IncaricoDS_CompBasePrimaria.pdf\">prot9805_24_10_18IncaricoDS_CompBasePrimaria<\/a><\/strong><\/td>\n<\/tr>\n<\/tbody>\n<\/table>\n<\/td>\n<td width=\"18%\"><\/td>\n<\/tr>\n<tr>\n<td width=\"32%\"><strong>\u00a0<\/strong><\/td>\n<td width=\"48%\"><\/td>\n<td width=\"18%\"><\/td>\n<\/tr>\n<\/tbody>\n<\/table>\n<p>&nbsp;<\/p>\n","protected":false},"excerpt":{"rendered":"<p>Modulo: Lingua inglese per gli allievi delle scuole primarie Titolo: ENGLISH in ACTION 2 ISCRIZIONE\u00a0(valida da Venerd\u00ec 14\/12\/2018 alle ore 12:00 di Sabato 22\/12\/2018) DETERMINA DI AFFIDAMENTO DIRETTO\u00a0 \u00a0RICHIESTA PREVENTIVO AVVISO PUBBLICO ALUNNI\u00a0\u00a0CIRCOLARE APERTURA ISCRIZIONI Caratteristiche\u00a0modulo Destina tari Sede modulo Num. allievi Ore tot Periodo di attua- zione Orario ipotetico Secondo ciclo CASTI 20-24 30&nbsp; &nbsp; <a class=\"moretag\" href=\"http:\/\/scuole.rimini.com\/cd6rimini.gov.it\/didattica\/pon-finanziati\/pon-competenze-base\/modulo-c_b_prim-english-in-action2\/\" title=\"Leggi l&#180;intero articolo\">&raquo;<\/a><\/p>\n","protected":false},"author":4,"featured_media":0,"parent":18196,"menu_order":0,"comment_status":"closed","ping_status":"closed","template":"","meta":[],"_links":{"self":[{"href":"http:\/\/scuole.rimini.com\/cd6rimini.gov.it\/wp-json\/wp\/v2\/pages\/18216"}],"collection":[{"href":"http:\/\/scuole.rimini.com\/cd6rimini.gov.it\/wp-json\/wp\/v2\/pages"}],"about":[{"href":"http:\/\/scuole.rimini.com\/cd6rimini.gov.it\/wp-json\/wp\/v2\/types\/page"}],"author":[{"embeddable":true,"href":"http:\/\/scuole.rimini.com\/cd6rimini.gov.it\/wp-json\/wp\/v2\/users\/4"}],"replies":[{"embeddable":true,"href":"http:\/\/scuole.rimini.com\/cd6rimini.gov.it\/wp-json\/wp\/v2\/comments?post=18216"}],"version-history":[{"count":15,"href":"http:\/\/scuole.rimini.com\/cd6rimini.gov.it\/wp-json\/wp\/v2\/pages\/18216\/revisions"}],"predecessor-version":[{"id":19882,"href":"http:\/\/scuole.rimini.com\/cd6rimini.gov.it\/wp-json\/wp\/v2\/pages\/18216\/revisions\/19882"}],"up":[{"embeddable":true,"href":"http:\/\/scuole.rimini.com\/cd6rimini.gov.it\/wp-json\/wp\/v2\/pages\/18196"}],"wp:attachment":[{"href":"http:\/\/scuole.rimini.com\/cd6rimini.gov.it\/wp-json\/wp\/v2\/media?parent=18216"}],"curies":[{"name":"wp","href":"https:\/\/api.w.org\/{rel}","templated":true}]}}