{"id":18809,"date":"2018-09-23T17:00:51","date_gmt":"2018-09-23T15:00:51","guid":{"rendered":"http:\/\/scuole.rimini.com\/cd6rimini.gov.it\/?page_id=18809"},"modified":"2018-12-17T08:21:32","modified_gmt":"2018-12-17T07:21:32","slug":"modulo-patrim_art_alla-scoperta-del-nostro-territorio2","status":"publish","type":"page","link":"http:\/\/scuole.rimini.com\/cd6rimini.gov.it\/didattica\/pon-finanziati\/pon-patrimonio-artistico\/modulo-patrim_art_alla-scoperta-del-nostro-territorio2\/","title":{"rendered":"Modulo Patrim_Art_&#8221;Alla scoperta del nostro territorio2&#8243;"},"content":{"rendered":"<p><strong>Alla scoperta del nostro territorio 2<\/strong><\/p>\n<ul>\n<li><strong><span style=\"color: #ff0000;\"><a style=\"color: #ff0000;\" href=\"https:\/\/goo.gl\/forms\/C6fiqS5vdA4Qbss02\">ISCRIZIONE<\/a><\/span><\/strong> <b>(valida da Gioved\u00ec\u00a0 14\/12\/2018 alle ore 12:00\u00a0di Sabato 22\/12\/2018)<\/b><\/li>\n<li style=\"margin-top: 0cm; text-align: left;\"><strong><span style=\"color: #ff0000;\"><a style=\"color: #ff0000;\" href=\"http:\/\/scuole.rimini.com\/cd6rimini.gov.it\/wp-content\/uploads\/2018\/09\/A_F1_RNDD0006_98236849Determina_alla_scoperta_territorio_1e2.pdf\">DETERMINA AFFIDAMENTO DIRETTO<\/a><\/span><\/strong>\u00a0 \u00a0<a href=\"http:\/\/scuole.rimini.com\/cd6rimini.gov.it\/wp-content\/uploads\/2018\/09\/A_F1_RNDD0006_98235289Indagine-Mercat-oalla-scoperta-territorio1e2.pdf\">INDAGINE DI MERCATO<\/a><\/li>\n<li style=\"margin-top: 0cm; text-align: left;\"><strong><span style=\"color: #ff0000;\"><a style=\"color: #ff0000;\" href=\"http:\/\/scuole.rimini.com\/cd6rimini.gov.it\/wp-content\/uploads\/2018\/09\/Circolare-008-2018-09-21-AVVISO-PUBBLICO-ALUNNI-PRIMARIA-PON-ARTISTICO.docx\">AVVISO PUBBLICO ALUNNI<\/a><\/span>\u00a0 \u00a0<\/strong><a href=\"http:\/\/scuole.rimini.com\/cd6rimini.gov.it\/wp-content\/uploads\/2018\/09\/Circolare-011-2018-09-24-apertura-iscrizioni-PON-primarie.doc\">CIRCOLARE APERTURA ISCRIZIONI<\/a><\/li>\n<\/ul>\n<p><b>Caratteristiche\u00a0modulo<\/b><\/p>\n<table class=\" aligncenter\" style=\"height: 232px;\" width=\"461\">\n<tbody>\n<tr>\n<td width=\"76\"><strong>Destina<br \/>\ntari<\/strong><\/td>\n<td width=\"78\"><strong>Sede modulo<\/strong><\/td>\n<td width=\"47\"><strong>Num.<br \/>\nallievi<\/strong><\/td>\n<td width=\"47\"><strong>Ore tot<\/strong><\/td>\n<td width=\"85\"><strong>Periodo di attua-<br \/>\nzione<\/strong><\/td>\n<td width=\"85\"><strong>Orario ipotetico<\/strong><\/td>\n<\/tr>\n<tr>\n<td width=\"76\">Primo\u00a0 ciclo Scuola Primaria<\/td>\n<td width=\"78\">GAIOFANA<\/td>\n<td width=\"47\">15-20<\/td>\n<td width=\"47\">30<\/td>\n<td width=\"85\">Febbraio<br \/>\n2019 &#8211;<br \/>\nGiugno 2019<\/td>\n<td width=\"85\">Venerd\u00ec,<br \/>\ndalle ore\u00a014:00 alle ore\u00a016:00<br \/>\n(15 lezioni)<\/td>\n<\/tr>\n<\/tbody>\n<\/table>\n<p><strong>Descrizione modulo<\/strong><\/p>\n<p>FINALIT\u00c0 La conoscenza e la valorizzazione del patrimonio paesaggistico e culturale costituiscono, anche nel nostro contesto di periferia del centro urbano, una significativa opportunit\u00e0 di aggregazione che offre varie possibilit\u00e0 e consente di dialogare e di condividere esperienze nell\u2019ottica della valorizzazione e della tutela del proprio territorio. Conoscere il patrimonio culturale del luogo in cui si vive permette di esercitare in modo pieno la cittadinanza di ciascun individuo, valorizzando la propria identit\u00e0 e l\u2019incontro con altre culture. Oltre ad essere un intreccio di relazioni umane, il territorio che ospita la comunit\u00e0 \u00e8 anche, per\u00f2, un ambiente fisico del quale va compresa l\u2019importanza e l\u2019esauribilit\u00e0 delle risorse. La nostra finalit\u00e0 \u00e8 educare creativamente e con idee originali ad un vivere \u201csostenibile\u201d che attinga dalla cultura del passato per costruire nel presente un futuro migliore. Attraverso l\u2019attuazione di laboratori all\u2019aria aperta si potr\u00e0 realizzare un percorso finalizzato a \u201cleggere\u201d, conoscere ed esplorare il nostro territorio quale strumento di accoglienza e di piena inclusione, in quanto l\u2019esercizio della cittadinanza attiva passa dalla conoscenza del contesto di vita locale, delle sue istituzioni, del suo patrimonio.<\/p>\n<p>OBIETTIVI Contribuire in modo significativo all\u2019arricchimento culturale dei bambini e, attraverso l\u2019esplorazione del territorio e del mondo della natura, incrementare la loro capacit\u00e0 di conoscere l\u2019 ambiente nel quale vivono e le sue risorse, capirne l\u2019importanza e l\u2019esauribilit\u00e0, comprendere l\u2019eredit\u00e0 artistica, storica e paesaggistica del contesto di vita, aprirsi anche ad altre culture, confrontarsi, formulare interpretazioni, utilizzare linguaggi diversi e stimolare la creativit\u00e0 alla ricerca di soluzioni originali e innovative. Offrire un prolungamento del tempo scolastico, vivendo la scuola come luogo di aggregazione sociale e culturale.<\/p>\n<p>ATTIVIT\u00c0 DIDATTICHE Attraverso l\u2019attuazione di laboratori all\u2019aria aperta si potr\u00e0 realizzare un percorso finalizzato a \u201cleggere\u201d, conoscere ed esplorare il nostro territorio quale strumento di accoglienza e di piena inclusione, in quanto l\u2019esercizio della cittadinanza attiva passa dalla conoscenza del contesto di vita locale, delle sue istituzioni, del suo patrimonio. Si allestiranno vere e proprie aule verdi nelle quali realizzare un contatto diretto e sensoriale con la natura e si avanzeranno proposte didattiche fluide e flessibili, miranti a promuovere negli alunni un sempre maggiore grado di autonomia, di creativit\u00e0 e di competenze trasversali. Le attivit\u00e0 laboratoriali saranno mirate a potenziare le peculiarit\u00e0 individuali, a sostenere tutti i bambini nell\u2019ottica di una reale e fattiva inclusione, in un processo di riavvicinamento alla natura e di costruzione di una identit\u00e0 culturale comune.<\/p>\n<p>METODOLOGIE Si allestiranno laboratori, aule didattiche all&#8217;aperto, orto destinati a gruppi eterogenei composti da alunni di classi diverse, nei quali si utilizzeranno anche metodologie attive (attivit\u00e0 di gruppo, problem solving, cooperative learning, circle time&#8230;) con la collaborazione di esperti del settore, coinvolgendo enti ed associazioni del territorio.<\/p>\n<p>RISULTATI ATTESI Affinamento delle conoscenze scientifico-ambientali, storiche, culturali e artistiche del proprio territorio. Maturazione di una maggior consapevolezza del valore del proprio ambiente e delle sue risorse, sentendosi parte attiva della comunit\u00e0 che lo abita. Incremento della capacit\u00e0 di lettura della realt\u00e0 in modo critico, ricercando soluzioni creative, rispettose dell\u2019ambiente e delle diversit\u00e0, confrontandosi anche con altre culture. Accrescimento dell&#8217;autonomia, dell&#8217;autostima e del benessere di ognuno. Miglioramento dell\u2019utilizzo degli spazi coinvolti. Coinvolgimento delle famiglie nel percorso. Prolungamento del tempo scuola. Concepimento della scuola come punto di riferimento culturale del territorio. Rinforzo dei percorsi attivati in orario scolastico.<\/p>\n<p>MODALIT\u00c0 DI VERIFICA Osservazione sistematica del coinvolgimento e della partecipazione fattiva degli alunni. Produzione di idee e di soluzioni originali e creative. Riflessioni generali, a conclusione del progetto, espresse dagli alunni in merito all\u2019esperienza vissuta.<\/p>\n<p><strong>Data inizio prevista 01\/02\/2019 Data fine prevista 15\/06\/2019\u00a0 \u00a0Numero ore 30<\/strong><\/p>\n<p>Tipo Modulo Costruzione di una proposta territoriale di turismo culturale, sociale e ambientale sostenibile<\/p>\n<p><strong>Sedi dove \u00e8 previsto il modulo <\/strong>RNEE01505V &#8211; GAIOFANA<\/p>\n<p><strong>Scheda finanziaria: <\/strong><\/p>\n<p>Base Esperto Costo ora formazione 70,00 \u20ac\/ora 2.100,00 \u20ac<br \/>\nBase Tutor Costo ora formazione 30,00 \u20ac\/ora 900,00 \u20ac<br \/>\nGestione Gestione Costo orario persona 3,47 \u20ac\/ora 15 1.561,50 \u20ac<br \/>\n<strong>TOTALE 4.561,50 \u20ac<\/strong><\/p>\n<table width=\"100%\">\n<tbody>\n<tr>\n<td colspan=\"3\" width=\"100%\"><strong>DOCUMENTI firmati digitalmente dal DS e PROTOCOLLATI indispensabili all\u2019AVVIO dei moduli<\/strong><\/td>\n<\/tr>\n<tr>\n<td width=\"32%\"><strong>INCARICO ESPERTO<\/strong><\/td>\n<td width=\"48%\"><a href=\"http:\/\/scuole.rimini.com\/cd6rimini.gov.it\/wp-content\/uploads\/2018\/11\/prot9354_16_10_18Contratto_Ippogrifo_Territorio1_2_Patrim_Art.pdf\">prot9354_16_10_18Contratto_Ippogrifo_Territorio1_2_Patrim_Art<\/a><\/p>\n<p><a href=\"http:\/\/scuole.rimini.com\/cd6rimini.gov.it\/wp-content\/uploads\/2018\/11\/prot8305_25_9_18Determina_aff_dirett_territorio1_2_patrim_artistic.pdf\">prot8305_25_9_18Determina_aff_dirett_territorio1_2_patrim_artistic<\/a><\/p>\n<p><a href=\"http:\/\/scuole.rimini.com\/cd6rimini.gov.it\/wp-content\/uploads\/2018\/11\/prot8307_25_9_18Indagine_manifest_interesse_territorio1_2_patrim_art.pdf\">prot8307_25_9_18Indagine_manifest_interesse_territorio1_2_patrim_art<\/a><\/td>\n<td width=\"18%\"><\/td>\n<\/tr>\n<tr>\n<td width=\"32%\"><strong>INCARICO TUTOR<\/strong><\/td>\n<td width=\"48%\"><a href=\"http:\/\/scuole.rimini.com\/cd6rimini.gov.it\/wp-content\/uploads\/2018\/11\/prot9328_15_10_18Incarico_tutor_territorio1_2_Patrim_art.pdf\">prot9328_15_10_18Incarico_tutor_territorio1_2_Patrim_art<\/a><\/td>\n<td width=\"18%\"><\/td>\n<\/tr>\n<tr>\n<td width=\"32%\"><strong>INCARICO GESTIONE<\/strong><\/td>\n<td width=\"48%\"><a href=\"http:\/\/scuole.rimini.com\/cd6rimini.gov.it\/wp-content\/uploads\/2018\/11\/prot9292_15_10_18Incarico_Supporto_gestione_Patrim_Art.pdf\">prot9292_15_10_18Incarico_Supporto_gestione_Patrim_Art<\/a><\/td>\n<td width=\"18%\"><\/td>\n<\/tr>\n<tr>\n<td width=\"32%\"><strong>DELEGA GESTIONE<\/strong><\/td>\n<td width=\"48%\"><a href=\"http:\/\/scuole.rimini.com\/cd6rimini.gov.it\/wp-content\/uploads\/2018\/11\/prot9540_19_10_18Delega_gestione_Dati_Patrim_Art_.pdf\">prot9540_19_10_18Delega_gestione_Dati_Patrim_Art_<\/a><\/td>\n<td width=\"18%\"><\/td>\n<\/tr>\n<tr>\n<td width=\"32%\"><\/td>\n<td width=\"48%\"><\/td>\n<td width=\"18%\"><\/td>\n<\/tr>\n<tr>\n<td width=\"32%\"><strong>AUTORIZZAZIONE\u00a0MIUR <\/strong><\/td>\n<td width=\"48%\"><\/td>\n<td width=\"18%\"><\/td>\n<\/tr>\n<tr>\n<td width=\"32%\"><strong>CD DELIBERA INSERIMENTO PTOF <\/strong><\/td>\n<td width=\"48%\"><\/td>\n<td width=\"18%\"><\/td>\n<\/tr>\n<tr>\n<td width=\"32%\"><strong>CD DELIBERE RICERCA FIGURE INTERNE<\/strong><\/td>\n<td width=\"48%\"><\/td>\n<td width=\"18%\"><\/td>\n<\/tr>\n<tr>\n<td width=\"32%\"><strong>CD DELIBERA INDIVIDUAZ. FIGURE INTERNE<\/strong><\/td>\n<td width=\"48%\"><\/td>\n<td width=\"18%\"><\/td>\n<\/tr>\n<tr>\n<td width=\"32%\"><strong>CD PROPOSTA CRITERI FIGURE OBBLIGATORIE<\/strong><\/td>\n<td width=\"48%\"><\/td>\n<td width=\"18%\"><\/td>\n<\/tr>\n<tr>\n<td width=\"32%\"><strong>CdC ASSUNZIONE BILANCIO<\/strong><\/td>\n<td width=\"48%\"><\/td>\n<td width=\"18%\"><\/td>\n<\/tr>\n<tr>\n<td width=\"32%\"><strong>CdC DELIBERA CRITERI FIGURE OBBLIGATORIE<\/strong><\/td>\n<td width=\"48%\"><a href=\"http:\/\/scuole.rimini.com\/cd6rimini.gov.it\/wp-content\/uploads\/2018\/11\/Delibera101CdC_Criteri_EspertiPON_13_9_18.pdf\">Delibera101CdC_Criteri_EspertiPON_13_9_18<\/a><\/td>\n<td width=\"18%\"><\/td>\n<\/tr>\n<tr>\n<td width=\"32%\"><strong>PUBBLICIZZAZIONE<\/strong><\/td>\n<td width=\"48%\"><a href=\"http:\/\/scuole.rimini.com\/cd6rimini.gov.it\/wp-content\/uploads\/2018\/11\/prot9023_9_10_18Pubblicizzazione_Patrim_art-1.pdf\">prot9023_9_10_18Pubblicizzazione_Patrim_art<\/a><\/td>\n<td width=\"18%\"><\/td>\n<\/tr>\n<tr>\n<td width=\"32%\"><strong>AVVISO PUBBLICO ALUNNI<\/strong><\/td>\n<td width=\"48%\"><a href=\"http:\/\/scuole.rimini.com\/cd6rimini.gov.it\/wp-content\/uploads\/2018\/11\/prot8175_21_9_18Avviso_Iscriz_Alunni_Patrim_Art.pdf\">prot8175_21_9_18Avviso_Iscriz_Alunni_Patrim_Art<\/a><\/td>\n<td width=\"18%\"><\/td>\n<\/tr>\n<tr>\n<td width=\"32%\"><strong>CRITERI ALUNNI<\/strong><\/td>\n<td width=\"48%\"><\/td>\n<td width=\"18%\"><\/td>\n<\/tr>\n<tr>\n<td width=\"32%\"><strong>\u00a0INCARICO DS<\/strong><\/td>\n<td width=\"48%\"><a href=\"http:\/\/scuole.rimini.com\/cd6rimini.gov.it\/wp-content\/uploads\/2018\/11\/prot9830_25_10_18_IncaricoDS_PAtrim_Art.pdf\">prot9830_25_10_18_IncaricoDS_PAtrim_Art<\/a>\u00a0<strong>\u00a0<\/strong><\/td>\n<td width=\"18%\"><\/td>\n<\/tr>\n<tr>\n<td width=\"32%\"><strong>\u00a0<\/strong><\/td>\n<td width=\"48%\"><\/td>\n<td width=\"18%\"><\/td>\n<\/tr>\n<\/tbody>\n<\/table>\n<p>&nbsp;<\/p>\n","protected":false},"excerpt":{"rendered":"<p>Alla scoperta del nostro territorio 2 ISCRIZIONE (valida da Gioved\u00ec\u00a0 14\/12\/2018 alle ore 12:00\u00a0di Sabato 22\/12\/2018) DETERMINA AFFIDAMENTO DIRETTO\u00a0 \u00a0INDAGINE DI MERCATO AVVISO PUBBLICO ALUNNI\u00a0 \u00a0CIRCOLARE APERTURA ISCRIZIONI Caratteristiche\u00a0modulo Destina tari Sede modulo Num. allievi Ore tot Periodo di attua- zione Orario ipotetico Primo\u00a0 ciclo Scuola Primaria GAIOFANA 15-20 30 Febbraio 2019 &#8211; Giugno 2019&nbsp; &nbsp; <a class=\"moretag\" href=\"http:\/\/scuole.rimini.com\/cd6rimini.gov.it\/didattica\/pon-finanziati\/pon-patrimonio-artistico\/modulo-patrim_art_alla-scoperta-del-nostro-territorio2\/\" title=\"Leggi l&#180;intero articolo\">&raquo;<\/a><\/p>\n","protected":false},"author":4,"featured_media":0,"parent":18802,"menu_order":1,"comment_status":"closed","ping_status":"closed","template":"","meta":[],"_links":{"self":[{"href":"http:\/\/scuole.rimini.com\/cd6rimini.gov.it\/wp-json\/wp\/v2\/pages\/18809"}],"collection":[{"href":"http:\/\/scuole.rimini.com\/cd6rimini.gov.it\/wp-json\/wp\/v2\/pages"}],"about":[{"href":"http:\/\/scuole.rimini.com\/cd6rimini.gov.it\/wp-json\/wp\/v2\/types\/page"}],"author":[{"embeddable":true,"href":"http:\/\/scuole.rimini.com\/cd6rimini.gov.it\/wp-json\/wp\/v2\/users\/4"}],"replies":[{"embeddable":true,"href":"http:\/\/scuole.rimini.com\/cd6rimini.gov.it\/wp-json\/wp\/v2\/comments?post=18809"}],"version-history":[{"count":13,"href":"http:\/\/scuole.rimini.com\/cd6rimini.gov.it\/wp-json\/wp\/v2\/pages\/18809\/revisions"}],"predecessor-version":[{"id":19865,"href":"http:\/\/scuole.rimini.com\/cd6rimini.gov.it\/wp-json\/wp\/v2\/pages\/18809\/revisions\/19865"}],"up":[{"embeddable":true,"href":"http:\/\/scuole.rimini.com\/cd6rimini.gov.it\/wp-json\/wp\/v2\/pages\/18802"}],"wp:attachment":[{"href":"http:\/\/scuole.rimini.com\/cd6rimini.gov.it\/wp-json\/wp\/v2\/media?parent=18809"}],"curies":[{"name":"wp","href":"https:\/\/api.w.org\/{rel}","templated":true}]}}