{"id":18891,"date":"2018-09-23T18:00:12","date_gmt":"2018-09-23T16:00:12","guid":{"rendered":"http:\/\/scuole.rimini.com\/cd6rimini.gov.it\/?page_id=18891"},"modified":"2018-11-10T17:57:01","modified_gmt":"2018-11-10T16:57:01","slug":"modulo_cittad_globale-pronti-partenza-sport1","status":"publish","type":"page","link":"http:\/\/scuole.rimini.com\/cd6rimini.gov.it\/didattica\/pon-finanziati\/pon-cittadinanza-globale\/modulo_cittad_globale-pronti-partenza-sport1\/","title":{"rendered":"Modulo_Cittad_Globale: &#8220;Pronti, partenza, sport1!&#8221;"},"content":{"rendered":"<p><span style=\"font-weight: 400;\"><b>Titolo\u00a0modulo:\u00a0<\/b> PRONTI, PARTENZA&#8230; SPORT 1!<strong><br \/>\n<\/strong><\/span><\/p>\n<p><b><a href=\"https:\/\/goo.gl\/forms\/58b0U2iWNsztKNzS2\"><span style=\"color: #ff0000;\">ISCRIZIONE<\/span><\/a>\u00a0(valida dalle ore 15:00 di Luned\u00ec 24\/9\/2018 alle ore 15:00\u00a0di Luned\u00ec 8\/10\/2018)<\/b><b><br \/>\n<\/b><\/p>\n<p><b>Caratteristiche\u00a0modulo<br \/>\n<\/b><\/p>\n<table class=\" aligncenter\" style=\"height: 223px;\" width=\"657\">\n<tbody>\n<tr>\n<td width=\"137\"><\/td>\n<td width=\"76\"><strong>Destina<br \/>\ntari<\/strong><\/td>\n<td width=\"78\"><strong>Sede modulo<\/strong><\/td>\n<td width=\"47\"><strong>Num.<br \/>\nallievi<\/strong><\/td>\n<td width=\"47\"><strong>Ore tot<\/strong><\/td>\n<td width=\"85\"><strong>Periodo di attua-<br \/>\nzione<\/strong><\/td>\n<td width=\"85\"><strong>Orario ipotetico<\/strong><\/td>\n<td width=\"94\"><\/td>\n<\/tr>\n<tr>\n<td width=\"137\"><\/td>\n<td width=\"76\">Primo ciclo<br \/>\n(1^ e 2^)<\/td>\n<td width=\"78\">Villaggio<br \/>\nI Maggio<\/td>\n<td width=\"47\">20<\/td>\n<td width=\"47\">30<\/td>\n<td width=\"85\">Ottobre<br \/>\n2018-<br \/>\nGennaio<br \/>\n2019<\/td>\n<td width=\"85\">Gioved\u00ec, dalle ore 16:00 alle ore 18:00<br \/>\n(15 lezioni)<\/td>\n<td width=\"94\"><\/td>\n<\/tr>\n<\/tbody>\n<\/table>\n<p style=\"text-align: left;\"><b>Descrizione modulo<\/b><\/p>\n<p><span style=\"font-weight: 400;\">PRONTI, PARTENZA&#8230; SPORT! Condividiamo buone abitudini ed esperienze di educazione.<\/span><\/p>\n<p><span style=\"font-weight: 400;\"> Finalit\u00e0 primaria \u00e8 il coinvolgimento di tutti i bambini e le loro famiglie, affinch\u00e9 sostengano e facciano proprie il progetto educativo sul corretto stile di vita proposto dalla scuola, attraverso percorsi paralleli e trasversali di educazione fisica e non. Il progetto nasce per rispondere ad una nuova esigenza territoriale, in una nuova zona in forte espansione, che vede la scuola come agenzia cardine insieme alla parrocchia nell\u2019educazione dei bambini. <\/span><\/p>\n<p><span style=\"font-weight: 400;\">FINALITA\u2019 Costruire un raccordo tra le attivit\u00e0 motorie svolte in orario curricolare e quelle extrascolastiche realizzate in orario pomeridiano, in un\u2019ottica di continuit\u00e0 dei metodi e dei principi educativi; Promuovere un nuovo approccio all\u2019educazione sportiva e motoria; Costruire un sistema integrato educativo-sportivo che collega ed interconnette la realt\u00e0 scolastica e quella familiare; Prevedere corsi di formazione per qualificare l\u2019intervento di educazione fisica dei docenti di classe. OBIETTIVI Educare ad un corretto e sano sviluppo psico-fisico; Sviluppare la capacit\u00e0 di affrontare le difficolt\u00e0 e la consapevolezza delle proprie possibilit\u00e0; Soddisfare le esigenze di gioco e di movimento in un clima collaborativo e cooperativo; Offrire un prolungamento del tempo scuola, con attivit\u00e0 sportive; Rinforzare percorsi attivati in orario scolastico; Contribuire alla formazione delle insegnanti per un effettivo potenziamento dell\u2019educazione fisica nella scuola; Avallare proposte sportive gestite e condotte da genitori con competenze specifiche; Coinvolgere direttamente alunni e adulti che altrimenti non svolgerebbero attivit\u00e0 sportiva. AZIONI: Minivolley due incontri alla settimana. Destinatari: alunni della scuola primaria (primo ciclo). Il Minivolley \u00e8 un gioco sport di situazione nel quale confluiscono e si amalgamano gli schemi motori statici e dinamici, le capacit\u00e0 condizionali, le capacit\u00e0 coordinative, gli aspetti della sfera cognitiva e quelli emozionali. Essi concorrono tutti a conseguire nuove abilit\u00e0 motorie e a determinare il comportamento motorio-relazionale che rappresenta una delle forme di espressione di comunicazione della personalit\u00e0 dell\u2019allievo. METODOLOGIE UTILIZZATE: attivit\u00e0 dinamica in palestra con istruttore federale. RISULTATI ATTESI: Possibilit\u00e0 di prolungare il tempo scuola degli alunni; Rinforzare percorsi attivati in orario scolastico, in continuit\u00e0 con i progetti: dinamicaMENTE e Aule Verdi gi\u00e0 avviati nell\u2019a.s. 2014\/2015; Coinvolgere direttamente alunni che altrimenti non svolgerebbero attivit\u00e0 sportiva; Arricchire il patrimonio motorio dei bambini. MODALITA\u2019 DI VERIFICA: la verifica avverr\u00e0 in itinere ed a conclusione del progetto. Attraverso un coinvolgimento diretto di bambini e genitori, in una o pi\u00f9 lezioni aperte, si vuol infondere una nuova cultura del benessere visto come movimento.<\/span><\/p>\n<p><b>Data inizio prevista 01\/10\/2018<\/b><\/p>\n<p><b>Data fine prevista 31\/01\/2019<\/b><\/p>\n<p><span style=\"font-weight: 400;\">Tipo Modulo Benessere, corretti stili di vita, educazione motoria e sport<\/span><\/p>\n<p><i><\/i><b>Sedi dove \u00e8 previsto il modulo<\/b><\/p>\n<p><span style=\"font-weight: 400;\">RNEE01504T &#8211; Villaggio<\/span><\/p>\n<p><span style=\"font-weight: 400;\">Numero destinatari 20 Allievi (Primaria primo ciclo)<\/span><\/p>\n<p><b>Numero ore 30<\/b><\/p>\n<p><b>Scheda dei costi del modulo: PRONTI, PARTENZA&#8230; SPORT 1!<\/b><\/p>\n<p><span style=\"font-weight: 400;\">Base Esperto Costo ora formazione 70,00 \u20ac\/ora 2.100,00 \u20ac<\/span><\/p>\n<p><span style=\"font-weight: 400;\">Base Tutor Costo ora formazione 30,00 \u20ac\/ora 900,00 \u20ac<\/span><\/p>\n<p><span style=\"font-weight: 400;\">Opzionali Figura aggiuntiva Costo partecipante 30,00 \u20ac\/alunno 20 600,00 \u20ac<\/span><\/p>\n<p><span style=\"font-weight: 400;\">Gestione Gestione Costo orario persona 3,47 \u20ac\/ora 20 2.082,00 \u20ac<\/span><\/p>\n<p><b>TOTALE 5.682,00 \u20ac<\/b><\/p>\n<table width=\"100%\">\n<tbody>\n<tr>\n<td colspan=\"3\" width=\"100%\"><strong>DOCUMENTI firmati digitalmente dal DS e PROTOCOLLATI indispensabili all\u2019AVVIO dei moduli<\/strong><\/td>\n<\/tr>\n<tr>\n<td width=\"32%\"><strong>INCARICO ESPERTO<\/strong><\/td>\n<td width=\"48%\"><\/td>\n<td width=\"18%\"><\/td>\n<\/tr>\n<tr>\n<td width=\"32%\"><strong>INCARICO TUTOR<\/strong><\/td>\n<td width=\"48%\"><\/td>\n<td width=\"18%\"><\/td>\n<\/tr>\n<tr>\n<td width=\"32%\"><strong>INCARICO GESTIONE<\/strong><\/td>\n<td width=\"48%\"><\/td>\n<td width=\"18%\"><\/td>\n<\/tr>\n<tr>\n<td width=\"32%\"><strong>DELEGA GESTIONE<\/strong><\/td>\n<td width=\"48%\"><\/td>\n<td width=\"18%\"><\/td>\n<\/tr>\n<tr>\n<td width=\"32%\"><strong>INCARICO VALUTATORE<\/strong><\/td>\n<td width=\"48%\"><\/td>\n<td width=\"18%\"><\/td>\n<\/tr>\n<tr>\n<td width=\"32%\"><strong>AVVIO<\/strong><\/td>\n<td width=\"48%\"><\/td>\n<td width=\"18%\"><\/td>\n<\/tr>\n<tr>\n<td width=\"32%\"><strong>PROT E DATA AUTORIZZAZIONE<br \/>\nMIUR <\/strong><\/td>\n<td width=\"48%\"><\/td>\n<td width=\"18%\"><\/td>\n<\/tr>\n<tr>\n<td width=\"32%\"><strong>CD DELIBERA INSERIMENTO PTOF <\/strong><\/td>\n<td width=\"48%\"><\/td>\n<td width=\"18%\"><\/td>\n<\/tr>\n<tr>\n<td width=\"32%\"><strong>CD DELIBERE RICERCA FIGURE INTERNE<\/strong><\/td>\n<td width=\"48%\"><\/td>\n<td width=\"18%\"><\/td>\n<\/tr>\n<tr>\n<td width=\"32%\"><strong>CD DELIBERA INDIVIDUAZ. FIGURE INTERNE<\/strong><\/td>\n<td width=\"48%\"><\/td>\n<td width=\"18%\"><\/td>\n<\/tr>\n<tr>\n<td width=\"32%\"><strong>CD PROPOSTA CRITERI FIGURE OBBLIGATORIE<\/strong><\/td>\n<td width=\"48%\"><\/td>\n<td width=\"18%\"><\/td>\n<\/tr>\n<tr>\n<td width=\"32%\"><strong>CdC ASSUNZIONE BILANCIO<\/strong><\/td>\n<td width=\"48%\"><a href=\"http:\/\/scuole.rimini.com\/cd6rimini.gov.it\/wp-content\/uploads\/2018\/11\/Delibera97CdC_Assunzione_Bilancio_Cittad_Globale_13_09_18.pdf\">Delibera97CdC_Assunzione_Bilancio_Cittad_Globale_13_09_18<\/a><\/td>\n<td width=\"18%\"><\/td>\n<\/tr>\n<tr>\n<td width=\"32%\"><strong>CdC DELIBERA CRITERI FIGURE OBBLIGATORIE<\/strong><\/td>\n<td width=\"48%\"><\/td>\n<td width=\"18%\"><\/td>\n<\/tr>\n<tr>\n<td width=\"32%\"><strong>PUBBLICIZZAZIONE<\/strong><\/td>\n<td width=\"48%\"><a href=\"http:\/\/scuole.rimini.com\/cd6rimini.gov.it\/wp-content\/uploads\/2018\/11\/prot8690_1_10_18_Pubblicizzazione_Cittad_Global.pdf\">prot8690_1_10_18_Pubblicizzazione_Cittad_Global<\/a><\/td>\n<td width=\"18%\"><\/td>\n<\/tr>\n<tr>\n<td width=\"32%\"><strong>AVVISO PUBBLICO ALUNNI<\/strong><\/td>\n<td width=\"48%\"><a href=\"http:\/\/scuole.rimini.com\/cd6rimini.gov.it\/wp-content\/uploads\/2018\/11\/prot8223_22_9_18_Avviso_Iscriz_Alunni_CittadGLob.pdf\">prot8223_22_9_18_Avviso_Iscriz_Alunni_CittadGLob<\/a><\/td>\n<td width=\"18%\"><\/td>\n<\/tr>\n<tr>\n<td width=\"32%\"><strong>CRITERI ALUNNI<\/strong><\/td>\n<td width=\"48%\"><\/td>\n<td width=\"18%\"><\/td>\n<\/tr>\n<tr>\n<td width=\"32%\"><strong>\u00a0RINUNCIA FIG AGG<\/strong><\/td>\n<td width=\"48%\"><a href=\"http:\/\/scuole.rimini.com\/cd6rimini.gov.it\/wp-content\/uploads\/2018\/11\/prot10537_10_11_18Rinuncia_Fig_Aggiuntiva_Sport1_Cittad_Globale.pdf\">prot10537_10_11_18Rinuncia_Fig_Aggiuntiva_Sport1_Cittad_Globale<\/a><\/td>\n<td width=\"18%\"><\/td>\n<\/tr>\n<tr>\n<td width=\"32%\"><strong>\u00a0<\/strong><\/td>\n<td width=\"48%\"><\/td>\n<td width=\"18%\"><\/td>\n<\/tr>\n<\/tbody>\n<\/table>\n","protected":false},"excerpt":{"rendered":"<p>Titolo\u00a0modulo:\u00a0 PRONTI, PARTENZA&#8230; SPORT 1! ISCRIZIONE\u00a0(valida dalle ore 15:00 di Luned\u00ec 24\/9\/2018 alle ore 15:00\u00a0di Luned\u00ec 8\/10\/2018) Caratteristiche\u00a0modulo Destina tari Sede modulo Num. allievi Ore tot Periodo di attua- zione Orario ipotetico Primo ciclo (1^ e 2^) Villaggio I Maggio 20 30 Ottobre 2018- Gennaio 2019 Gioved\u00ec, dalle ore 16:00 alle ore 18:00 (15 lezioni)&nbsp; &nbsp; <a class=\"moretag\" href=\"http:\/\/scuole.rimini.com\/cd6rimini.gov.it\/didattica\/pon-finanziati\/pon-cittadinanza-globale\/modulo_cittad_globale-pronti-partenza-sport1\/\" title=\"Leggi l&#180;intero articolo\">&raquo;<\/a><\/p>\n","protected":false},"author":4,"featured_media":0,"parent":18804,"menu_order":0,"comment_status":"closed","ping_status":"closed","template":"","meta":[],"_links":{"self":[{"href":"http:\/\/scuole.rimini.com\/cd6rimini.gov.it\/wp-json\/wp\/v2\/pages\/18891"}],"collection":[{"href":"http:\/\/scuole.rimini.com\/cd6rimini.gov.it\/wp-json\/wp\/v2\/pages"}],"about":[{"href":"http:\/\/scuole.rimini.com\/cd6rimini.gov.it\/wp-json\/wp\/v2\/types\/page"}],"author":[{"embeddable":true,"href":"http:\/\/scuole.rimini.com\/cd6rimini.gov.it\/wp-json\/wp\/v2\/users\/4"}],"replies":[{"embeddable":true,"href":"http:\/\/scuole.rimini.com\/cd6rimini.gov.it\/wp-json\/wp\/v2\/comments?post=18891"}],"version-history":[{"count":13,"href":"http:\/\/scuole.rimini.com\/cd6rimini.gov.it\/wp-json\/wp\/v2\/pages\/18891\/revisions"}],"predecessor-version":[{"id":20458,"href":"http:\/\/scuole.rimini.com\/cd6rimini.gov.it\/wp-json\/wp\/v2\/pages\/18891\/revisions\/20458"}],"up":[{"embeddable":true,"href":"http:\/\/scuole.rimini.com\/cd6rimini.gov.it\/wp-json\/wp\/v2\/pages\/18804"}],"wp:attachment":[{"href":"http:\/\/scuole.rimini.com\/cd6rimini.gov.it\/wp-json\/wp\/v2\/media?parent=18891"}],"curies":[{"name":"wp","href":"https:\/\/api.w.org\/{rel}","templated":true}]}}