{"id":22389,"date":"2019-12-11T21:50:58","date_gmt":"2019-12-11T20:50:58","guid":{"rendered":"http:\/\/scuole.rimini.com\/cd6rimini.gov.it\/?page_id=22389"},"modified":"2019-12-22T22:59:15","modified_gmt":"2019-12-22T21:59:15","slug":"arte-e-creativita","status":"publish","type":"page","link":"http:\/\/scuole.rimini.com\/cd6rimini.gov.it\/didattica\/progetti-per-lampliamento-dellofferta-formativa\/arte-e-creativita\/","title":{"rendered":"Arte e Creativit\u00e0"},"content":{"rendered":"<h1><strong>Destinatari del progetto<\/strong><\/h1>\n<p>Alunni delle scuole dell\u2019infanzia e delle scuole primarie del Circolo Didattico 6 Rimini. Nelle schede delle azioni specifiche saranno indicate le sezioni della scuole dell\u2019infanzia e le classi delle scuole primarie in esse coinvolte.<\/p>\n<h1><strong>Durata del progetto<\/strong><\/h1>\n<p>Di norma il progetto si svolge durante l\u2019intero arco dell\u2019anno scolastico. Le specifiche azioni in cui esso si articola potranno avere durate inferiori all\u2019anno scolastico e per esse si rinvia alle specifiche schede allegate.<\/p>\n<h1><strong>Descrizione del progetto e delle modalit\u00e0 in cui pu\u00f2 essere sviluppato<\/strong><\/h1>\n<p>Il Progetto prevede azioni da svolgersi all&#8217;interno della scuola ed altre azioni da concretizzare attraverso la collaborazione con enti e associazioni esterne. Si potrebbero attivare interventi di esperti di fotografia, di mosaico, arti grafiche e pittoriche utilizzando anche risorse di personale interne. Eventualmente saranno presi accordi con enti del territorio quali musei, biblioteche o edifici storici per visite guidate e laboratori didattici. Saranno prese in considerazione proposte di associazioni che con il loro interventi vadano ad integrare le discipline o i campi di esperienza.<\/p>\n<h1><strong>Finalit\u00e0 del progetto<\/strong><\/h1>\n<p>Il Progetto tende a sviluppare la creativit\u00e0 e la progettualit\u00e0 cooperativa, permettendo agli alunni di esprimersi con un linguaggio non convenzionale attraverso il quale far emergere il proprio vissuto interiore, le proprie emozioni e la propria dimensione affettiva sviluppando il pensiero divergente. Consente di acquisire la consapevolezza della possibilit\u00e0, per ciascuno, di essere artefice e non solo fruitore dell\u2019opera d\u2019arte. Le attivit\u00e0 potenzieranno la socializzazione e il processo di integrazione\/inclusione.<\/p>\n<h1><strong>Inserimento del progetto all\u2019interno del contesto in cui opera la scuola cos\u00ec come descritto nel <a href=\"https:\/\/cercalatuascuola.istruzione.it\/cercalatuascuola\/istituti\/RNEE01500N\/circolo-didattico-rimini\/valutazione\/sintesi\/\" target=\"_blank\" rel=\"noopener\">R.A.V. (Rapporto di autovalutazione)<\/a><\/strong><\/h1>\n<p>I bambini provenienti da famiglie culturalmente svantaggiate e\/o straniere avranno la possibilit\u00e0 di esprimersi attraverso un linguaggio non codificato e di conoscere l\u2019arte e la storia che offre il territorio. L\u2019offerta dovr\u00e0 prevedere l\u2019inclusione di alunni in situazioni di disabilit\u00e0 realizzando azioni in cui possano esprimere le proprie potenzialit\u00e0.<\/p>\n<h1><strong>Possibili effetti positivi del progetto in riferimento agli esiti degli alunni, cos\u00ec come descritti nel <a href=\"https:\/\/cercalatuascuola.istruzione.it\/cercalatuascuola\/istituti\/RNEE01500N\/circolo-didattico-rimini\/valutazione\/sintesi\/\" target=\"_blank\" rel=\"noopener\">R.A.V.<\/a><\/strong><\/h1>\n<p>Il Progetto ha carattere interdisciplinare, mira ad incrementare le competenze in ogni ambito del sapere, per cui ci si attende un aumento degli esiti nei seguenti ambiti:<\/p>\n<ul>\n<li>Educazione all\u2019immagine<\/li>\n<li>Lingua Italiana<\/li>\n<li>Tecnologia<\/li>\n<li>Geometria<\/li>\n<li>Educazione Fisica<\/li>\n<\/ul>\n<p>Inoltre, nella scuola d\u2019Infanzia il Progetto andr\u00e0 ad incidere sul potenziamento di tutti i Campi d\u2019esperienza:<\/p>\n<ul>\n<li>Linguaggi, creativit\u00e0 ed espressione<\/li>\n<li>Il s\u00e9 e l\u2019altro<\/li>\n<li>Il corpo e il movimento<\/li>\n<li>I discorsi e le parole<\/li>\n<li>Conoscenza del mondo<\/li>\n<\/ul>\n<p>Per quanto riguarda le Competenze Chiave europee, il Progetto si inserisce nella competenza numero 8 e tende a sviluppare la Consapevolezza e l\u2019espressione culturale: ci si aspetta che gli alunni imparino a riconoscere il valore e le potenzialit\u00e0 dei beni artistici e ambientali, per una loro corretta fruizione e valorizzazione e che comincino a stabilire collegamenti tra le tradizioni culturali locali, nazionali ed internazionali.<\/p>\n<p>Il Progetto invita anche a partecipare attivamente, apportando il proprio contributo personale, a reperire, organizzare e utilizzare informazioni\u00a0da fonti diverse per assolvere un determinato compito, cos\u00ec come richiamato dalla Competenza \u201cImparare ad imparare\u201d.<\/p>\n<p>Verranno oltre a ci\u00f2 implementate le Competenze digitali con il fine di utilizzare e produrre strumenti di comunicazione visiva e multimediale, anche con riferimento alle strategie espressive e agli strumenti tecnici della comunicazione in rete.<\/p>\n<h1>Pratiche educative e didattiche, come descritte nel <a style=\"font-weight: bold;\" href=\"https:\/\/cercalatuascuola.istruzione.it\/cercalatuascuola\/istituti\/RNEE01500N\/circolo-didattico-rimini\/valutazione\/sintesi\/\" target=\"_blank\" rel=\"noopener\">R.A.V.<\/a>, all&#8217;interno\u00a0delle quali il progetto si inserisce<\/h1>\n<p>Il Progetto si inserisce nelle pratiche educative e didattiche, nel curricolo come disciplina, nella progettazione e nella valutazione delle attivit\u00e0.<\/p>\n<p>Mira a creare un ambiente di apprendimento inclusivo, dove ciascuno pu\u00f2 esprimersi emotivamente e in modo libero senza sentirsi giudicato. Nelle attivit\u00e0 artistiche, inoltre pu\u00f2 emergere pi\u00f9 intensamente la componente affettiva e relazionale.<\/p>\n<p>Il Progetto rende attuabili relazioni positive e collaborative all&#8217;interno del team di insegnanti e si inserisce in tutte le attivit\u00e0 di continuit\u00e0 sia con le scuole dell\u2019Infanzia che con le scuole secondarie di primo grado.<\/p>\n<h1>Eventuali connessioni del progetto all&#8217;interno\u00a0del <a style=\"font-weight: bold;\" href=\"https:\/\/cercalatuascuola.istruzione.it\/cercalatuascuola\/istituti\/RNEE01500N\/circolo-didattico-rimini\/ptof\/naviga\/\" target=\"_blank\" rel=\"noopener\">P.d.M (Piano di Miglioramento)<\/a><\/h1>\n<p>Il Progetto favorisce l\u2019apprendimento collaborativo, il cooperative learning e promuove attivit\u00e0 didattiche laboratoriali, metodologie didattiche attive e un ambiente di apprendimento strutturato. Facilita la realizzazione e la condivisione \u00a0tra insegnanti di percorsi didattici alternativi volti al recupero degli alunni in difficolt\u00e0.<\/p>\n<h1>Azioni con le quali \u00e8 stato implementato il progetto nell&#8217;anno scolastico 2019-2020<\/h1>\n<table style=\"height: 317px;\" width=\"789\">\n<tbody>\n<tr>\n<td rowspan=\"5\" width=\"118\"><em>\u00a0<\/em><\/p>\n<p style=\"text-align: center;\"><em>ARTE E CREATIVIT\u00c0<\/em><\/p>\n<p style=\"text-align: center;\">\n<\/td>\n<td style=\"text-align: center;\" width=\"38\">\n<p style=\"text-align: center;\"><strong>N\u00b0<\/strong><\/p>\n<\/td>\n<td style=\"text-align: center;\" width=\"166\"><strong>Azione<\/strong><\/td>\n<td style=\"text-align: center;\" width=\"108\"><strong>Plessi<\/strong><\/td>\n<td style=\"text-align: center;\" width=\"117\"><strong>Classi\/sezioni<\/strong><\/td>\n<td style=\"text-align: center;\" width=\"122\">\n<p style=\"text-align: center;\"><strong>Esperto<\/strong><\/p>\n<\/td>\n<\/tr>\n<tr>\n<td rowspan=\"2\" width=\"38\">\n<p style=\"text-align: center;\">1<\/p>\n<\/td>\n<td style=\"text-align: center;\" rowspan=\"2\" width=\"166\">Pensare, fare, stare bene insieme con creativit\u00e0<\/td>\n<td style=\"text-align: center;\" width=\"108\">Rodari<\/td>\n<td style=\"text-align: center;\" rowspan=\"2\" width=\"117\">Tutte<\/td>\n<td rowspan=\"2\" width=\"122\">\n<p style=\"text-align: center;\">Giuseppe Pecci<\/p>\n<\/td>\n<\/tr>\n<tr>\n<td width=\"108\">\n<p style=\"text-align: center;\">Capriola<\/p>\n<\/td>\n<\/tr>\n<tr>\n<td width=\"38\">2<\/td>\n<td width=\"166\">\n<p style=\"text-align: center;\">I creattivi<\/p>\n<\/td>\n<td style=\"text-align: center;\" width=\"108\">Gaiofana<\/td>\n<td style=\"text-align: center;\" width=\"117\">Tutte<\/td>\n<td width=\"122\">\n<p style=\"text-align: center;\">Giuseppe Pecci<\/p>\n<\/td>\n<\/tr>\n<tr>\n<td style=\"text-align: center;\" width=\"38\">3<\/td>\n<td style=\"text-align: center;\" width=\"166\">Laboratoriamo con la mente e con le mani<\/td>\n<td style=\"text-align: center;\" width=\"108\">Gabbianella<\/td>\n<td style=\"text-align: center;\" width=\"117\">Tutte<\/td>\n<td width=\"122\">\n<p style=\"text-align: center;\">Associazione Zaffiria<\/p>\n<\/td>\n<\/tr>\n<\/tbody>\n<\/table>\n<h1>Frammenti di vita della scuola connessi alla realizzazione di questo progetto<\/h1>\n<ul>\n<li><em>( &#8230;link alla pagina del sito dedicata a raccogliere gli articoli aventi come categoria quella connessa a questo progetto)<\/em><\/li>\n<\/ul>\n","protected":false},"excerpt":{"rendered":"<p>Destinatari del progetto Alunni delle scuole dell\u2019infanzia e delle scuole primarie del Circolo Didattico 6 Rimini. Nelle schede delle azioni specifiche saranno indicate le sezioni della scuole dell\u2019infanzia e le classi delle scuole primarie in esse coinvolte. Durata del progetto Di norma il progetto si svolge durante l\u2019intero arco dell\u2019anno scolastico. Le specifiche azioni in&nbsp; &nbsp; <a class=\"moretag\" href=\"http:\/\/scuole.rimini.com\/cd6rimini.gov.it\/didattica\/progetti-per-lampliamento-dellofferta-formativa\/arte-e-creativita\/\" title=\"Leggi l&#180;intero articolo\">&raquo;<\/a><\/p>\n","protected":false},"author":1,"featured_media":0,"parent":22384,"menu_order":0,"comment_status":"closed","ping_status":"closed","template":"","meta":[],"_links":{"self":[{"href":"http:\/\/scuole.rimini.com\/cd6rimini.gov.it\/wp-json\/wp\/v2\/pages\/22389"}],"collection":[{"href":"http:\/\/scuole.rimini.com\/cd6rimini.gov.it\/wp-json\/wp\/v2\/pages"}],"about":[{"href":"http:\/\/scuole.rimini.com\/cd6rimini.gov.it\/wp-json\/wp\/v2\/types\/page"}],"author":[{"embeddable":true,"href":"http:\/\/scuole.rimini.com\/cd6rimini.gov.it\/wp-json\/wp\/v2\/users\/1"}],"replies":[{"embeddable":true,"href":"http:\/\/scuole.rimini.com\/cd6rimini.gov.it\/wp-json\/wp\/v2\/comments?post=22389"}],"version-history":[{"count":12,"href":"http:\/\/scuole.rimini.com\/cd6rimini.gov.it\/wp-json\/wp\/v2\/pages\/22389\/revisions"}],"predecessor-version":[{"id":22703,"href":"http:\/\/scuole.rimini.com\/cd6rimini.gov.it\/wp-json\/wp\/v2\/pages\/22389\/revisions\/22703"}],"up":[{"embeddable":true,"href":"http:\/\/scuole.rimini.com\/cd6rimini.gov.it\/wp-json\/wp\/v2\/pages\/22384"}],"wp:attachment":[{"href":"http:\/\/scuole.rimini.com\/cd6rimini.gov.it\/wp-json\/wp\/v2\/media?parent=22389"}],"curies":[{"name":"wp","href":"https:\/\/api.w.org\/{rel}","templated":true}]}}