{"id":22398,"date":"2019-12-11T21:57:24","date_gmt":"2019-12-11T20:57:24","guid":{"rendered":"http:\/\/scuole.rimini.com\/cd6rimini.gov.it\/?page_id=22398"},"modified":"2019-12-22T23:05:05","modified_gmt":"2019-12-22T22:05:05","slug":"cresciamo-insieme-supporto-alla-genitorialita-e-alla-funzione-docente","status":"publish","type":"page","link":"http:\/\/scuole.rimini.com\/cd6rimini.gov.it\/didattica\/progetti-per-lampliamento-dellofferta-formativa\/cresciamo-insieme-supporto-alla-genitorialita-e-alla-funzione-docente\/","title":{"rendered":"Cresciamo insieme: supporto alla genitorialit\u00e0 e alla funzione docente"},"content":{"rendered":"<h1><strong>Destinatari del progetto<\/strong><\/h1>\n<p>Genitori e insegnanti degli alunni delle scuole dell\u2019infanzia e delle scuole primarie del Circolo Didattico 6 Rimini.<\/p>\n<h1><strong>Durata del progetto<\/strong><\/h1>\n<p>Di norma il progetto si svolge durante l\u2019intero arco dell\u2019anno scolastico. Le specifiche azioni in cui esso si articola potranno avere durate inferiori all\u2019anno scolastico e per esse si rinvia alle specifiche schede allegate.<\/p>\n<h1><strong>Descrizione del progetto e delle modalit\u00e0 in cui pu\u00f2 essere sviluppato<\/strong><\/h1>\n<p>Interventi pensati in relazione alle esigenze e alle problematiche della realt\u00e0 vissuta dai protagonisti della relazione educativa.<\/p>\n<p>Sportello psicologico di supporto alle famiglie e alle insegnanti.<\/p>\n<p>Laboratorio sulle competenze meta fonologiche rivolto ai bambini dell\u2019ultimo anno della scuola dell\u2019infanzia; laboratorio di potenziamento linguistico rivolto agli alunni di classe 1^ e 2^ della scuola primaria. Entrambi i laboratori prevedono l\u2019intervento di un esperto in materia (logopedista)<\/p>\n<p>Spazio dedicato a:<\/p>\n<ul>\n<li>Momenti di confronto su tematiche educative;<\/li>\n<li>Conferenze con specialisti su argomenti che siano da supporto agli adulti nel rapporto educativo.<\/li>\n<\/ul>\n<h1><strong>Finalit\u00e0 del progetto<\/strong><\/h1>\n<ul>\n<li>Creare percorsi che rispondano alle esigenze, alle difficolt\u00e0 di famiglie e docenti per sostenerli nel processo educativo dei loro bambini anche in riferimento alle nuove problematiche legate all\u2019uso del digitale.<\/li>\n<li>Fornire supporto psicologico a famiglie e insegnanti.<\/li>\n<li>Offrire uno spazio dove i genitori e insegnanti possano confrontarsi e riflettere per migliorare le relazioni tra adulti e bambini.<\/li>\n<li>Predisporre strumenti adeguati alla comprensione e all&#8217;individuazione di strategie di intervento in ordine a particolari situazioni-problema.<\/li>\n<\/ul>\n<h1><strong>Inserimento del progetto all\u2019interno del contesto in cui opera la scuola cos\u00ec come descritto nel <a href=\"https:\/\/cercalatuascuola.istruzione.it\/cercalatuascuola\/istituti\/RNEE01500N\/circolo-didattico-rimini\/valutazione\/sintesi\/\" target=\"_blank\" rel=\"noopener\">R.A.V. (Rapporto di autovalutazione)<\/a><\/strong><\/h1>\n<p><em>POPOLAZIONE SCOLASTICA<\/em><\/p>\n<p><em>\u00a0<\/em><em>Il progetto si inserisce in modo particolare all&#8217;interno\u00a0delle caratteristiche derivanti da:<\/em><\/p>\n<ul>\n<li><em>contesto socio-economico di provenienza degli alunni;<\/em><\/li>\n<li><em>popolazione studentesca (difficolt\u00e0 linguistiche, disturbi evolutivi ecc.)<\/em><\/li>\n<li><em>rapporto alunni-insegnante e famiglie.<\/em><\/li>\n<\/ul>\n<p><em>TERRITORIO E CAPITALE SOCIALE<\/em><\/p>\n<p><em>Le azioni contemplate dal progetto\u00a0 prevedono:<\/em><\/p>\n<ul>\n<li><em>Risorse e competenze presenti nel territorio interne ed esterne alla scuola <\/em><\/li>\n<\/ul>\n<p><em>\u00a0<\/em><em>RISORSE ECONOMICHE E MATERIALI<\/em><em>\u00a0<\/em><\/p>\n<ul>\n<li><em>risorse economiche disponibili<\/em><\/li>\n<li><em>caratteristiche delle strutture delle scuole e degli spazi e delle dotazioni presenti<\/em><\/li>\n<\/ul>\n<p><em>RISORSE PROFESSIONALI<\/em><\/p>\n<p><em>competenze professionali e i titoli posseduti dai docenti<\/em><\/p>\n<h1><strong>Possibili effetti positivi del progetto in riferimento agli esiti degli alunni, cos\u00ec come descritti nel <a href=\"https:\/\/cercalatuascuola.istruzione.it\/cercalatuascuola\/istituti\/RNEE01500N\/circolo-didattico-rimini\/valutazione\/sintesi\/\" target=\"_blank\" rel=\"noopener\">R.A.V.<\/a><\/strong><\/h1>\n<p><em>Argomentare i possibili effetti positivi che ci si attende che il progetto abbia in riferimento agli esiti degli alunni per ridurre i \u201cpunti di debolezza\u201d e\/o accrescere i \u201cpunti di forza\u201d. Prendere in considerazione uno o pi\u00f9 dei seguenti esiti:<\/em><\/p>\n<ul>\n<li><em>Risultati Scolastici in termini positivi<\/em>\n<ul>\n<li><em>Eventuali non ammissioni a classi successive<\/em><\/li>\n<li><em>Distribuzione degli alunni per fasce di voto<\/em><\/li>\n<li><em>Richieste di trasferimenti in altre scuole<\/em><\/li>\n<\/ul>\n<\/li>\n<li><em>Risultati nelle prove standardizzate nazionali<\/em>\n<ul>\n<li><em>Risultati raggiunti<\/em><\/li>\n<li><em>Differenze con scuole aventi lo stesso contesto socio-economico<\/em><\/li>\n<li><em>Distribuzione degli alunni nei diversi livelli<\/em><\/li>\n<li><em>Effetto attribuibile alla scuola sui risultati degli apprendimenti<\/em><\/li>\n<\/ul>\n<\/li>\n<li><em>Competenze chiave europee<\/em>\n<ul>\n<li><em>Allo sviluppo di quali competenze chiave europee il progetto pu\u00f2 contribuire maggiormente<\/em>\n<ul>\n<li><em>competenze sociali e civiche (rispetto di s\u00e9 e degli altri, rispetto di regole condivise, ecc.)<\/em><\/li>\n<li><em>competenze digitali (capacit\u00e0 di valutare le informazioni disponibili in rete, capacit\u00e0 di gestire i propri profili on line, capacit\u00e0 di comunicare efficacemente con gli altri a distanza, ecc.)<\/em><\/li>\n<li><em>strategie per imparare ad apprendere (capacit\u00e0 di schematizzare e sintetizzare, ricerca autonoma di informazioni, ecc.)<\/em><\/li>\n<li><em>abilit\u00e0 adeguate allo sviluppo dello spirito di iniziativa e imprenditorialit\u00e0 (progettazione, senso di responsabilit\u00e0, collaborazione, ecc.)<\/em><\/li>\n<\/ul>\n<\/li>\n<\/ul>\n<\/li>\n<\/ul>\n<h1>Pratiche educative e didattiche, come descritte nel <a style=\"font-weight: bold;\" href=\"https:\/\/cercalatuascuola.istruzione.it\/cercalatuascuola\/istituti\/RNEE01500N\/circolo-didattico-rimini\/valutazione\/sintesi\/\" target=\"_blank\" rel=\"noopener\">R.A.V.<\/a>, all&#8217;interno\u00a0delle quali il progetto si inserisce<\/h1>\n<p><em>Descrivere all&#8217;interno\u00a0di quali delle seguenti \u201cpratiche educative e didattiche\u201d e \u201cPratiche gestionali e organizzative\u201d si inserisce il progetto e in che modo.<\/em><\/p>\n<p><strong><em>Pratiche educative e didattiche <\/em><\/strong><\/p>\n<ul>\n<li><em>Curricolo, progettazione e valutazione<\/em><\/li>\n<li><em>Ambiente di apprendimento (dimensione organizzativa e dimensione relazionale)<\/em><\/li>\n<li><em>Inclusione e differenziazione (inclusione, recupero e potenziamento) attraverso laboratori e collaborazione con esperti<\/em><\/li>\n<li><em>Continuit\u00e0 e orientamento<\/em><\/li>\n<\/ul>\n<p><strong><em>Pratiche gestionali e organizzative<\/em><\/strong><\/p>\n<ul>\n<li><em>Missione e visione della scuola<\/em><\/li>\n<li><em>Organizzazione delle risorse umane<\/em><\/li>\n<li><em>Valorizzazione delle competenze<\/em><\/li>\n<li><em>Collaborazione tra insegnanti<\/em><\/li>\n<li>Integrazione con il territorio e rapporti con le famiglie<\/li>\n<\/ul>\n<h1>Eventuali connessioni del progetto all&#8217;interno\u00a0del <a style=\"font-weight: bold;\" href=\"https:\/\/cercalatuascuola.istruzione.it\/cercalatuascuola\/istituti\/RNEE01500N\/circolo-didattico-rimini\/ptof\/naviga\/\" target=\"_blank\" rel=\"noopener\">P.d.M (Piano di Miglioramento)<\/a><\/h1>\n<p><em>Il progetto persegue priorit\u00e0 e traguardi relativi alle competenze di Cittadinanza, con particolare riferimento alla collaborazione Scuola-famiglia (vedi Patto di corresponsabilit\u00e0)<\/em> Obiettivo di processo: Favorire la partecipazione attiva, il coinvolgimento e la collaborazione delle famiglie alle iniziative intraprese dalla scuola.<\/p>\n<h1>Azioni con le quali \u00e8 stato implementato il progetto nell&#8217;anno scolastico 2019-2020<\/h1>\n<table style=\"height: 320px;\" width=\"792\">\n<tbody>\n<tr>\n<td rowspan=\"5\" width=\"138\">\n<p style=\"text-align: center;\"><em>CRESCIAMO INSIEME: SUPPORTO ALLA GENITORIALIT\u00c0 E ALLA FUNZIONE DOCENTE<\/em><\/p>\n<\/td>\n<td style=\"text-align: center;\" width=\"38\"><strong>N\u00b0<\/strong><\/td>\n<td style=\"text-align: center;\" width=\"166\"><strong>Azione<\/strong><\/td>\n<td style=\"text-align: center;\" width=\"102\"><strong>Plessi<\/strong><\/td>\n<td style=\"text-align: center;\" width=\"125\"><strong>Classi\/sezioni<\/strong><\/td>\n<td style=\"text-align: center;\" width=\"122\"><strong>Esperto<\/strong><\/td>\n<\/tr>\n<tr>\n<td width=\"38\">\n<p style=\"text-align: center;\">1<\/p>\n<\/td>\n<td style=\"text-align: center;\" width=\"166\">\n<p style=\"text-align: center;\">Sportello di ascolto scolastico<\/p>\n<\/td>\n<td style=\"text-align: center;\" width=\"102\">Tutti<\/td>\n<td style=\"text-align: center;\" width=\"125\">Tutti<\/td>\n<td style=\"text-align: center;\" width=\"122\">Elisa Lucchi<\/td>\n<\/tr>\n<tr>\n<td width=\"38\">\n<p style=\"text-align: center;\">2<\/p>\n<\/td>\n<td width=\"166\">\n<p style=\"text-align: center;\">Anche io imparo<\/p>\n<\/td>\n<td style=\"text-align: center;\" width=\"102\">Infanzia<\/td>\n<td style=\"text-align: center;\" width=\"125\">Tutti<\/td>\n<td width=\"122\">\n<p style=\"text-align: center;\">Elisa Tosi<\/p>\n<\/td>\n<\/tr>\n<tr>\n<td style=\"text-align: center;\" rowspan=\"2\" width=\"38\">\n<p style=\"text-align: center;\">3<\/p>\n<\/td>\n<td style=\"text-align: center;\" rowspan=\"2\" width=\"166\">Infanzia a colori<\/td>\n<td style=\"text-align: center;\" width=\"102\">Infanzia<\/td>\n<td width=\"125\">\n<p style=\"text-align: center;\">Tutte<\/p>\n<\/td>\n<td rowspan=\"2\" width=\"122\">Esperti AUSL<\/td>\n<\/tr>\n<tr>\n<td style=\"text-align: center;\" width=\"102\">Primaria<\/td>\n<td width=\"125\">\n<p style=\"text-align: center;\">A scelta<\/p>\n<\/td>\n<\/tr>\n<\/tbody>\n<\/table>\n<p>&nbsp;<\/p>\n<h1>Frammenti di vita della scuola connessi alla realizzazione di questo progetto<\/h1>\n<ul>\n<li><em>( &#8230;link alla pagina del sito dedicata a raccogliere gli articoli aventi come categoria quella connessa a questo progetto)<\/em><\/li>\n<\/ul>\n","protected":false},"excerpt":{"rendered":"<p>Destinatari del progetto Genitori e insegnanti degli alunni delle scuole dell\u2019infanzia e delle scuole primarie del Circolo Didattico 6 Rimini. Durata del progetto Di norma il progetto si svolge durante l\u2019intero arco dell\u2019anno scolastico. Le specifiche azioni in cui esso si articola potranno avere durate inferiori all\u2019anno scolastico e per esse si rinvia alle specifiche&nbsp; &nbsp; <a class=\"moretag\" href=\"http:\/\/scuole.rimini.com\/cd6rimini.gov.it\/didattica\/progetti-per-lampliamento-dellofferta-formativa\/cresciamo-insieme-supporto-alla-genitorialita-e-alla-funzione-docente\/\" title=\"Leggi l&#180;intero articolo\">&raquo;<\/a><\/p>\n","protected":false},"author":1,"featured_media":0,"parent":22384,"menu_order":0,"comment_status":"closed","ping_status":"closed","template":"","meta":[],"_links":{"self":[{"href":"http:\/\/scuole.rimini.com\/cd6rimini.gov.it\/wp-json\/wp\/v2\/pages\/22398"}],"collection":[{"href":"http:\/\/scuole.rimini.com\/cd6rimini.gov.it\/wp-json\/wp\/v2\/pages"}],"about":[{"href":"http:\/\/scuole.rimini.com\/cd6rimini.gov.it\/wp-json\/wp\/v2\/types\/page"}],"author":[{"embeddable":true,"href":"http:\/\/scuole.rimini.com\/cd6rimini.gov.it\/wp-json\/wp\/v2\/users\/1"}],"replies":[{"embeddable":true,"href":"http:\/\/scuole.rimini.com\/cd6rimini.gov.it\/wp-json\/wp\/v2\/comments?post=22398"}],"version-history":[{"count":12,"href":"http:\/\/scuole.rimini.com\/cd6rimini.gov.it\/wp-json\/wp\/v2\/pages\/22398\/revisions"}],"predecessor-version":[{"id":22707,"href":"http:\/\/scuole.rimini.com\/cd6rimini.gov.it\/wp-json\/wp\/v2\/pages\/22398\/revisions\/22707"}],"up":[{"embeddable":true,"href":"http:\/\/scuole.rimini.com\/cd6rimini.gov.it\/wp-json\/wp\/v2\/pages\/22384"}],"wp:attachment":[{"href":"http:\/\/scuole.rimini.com\/cd6rimini.gov.it\/wp-json\/wp\/v2\/media?parent=22398"}],"curies":[{"name":"wp","href":"https:\/\/api.w.org\/{rel}","templated":true}]}}