{"id":22413,"date":"2019-12-11T22:06:50","date_gmt":"2019-12-11T21:06:50","guid":{"rendered":"http:\/\/scuole.rimini.com\/cd6rimini.gov.it\/?page_id=22413"},"modified":"2019-12-22T23:13:24","modified_gmt":"2019-12-22T22:13:24","slug":"mi-sento-sicuro","status":"publish","type":"page","link":"http:\/\/scuole.rimini.com\/cd6rimini.gov.it\/didattica\/progetti-per-lampliamento-dellofferta-formativa\/mi-sento-sicuro\/","title":{"rendered":"Mi sento Sicuro"},"content":{"rendered":"<h1><strong>Destinatari del progetto<\/strong><\/h1>\n<p>Alunni delle scuole dell\u2019infanzia e delle scuole primarie del Circolo Didattico 6 Rimini.<\/p>\n<h1><strong>Durata del progetto<\/strong><\/h1>\n<p>Il progetto si svolge durante l\u2019intero arco dell\u2019anno scolastico.<\/p>\n<h1><strong>Descrizione del progetto e delle modalit\u00e0 in cui pu\u00f2 essere sviluppato<\/strong><\/h1>\n<p>Il progetto si propone la promozione della cultura della sicurezza, intesa come elemento fondamentale e trasversale a tutte le discipline del percorso scolastico e verr\u00e0 attuato con la collaborazione di Enti che operano sul territorio, quali i Carabinieri, la Polizia, i Vigili del Fuoco, la Capitaneria di Porto, l\u2019ACI e il 118. I singoli incontri con esperti verranno implementati da percorsi didattici di maggior durata, che coinvolgeranno gli studenti in veri e propri percorsi educativi interdisciplinari.<\/p>\n<h1><strong>Finalit\u00e0 del progetto<\/strong><\/h1>\n<p>Il fine \u00e8 quello di favorire l\u2019adozione di comportamenti idonei ad affrontare le situazioni di rischio e l\u2019acquisizione di un corretto stile di vita da parte degli alunni.<\/p>\n<p>In particolare il progetto persegue le seguenti finalit\u00e0:<\/p>\n<p>&#8211; Promuovere un sapere per la vita.<\/p>\n<p>&#8211; Promuovere l\u2019acquisizione di una maggior consapevolezza dei propri vissuti emozionali in situazioni di emergenza, sviluppando comportamenti di solidariet\u00e0, collaborazione e autocontrollo.<\/p>\n<p>&#8211; Promuovere la coscienza del rischio quale elemento della vita quotidiana delle persone e individuare una strategia funzionale alla sua riduzione attraverso la progettazione di interventi informativi e formativi strutturati per il mondo della scuola e realizzati prima che gli eventi accadano.<\/p>\n<p>&#8211; Trasmettere la conoscenza della vulnerabilit\u00e0 dell\u2019ambiente fisico e costruito (in senso non tecnico).<\/p>\n<p>&#8211; Scoprire le regole che devono guidare i comportamenti, stimolare l\u2019acquisizione di comportamenti individuali e sociali positivi per ridurre il rischio.<\/p>\n<p>&#8211; Promuovere l\u2019apprendimento dei concetti chiave sul tema terremoto, utilizzando lo strumento educativo come risorsa preventiva efficace per la riduzione del rischio.<\/p>\n<p>&#8211; Favorire l\u2019apprendimento dei comportamenti \u201cdi sicurezza\u201d, da attivare durante un\u2019emergenza sismica o di altro tipo, nell&#8217;ambito dei quattro contesti vicini all&#8217;esperienza dei bambini: a scuola, in casa, al parco, in strada.<\/p>\n<h1><strong>Inserimento del progetto all\u2019interno del contesto in cui opera la scuola cos\u00ec come descritto nel <a href=\"https:\/\/cercalatuascuola.istruzione.it\/cercalatuascuola\/istituti\/RNEE01500N\/circolo-didattico-rimini\/valutazione\/sintesi\/\" target=\"_blank\" rel=\"noopener\">R.A.V. (Rapporto di autovalutazione)<\/a><\/strong><\/h1>\n<p>Il progetto si inserisce all&#8217;interno del contesto in cui opera la scuola in riferimento ai seguenti punti:<\/p>\n<ul>\n<li>il \u201cTerritorio e il capitale sociale\u201d\n<ul>\n<li><strong>Peculiarit\u00e0 del territorio<\/strong>: essendo il nostro territorio \u201czona sismica\u201d, si rende necessario educare e formare gli studenti sulle giuste pratiche da tenere in caso di terremoti.<\/li>\n<li><strong>Eventuali contributi da parte degli Enti locali<\/strong>: gli Enti locali presenti sul territorio metteranno a disposizione del circolo didattico le loro competenze nei diversi ambiti di intervento.<\/li>\n<\/ul>\n<\/li>\n<li>Le \u201cRisorse professionali\u201d<\/li>\n<\/ul>\n<p><strong>Competenze professionali e i titoli posseduti dai docenti<\/strong>: i docenti debitamente formati istruiranno gli alunni sulle norme e le procedure di sicurezza.<\/p>\n<h1><strong>Possibili effetti positivi del progetto in riferimento agli esiti degli alunni, cos\u00ec come descritti nel <a href=\"https:\/\/cercalatuascuola.istruzione.it\/cercalatuascuola\/istituti\/RNEE01500N\/circolo-didattico-rimini\/valutazione\/sintesi\/\" target=\"_blank\" rel=\"noopener\">R.A.V.<\/a><\/strong><\/h1>\n<p>Ci si attende che il progetto miri a raggiungere i seguenti effetti positivi:<\/p>\n<ul>\n<li>Competenze chiave europee\n<ul>\n<li>Competenze sociali e civiche (rispetto di s\u00e9 e degli altri, rispetto di regole condivise, ecc.)<\/li>\n<li>Competenze digitali (capacit\u00e0 di valutare le informazioni disponibili in rete, capacit\u00e0 di gestire i propri profili on line, capacit\u00e0 di comunicare efficacemente con gli altri a distanza, ecc.)<\/li>\n<\/ul>\n<\/li>\n<\/ul>\n<h1>Pratiche educative e didattiche, come descritte nel <a style=\"font-weight: bold;\" href=\"https:\/\/cercalatuascuola.istruzione.it\/cercalatuascuola\/istituti\/RNEE01500N\/circolo-didattico-rimini\/valutazione\/sintesi\/\" target=\"_blank\" rel=\"noopener\">R.A.V.<\/a>, all&#8217;interno\u00a0delle quali il progetto si inserisce<\/h1>\n<p>Il progetto si inserisce all&#8217;interno delle seguenti pratiche educative e didattiche e pratiche gestionali e organizzative<\/p>\n<ul>\n<li>Pratiche educative e didattiche\n<ul>\n<li>Ambiente di apprendimento (dimensione organizzativa e dimensione relazionale)<\/li>\n<li>Inclusione e differenziazione (inclusione, recupero e potenziamento)<\/li>\n<\/ul>\n<\/li>\n<li>Pratiche gestionali e organizzative\n<ul>\n<li>Collaborazione tra insegnanti<\/li>\n<\/ul>\n<\/li>\n<\/ul>\n<p>Integrazione con il territorio e rapporti con le famiglie<\/p>\n<h1><strong>Eventuali connessioni del progetto all\u2019interno del <a href=\"https:\/\/cercalatuascuola.istruzione.it\/cercalatuascuola\/istituti\/RNEE01500N\/circolo-didattico-rimini\/ptof\/naviga\/\" target=\"_blank\" rel=\"noopener\">P.d.M (Piano di Miglioramento)<\/a><\/strong><\/h1>\n<p><strong>Priorit\u00e0 1<\/strong><\/p>\n<ul>\n<li>Sviluppare i livelli di competenze chiave e di cittadinanza degli studenti. Sviluppare i livelli di competenze civiche, sociali e personali.<\/li>\n<\/ul>\n<p><strong>Obiettivi funzionali al raggiungimento del traguardo<\/strong><\/p>\n<ul>\n<li>Favorire la partecipazione attiva, il coinvolgimento e la collaborazione delle famiglie alle iniziative intraprese dalla scuola, organizzando incontri serali su argomenti inerenti la prevenzione e la sicurezza. (Area di processo: Integrazione con il territorio e rapporti con le famiglie)<\/li>\n<li>Progettare e realizzare percorsi educativo-didattici condivisi, volti all&#8217;acquisizione di competenze sociali e civiche. (Area di processo: Curricolo, progettazione e valutazione)<\/li>\n<\/ul>\n<p><strong>Risultati attesi<\/strong><\/p>\n<ul>\n<li>Miglioramento delle competenze sociali e civiche degli alunni. Potenziamento della sinergia scuola\/famiglia\/territorio.<\/li>\n<\/ul>\n<p><strong>Indicatori di monitoraggio<\/strong><\/p>\n<ul>\n<li>Risultati raggiunti dagli alunni nella valutazione del comportamento. Presenza dei genitori agli incontri promossi dalla scuola.<\/li>\n<\/ul>\n<h1>Azioni con le quali \u00e8 stato implementato il progetto nell&#8217;anno scolastico 2019-2020<\/h1>\n<table style=\"height: 654px;\" width=\"802\">\n<tbody>\n<tr>\n<td rowspan=\"9\" width=\"132\">\n<p style=\"text-align: center;\"><em>MI SENTO SICURO<\/em><\/p>\n<\/td>\n<td style=\"text-align: center;\" width=\"38\">\n<p style=\"text-align: center;\"><strong>N\u00b0<\/strong><\/p>\n<\/td>\n<td style=\"text-align: center;\" width=\"163\"><strong>Azione<\/strong><\/td>\n<td style=\"text-align: center;\" width=\"102\">\n<p style=\"text-align: center;\"><strong>Plessi<\/strong><\/p>\n<\/td>\n<td style=\"text-align: center;\" width=\"125\">\n<p style=\"text-align: center;\"><strong>Classi\/sezioni<\/strong><\/p>\n<\/td>\n<td style=\"text-align: center;\" width=\"136\">\n<p style=\"text-align: center;\"><strong>Esperto<\/strong><\/p>\n<\/td>\n<\/tr>\n<tr>\n<td style=\"text-align: center;\" width=\"38\">1<\/td>\n<td style=\"text-align: center;\" width=\"163\">\u201cA passo sicuro\u201d<\/td>\n<td style=\"text-align: center;\" width=\"102\">Gaiofana<\/p>\n<p>Casti<\/p>\n<p>Rodari<\/td>\n<td style=\"text-align: center;\" width=\"125\"><\/td>\n<td width=\"136\">\n<p style=\"text-align: center;\">ACI<\/p>\n<\/td>\n<\/tr>\n<tr>\n<td width=\"38\">\n<p style=\"text-align: center;\">2<\/p>\n<\/td>\n<td style=\"text-align: center;\" width=\"163\">\u201cDue ruote sicure\u201d<\/td>\n<td style=\"text-align: center;\" width=\"102\">Casti<\/td>\n<td style=\"text-align: center;\" width=\"125\"><\/td>\n<td width=\"136\">\n<p style=\"text-align: center;\">ACI<\/p>\n<\/td>\n<\/tr>\n<tr>\n<td rowspan=\"3\" width=\"38\">\n<p style=\"text-align: center;\">3<\/p>\n<\/td>\n<td rowspan=\"3\" width=\"163\">\n<p style=\"text-align: center;\">Volontariato nelle scuole<\/p>\n<\/td>\n<td style=\"text-align: center;\" width=\"102\">Casti<\/td>\n<td style=\"text-align: center;\" width=\"125\">\n<p style=\"text-align: center;\">2AC, 2BC, 2CC\u2026<\/p>\n<\/td>\n<td style=\"text-align: center;\" rowspan=\"3\" width=\"136\">Carabinieri<\/p>\n<p>(Nucleo protezione civile)<\/td>\n<\/tr>\n<tr>\n<td style=\"text-align: center;\" width=\"102\">Gaiofana<\/td>\n<td width=\"125\">\n<p style=\"text-align: center;\">Tutte<\/p>\n<\/td>\n<\/tr>\n<tr>\n<td width=\"102\">\n<p style=\"text-align: center;\">Rodari<\/p>\n<\/td>\n<td width=\"125\">\n<p style=\"text-align: center;\">Tutte<\/p>\n<\/td>\n<\/tr>\n<tr>\n<td width=\"38\">\n<p style=\"text-align: center;\">4<\/p>\n<\/td>\n<td style=\"text-align: center;\" width=\"163\">Sicurezza in mare<\/td>\n<td style=\"text-align: center;\" width=\"102\"><\/td>\n<td style=\"text-align: center;\" width=\"125\"><\/td>\n<td width=\"136\">\n<p style=\"text-align: center;\">Capitaneria di porto<\/p>\n<\/td>\n<\/tr>\n<tr>\n<td width=\"38\">\n<p style=\"text-align: center;\">5<\/p>\n<\/td>\n<td width=\"163\">\n<p style=\"text-align: center;\">Aiuto al fuoco<\/p>\n<\/td>\n<td width=\"102\"><\/td>\n<td width=\"125\"><\/td>\n<td width=\"136\">\n<p style=\"text-align: center;\">VVFF<\/p>\n<\/td>\n<\/tr>\n<tr>\n<td width=\"38\">\n<p style=\"text-align: center;\">6<\/p>\n<\/td>\n<td width=\"163\">\n<p style=\"text-align: center;\">Amico 118<\/p>\n<\/td>\n<td width=\"102\"><\/td>\n<td width=\"125\"><\/td>\n<td width=\"136\">\n<p style=\"text-align: center;\">Croce azzurra<\/p>\n<\/td>\n<\/tr>\n<\/tbody>\n<\/table>\n<h1>Frammenti di vita della scuola connessi alla realizzazione di questo progetto<\/h1>\n<ul>\n<li><em>( &#8230;link alla pagina del sito dedicata a raccogliere gli articoli aventi come categoria quella connessa a questo progetto)<\/em><\/li>\n<\/ul>\n","protected":false},"excerpt":{"rendered":"<p>Destinatari del progetto Alunni delle scuole dell\u2019infanzia e delle scuole primarie del Circolo Didattico 6 Rimini. Durata del progetto Il progetto si svolge durante l\u2019intero arco dell\u2019anno scolastico. Descrizione del progetto e delle modalit\u00e0 in cui pu\u00f2 essere sviluppato Il progetto si propone la promozione della cultura della sicurezza, intesa come elemento fondamentale e trasversale&nbsp; &nbsp; <a class=\"moretag\" href=\"http:\/\/scuole.rimini.com\/cd6rimini.gov.it\/didattica\/progetti-per-lampliamento-dellofferta-formativa\/mi-sento-sicuro\/\" title=\"Leggi l&#180;intero articolo\">&raquo;<\/a><\/p>\n","protected":false},"author":1,"featured_media":0,"parent":22384,"menu_order":0,"comment_status":"closed","ping_status":"closed","template":"","meta":[],"_links":{"self":[{"href":"http:\/\/scuole.rimini.com\/cd6rimini.gov.it\/wp-json\/wp\/v2\/pages\/22413"}],"collection":[{"href":"http:\/\/scuole.rimini.com\/cd6rimini.gov.it\/wp-json\/wp\/v2\/pages"}],"about":[{"href":"http:\/\/scuole.rimini.com\/cd6rimini.gov.it\/wp-json\/wp\/v2\/types\/page"}],"author":[{"embeddable":true,"href":"http:\/\/scuole.rimini.com\/cd6rimini.gov.it\/wp-json\/wp\/v2\/users\/1"}],"replies":[{"embeddable":true,"href":"http:\/\/scuole.rimini.com\/cd6rimini.gov.it\/wp-json\/wp\/v2\/comments?post=22413"}],"version-history":[{"count":10,"href":"http:\/\/scuole.rimini.com\/cd6rimini.gov.it\/wp-json\/wp\/v2\/pages\/22413\/revisions"}],"predecessor-version":[{"id":22713,"href":"http:\/\/scuole.rimini.com\/cd6rimini.gov.it\/wp-json\/wp\/v2\/pages\/22413\/revisions\/22713"}],"up":[{"embeddable":true,"href":"http:\/\/scuole.rimini.com\/cd6rimini.gov.it\/wp-json\/wp\/v2\/pages\/22384"}],"wp:attachment":[{"href":"http:\/\/scuole.rimini.com\/cd6rimini.gov.it\/wp-json\/wp\/v2\/media?parent=22413"}],"curies":[{"name":"wp","href":"https:\/\/api.w.org\/{rel}","templated":true}]}}