{"id":65,"date":"2009-04-22T22:36:30","date_gmt":"2009-04-22T20:36:30","guid":{"rendered":"http:\/\/www.scuolacooperativa.net\/wordpress\/?page_id=65"},"modified":"2020-09-23T18:14:48","modified_gmt":"2020-09-23T16:14:48","slug":"orari-di-apertura","status":"publish","type":"page","link":"http:\/\/scuole.rimini.com\/cd6rimini.gov.it\/segreteria\/orari-di-apertura\/","title":{"rendered":"Orari apertura segreteria"},"content":{"rendered":"<p><a href=\"http:\/\/scuole.rimini.com\/cd6rimini.gov.it\/wp-content\/uploads\/2009\/04\/segreteria.gif\"><img loading=\"lazy\" class=\"alignright wp-image-1182\" title=\"segreteria\" src=\"http:\/\/scuole.rimini.com\/cd6rimini.gov.it\/wp-content\/uploads\/2009\/04\/segreteria.gif\" alt=\"\" width=\"231\" height=\"241\" \/><\/a><\/p>\n<h2 align=\"LEFT\"><span style=\"color: #d72836;\"><span style=\"font-family: BookmanOldStyle; font-size: x-large;\"><span style=\"font-family: BookmanOldStyle; font-size: x-large;\">\u00a0 \u00a0 \u00a0 CIRCOLO\u00a0<\/span><\/span><span style=\"font-family: BookmanOldStyle; font-size: xx-large;\"><span style=\"font-family: BookmanOldStyle; font-size: xx-large;\">D<\/span><\/span><span style=\"font-family: BookmanOldStyle; font-size: x-large;\"><span style=\"font-family: BookmanOldStyle; font-size: x-large;\">IDATTICO 6\u00a0<\/span><\/span><\/span><span style=\"color: #d72836; font-family: BookmanOldStyle; font-size: x-large;\"><span style=\"font-family: BookmanOldStyle; font-size: x-large;\">RIMINI<\/span><\/span><\/h2>\n<h3 align=\"LEFT\"><span style=\"color: #d72836; font-family: BookmanOldStyle; font-size: x-large;\"><span style=\"font-family: BookmanOldStyle; font-size: x-large;\">\u00a0 \u00a0 \u00a0 \u00a0 \u00a0 \u00a0<\/span><\/span><strong>Via G. B. Casti n. 13 &#8211; 47923 Rimini<br \/>\n<\/strong><strong>\u00a0 \u00a0 \u00a0 \u00a0 \u00a0 \u00a0 \u00a0 \u00a0 \u00a0Tel. <em><span style=\"color: #ff0000;\"><span style=\"color: #0000ff;\">0541\/386037 <\/span><\/span>o <span style=\"color: #ff0000;\"><span style=\"color: #0000ff;\">0541\/380363<\/span><\/span><\/em><br \/>\n<\/strong><\/h3>\n<p style=\"text-align: left;\" align=\"LEFT\"><strong><span style=\"color: #ffffff;\">___________<\/span>email:\u00a0<a href=\"mailto:rnee01500n@istruzione.it\">rnee01500n@istruzione.it<\/a><\/strong><\/p>\n<h4 style=\"text-align: left;\" align=\"LEFT\"><span style=\"color: #ccffff;\">&#8212;&#8211;\u00a0 \u00a0 \u00a0 \u00a0&#8211;<a style=\"color: #0000ff;\" href=\"mailto:dd6rimini@rimini.com\">Casella<\/a><span style=\"color: #0000ff;\"> Pec : <\/span><a style=\"color: #0000ff;\" href=\"mailto:rnee01500n@pec.istruzione.it\">rnee01500n@pec.istruzione<span style=\"text-decoration: underline;\">.it<\/span><\/a><span style=\"text-decoration: underline;\">t<\/span><\/span><\/h4>\n<p>&nbsp;<\/p>\n<p style=\"text-align: left;\"><span style=\"color: #d72836;\">Il Servizio di Segreteria<br \/>\n<\/span>L&#8217;Ufficio di Segreteria cura i rapporti con il pubblico, con il personale della Scuola,\u00a0con gli Enti pubblici e privati, con le Scuole del territorio, con gli Uffici periferici\u00a0dell&#8217;Amministrazione scolastica e dell&#8217;Amministrazione Statale e col Ministero della Pubblica\u00a0Istruzione. Segue gli aspetti amministrativi, contabili e gestionali della Scuola. Rilascia i\u00a0documenti scolastici e cura la tenuta degli atti. Lavora i seguenti giorni della settimana,\u00a0Luned\u00ec Mercoled\u00ec Gioved\u00ec Venerd\u00ec Sabato, dalle\u00a07.30 13.30 e il\u00a0Marted\u00ec dalle 7.30 alle 17.00.<\/p>\n<h3 style=\"text-align: center;\" align=\"LEFT\"><strong><span style=\"color: #ff0000;\">Orario di ricevimento per il pubblico<\/span><\/strong><\/h3>\n<h2 style=\"text-align: center;\" align=\"LEFT\"><strong><span style=\"color: #ff0000;\">Mattina<\/span> <\/strong><\/h2>\n<h3 style=\"text-align: center;\" align=\"LEFT\"><span style=\"text-decoration: underline;\">Tutti i giorni<br \/>\n<\/span><span style=\"font-family: Times New Roman; font-size: medium;\"><span style=\"text-decoration: underline;\">dalle ore 07:30 alle 08:30<\/span> e <span style=\"text-decoration: underline;\">dalle ore 11:30 alle 13:00<\/span><\/span><\/h3>\n<h5 style=\"text-align: center;\" align=\"LEFT\">(Il Sabato<span style=\"font-size: 16px;\">\u00a0<\/span>nei mesi di Luglio e Agosto gli uffici di segreteria resteranno chiusi)<\/h5>\n<h2 style=\"text-align: center;\" align=\"LEFT\"><span style=\"color: #ff0000;\">Pomeriggio\u00a0<\/span><\/h2>\n<h6 style=\"text-align: center;\" align=\"LEFT\"><strong><span style=\"color: #000000;\">(<span style=\"font-size: 16px;\">\u00a0partire dal Mese di Ottobre e fino alla 1^ settimana di Giugno di ogni anno scolastico)<\/span><\/span><\/strong><\/h6>\n<h3 style=\"text-align: center;\" align=\"LEFT\"><span style=\"text-decoration: underline;\">Marted\u00ec<\/span>\u00a0\u00a0<span style=\"text-decoration: underline;\">da<\/span>lle 14:00 alle 17:00<\/h3>\n<p style=\"text-align: left;\" align=\"LEFT\">L&#8217;Ufficio di Segreteria \u00e8 retto dal Direttore dei Servizi Generali e Amministrativi.\u00a0Sovrintende, con autonomia operativa, ai servizi generali amministrativo-contabili e ne cura\u00a0l&#8217;organizzazione svolgendo funzioni di coordinamento, promozione delle attivit\u00e0 e verifica dei\u00a0risultati conseguiti dal personale ATA, posto alle sue dirette dipendenze, rispetto agli obiettivi\u00a0assegnati ed agli indirizzi impartiti. Ha autonomia operativa e responsabilit\u00e0 diretta nella\u00a0definizione e nell&#8217;esecuzione degli atti a carattere amministrativo-contabile, di ragioneria e di\u00a0economato.<\/p>\n<p style=\"text-align: left;\" align=\"LEFT\">\n","protected":false},"excerpt":{"rendered":"<p>\u00a0 \u00a0 \u00a0 CIRCOLO\u00a0DIDATTICO 6\u00a0RIMINI \u00a0 \u00a0 \u00a0 \u00a0 \u00a0 \u00a0Via G. B. Casti n. 13 &#8211; 47923 Rimini \u00a0 \u00a0 \u00a0 \u00a0 \u00a0 \u00a0 \u00a0 \u00a0 \u00a0Tel. 0541\/386037 o 0541\/380363 ___________email:\u00a0rnee01500n@istruzione.it &#8212;&#8211;\u00a0 \u00a0 \u00a0 \u00a0&#8211;Casella Pec : rnee01500n@pec.istruzione.itt &nbsp; Il Servizio di Segreteria L&#8217;Ufficio di Segreteria cura i rapporti con il pubblico, con il&nbsp; &nbsp; <a class=\"moretag\" href=\"http:\/\/scuole.rimini.com\/cd6rimini.gov.it\/segreteria\/orari-di-apertura\/\" title=\"Leggi l&#180;intero articolo\">&raquo;<\/a><\/p>\n","protected":false},"author":1,"featured_media":0,"parent":57,"menu_order":1,"comment_status":"closed","ping_status":"closed","template":"","meta":[],"_links":{"self":[{"href":"http:\/\/scuole.rimini.com\/cd6rimini.gov.it\/wp-json\/wp\/v2\/pages\/65"}],"collection":[{"href":"http:\/\/scuole.rimini.com\/cd6rimini.gov.it\/wp-json\/wp\/v2\/pages"}],"about":[{"href":"http:\/\/scuole.rimini.com\/cd6rimini.gov.it\/wp-json\/wp\/v2\/types\/page"}],"author":[{"embeddable":true,"href":"http:\/\/scuole.rimini.com\/cd6rimini.gov.it\/wp-json\/wp\/v2\/users\/1"}],"replies":[{"embeddable":true,"href":"http:\/\/scuole.rimini.com\/cd6rimini.gov.it\/wp-json\/wp\/v2\/comments?post=65"}],"version-history":[{"count":23,"href":"http:\/\/scuole.rimini.com\/cd6rimini.gov.it\/wp-json\/wp\/v2\/pages\/65\/revisions"}],"predecessor-version":[{"id":23877,"href":"http:\/\/scuole.rimini.com\/cd6rimini.gov.it\/wp-json\/wp\/v2\/pages\/65\/revisions\/23877"}],"up":[{"embeddable":true,"href":"http:\/\/scuole.rimini.com\/cd6rimini.gov.it\/wp-json\/wp\/v2\/pages\/57"}],"wp:attachment":[{"href":"http:\/\/scuole.rimini.com\/cd6rimini.gov.it\/wp-json\/wp\/v2\/media?parent=65"}],"curies":[{"name":"wp","href":"https:\/\/api.w.org\/{rel}","templated":true}]}}