{"id":69,"date":"2009-04-22T22:37:32","date_gmt":"2009-04-22T20:37:32","guid":{"rendered":"http:\/\/www.scuolacooperativa.net\/wordpress\/?page_id=69"},"modified":"2021-01-15T15:25:54","modified_gmt":"2021-01-15T14:25:54","slug":"iscrizioni","status":"publish","type":"page","link":"http:\/\/scuole.rimini.com\/cd6rimini.gov.it\/segreteria\/iscrizioni\/","title":{"rendered":"Iscrizioni"},"content":{"rendered":"<p style=\"padding-left: 360px;\"><a href=\"http:\/\/scuole.rimini.com\/cd6rimini.gov.it\/wp-content\/uploads\/2009\/04\/iscrizioni.jpg\"><img loading=\"lazy\" class=\"wp-image-1187 aligncenter\" title=\"iscrizioni\" src=\"http:\/\/scuole.rimini.com\/cd6rimini.gov.it\/wp-content\/uploads\/2009\/04\/iscrizioni-300x199.jpg\" alt=\"\" width=\"268\" height=\"178\" srcset=\"http:\/\/scuole.rimini.com\/cd6rimini.gov.it\/wp-content\/uploads\/2009\/04\/iscrizioni-300x199.jpg 300w, http:\/\/scuole.rimini.com\/cd6rimini.gov.it\/wp-content\/uploads\/2009\/04\/iscrizioni.jpg 425w\" sizes=\"(max-width: 268px) 100vw, 268px\" \/><\/a><\/p>\n<h2 style=\"text-align: center;\"><strong>MODALITA&#8217;\u00a02021\/2022<\/strong><\/h2>\n<p><a href=\"https:\/\/padlet.com\/d_tundoa\/Bookmarks\"><img loading=\"lazy\" class=\"alignnone wp-image-24826 aligncenter\" src=\"http:\/\/scuole.rimini.com\/cd6rimini.gov.it\/wp-content\/uploads\/2020\/12\/SPECIALE-ISCRIZIONI-A.S.-2021-22-300x114.png\" alt=\"\" width=\"353\" height=\"134\" srcset=\"http:\/\/scuole.rimini.com\/cd6rimini.gov.it\/wp-content\/uploads\/2020\/12\/SPECIALE-ISCRIZIONI-A.S.-2021-22-300x114.png 300w, http:\/\/scuole.rimini.com\/cd6rimini.gov.it\/wp-content\/uploads\/2020\/12\/SPECIALE-ISCRIZIONI-A.S.-2021-22-768x292.png 768w, http:\/\/scuole.rimini.com\/cd6rimini.gov.it\/wp-content\/uploads\/2020\/12\/SPECIALE-ISCRIZIONI-A.S.-2021-22-1024x390.png 1024w, http:\/\/scuole.rimini.com\/cd6rimini.gov.it\/wp-content\/uploads\/2020\/12\/SPECIALE-ISCRIZIONI-A.S.-2021-22-180x68.png 180w\" sizes=\"(max-width: 353px) 100vw, 353px\" \/><\/a><\/p>\n<p style=\"text-align: center;\"><strong>Sono state pubblicate le circolari con le\u00a0indicazioni per le Nuove Iscrizioni<\/strong><span style=\"color: #000000;\">\u00a0 \u00a0 \u00a0 \u00a0<\/span><\/p>\n<div class=\"padlet-embed\" style=\"border: 1px solid rgba(0,0,0,0.1); border-radius: 2px; box-sizing: border-box; overflow: hidden; position: relative; width: 100%; background: #F4F4F4;\">\n<div style=\"padding: 8px; text-align: right; margin: 0;\"><\/div>\n<\/div>\n<ul>\n<li>Le iscrizioni devono essere effettuate <strong>dal 04 al\u00a0 25 Gennaio al 2021.<\/strong><\/li>\n<li>Per quanto concerne le iscrizioni on-line (scuola primaria e scuola secondaria) vanno effettuate\u00a0 sull&#8217;apposito sito <a href=\"https:\/\/www.istruzione.it\/iscrizionionline\/\">(<strong><span style=\"color: #0000ff;\">www.istruzione.it\/iscrizionionline\/<\/span><\/strong><\/a><strong><span style=\"color: #0000ff;\">)<\/span><\/strong>\u00a0a partire dalle ore 08:00 del\u00a0 04 Gennaio 2021 fino alle ore 20:00\u00a0 25 Gennaio 2021<\/li>\n<li>Circolare Iscrizioni a.s. 2021\/2022:\u00a0<a href=\"http:\/\/scuole.rimini.com\/cd6rimini.gov.it\/wp-content\/uploads\/2020\/12\/Nota-iscrizioni-anno-scolastico-2021-2022-1.pdf\">Nota iscrizioni anno scolastico 2021-2022<\/a><\/li>\n<li>Per affiancare i genitori nella scelta \u00e8 disponibile una nuova App del portale\u00a0<strong><em>Scuola in Chiaro:<br \/>\n<\/em><\/strong><strong>Se il tuo smartphone ha gi\u00e0<\/strong>\u00a0un programma di lettura per QR code, baster\u00e0:<\/p>\n<ul>\n<li>avviare il programma di lettura QR code;<\/li>\n<li>inquadrare con la fotocamera del tuo dispositivo il QR code che trovi qui di seguito;<\/li>\n<li>cliccare sul link associato al QR code (tale funzionalit\u00e0 dipende dal programma di lettura utilizzato).<\/li>\n<\/ul>\n<p><strong>Se il tuo smartphone non ha<\/strong>\u00a0un programma di lettura dei QR code sar\u00e0 sufficiente scaricarne uno per cellulari, generalmente senza costi, dallo store del tuo dispositivo e seguire le indicazioni del punto precedente.<\/p>\n<h2>FAQ iscrizioni ad entrambi gli Ordini di Scuola<\/h2>\n<p>Cliccando sul link sottostante troverete le risposte alle domande pi\u00f9 frequenti che i genitori pongono durante gli Open Day.<\/p>\n<p><a href=\"http:\/\/scuole.rimini.com\/cd6rimini.gov.it\/wp-content\/uploads\/2021\/01\/FAQ-iscrizioni-per-sito_v03.docx\">FAQ iscrizioni per sito<\/a><a href=\"http:\/\/scuole.rimini.com\/cd6rimini.gov.it\/wp-content\/uploads\/2019\/12\/RNEE01500N_qrcode.gif\"><img loading=\"lazy\" class=\"wp-image-22664 alignright\" src=\"http:\/\/scuole.rimini.com\/cd6rimini.gov.it\/wp-content\/uploads\/2019\/12\/RNEE01500N_qrcode.gif\" alt=\"\" width=\"171\" height=\"171\" \/><\/a><\/li>\n<\/ul>\n<p>&nbsp;<\/p>\n<h2>Riunioni di presentazione 2021<\/h2>\n<ul>\n<li><b>OPEN- DAY\u00a0 scuole PRIMARIE<\/b><span style=\"color: #ff0000;\"><span style=\"color: #ff0000;\"><span style=\"color: #ff0000;\"><b>\u00a0 \u00a0 \u00a0<\/b><\/span><\/span><\/span>L\u2019open day \u201cvirtuale\u201d delle nostre scuole \u00e8 previsto nelle date ed orari qui sotto riportati; il link per il collegamento si trover\u00e0 nella sezione dedicata del sito, due ore circa prima dello svolgimento dell\u2019incontro:<\/li>\n<li><strong>SCUOLA PRIMARIA CASTI: 11 GENNAIO ORE 17.30<br \/>\n<\/strong><\/li>\n<li><strong>SCUOLA PRIMARIA GAIOFANA: 12 GENNAIO ORE 18:00\u00a0<\/strong><\/li>\n<li><strong>SCUOLA PRIMARIA RODARI: 14 GENNAIO ORE 18\u00a0<\/strong><\/li>\n<li><strong>SCUOLA PRIMARIA VILLAGGIO I\u00b0 MAGGIO: 15 GENNAIO ORE 17.30 <span style=\"color: #ff0000;\">Link:\u00a0https:\/\/meet.google.com\/vbz-ccdy-tjq<\/span><\/strong><\/li>\n<\/ul>\n<p>&nbsp;<\/p>\n<ul>\n<li><strong>OPEN- DAY\u00a0 scuole\u00a0dell&#8217; INFANZIA\u00a0<\/strong><br \/>\nL\u2019open day \u201cvirtuale\u201d delle nostre scuole \u00e8 previsto nelle date ed orari qui sotto riportati; il link per il collegamento si trover\u00e0 nella sezione dedicata del sito, due ore circa prima dello svolgimento dell\u2019incontro:<\/li>\n<li><strong>SCUOLA DELL\u2019INFANZIA ALBERO DEI BAMBINI: 14 GENNAIO ORE 17.30<br \/>\n<\/strong><\/li>\n<li><strong>SCUOLA DELL\u2019INFANZIA CAPRIOLA: 12 GENNAIO ORE 17.30\u00a0<\/strong><\/li>\n<li><strong>SCUOLA DELL\u2019INFANZIA GABBIANELLA: 11 GENNAIO ORE 17.30<\/strong><strong><span style=\"color: #ff0000;\">\u00a0<\/span><\/strong><\/li>\n<\/ul>\n<h2>\u00a0 \u00a0 \u00a0 \u00a0 \u00a0 \u00a0 \u00a0 \u00a0Obblighi in materia di prevenzione vaccinale<\/h2>\n<p>Si ricordano a tutti genitori dei minori fino ai 16 anni di et\u00e0 gli obblighi in materia di prevenzione vaccinale previsti dal <a href=\"http:\/\/www.normattiva.it\/atto\/caricaDettaglioAtto?atto.dataPubblicazioneGazzetta=2017-06-07&amp;atto.codiceRedazionale=17G00095&amp;queryString=%3FmeseProvvedimento%3D%26formType%3Dricerca_semplice%26numeroArticolo%3D%26numeroProvvedimento%3D73%26testo%3D%26giornoProvvedimento%3D%26annoProvvedimento%3D2017&amp;currentPage=1\" target=\"_blank\" rel=\"noopener noreferrer\">D.L. 73\/2017<\/a> (convertito con modificazioni dalla legge 119\/2017) e successive modifiche. Si ricorda che <strong>per le scuole dell&#8217;infanzia la mancata situazione di regolarit\u00e0 per quanto concerne la prevenzione vaccinale, come prevista dalla normativa vigente, comporta la decadenza dall&#8217;iscrizione.<\/strong><\/p>\n<p>La documentazione attestante la regolarit\u00e0 della condizione vaccinale dell\u2019alunno, che costituisce requisito indispensabile per l\u2019accesso\u00a0 alla scuola dell\u2019infanzia ai sensi della L. 119 del 31\/7\/2017, verr\u00e0 richiesta, se necessario, al momento della effettiva conferma dell\u2019accoglimento dell\u2019iscrizione.<\/p>\n<h2><span style=\"color: #000000;\"><span style=\"line-height: 1.5;\">\u00a0 \u00a0 \u00a0Iscrizioni alla <\/span><span style=\"line-height: 1.5; text-decoration: underline;\">Scuola dell&#8217;Infanzia<\/span><\/span><\/h2>\n<p><strong>\u00a0 \u00a0 \u00a0 \u00a0 \u00a0 \u00a0 \u00a0 \u00a0 \u00a0Per iscriversi \u00e8 necessario<\/strong><\/p>\n<ul>\n<li>prendere visione della convenzione in atto fra il comune di Rimini e tutte le scuole del suo territorio in riferimento al processo di iscrizione:\u00a0\u00a0<a href=\"http:\/\/scuole.rimini.com\/cd6rimini.gov.it\/wp-content\/uploads\/2020\/12\/CIRCOLARE-INFORMATIVA-INCOMPATIBILI-2021_2022.pdf\">CIRCOLARE INFORMATIVA INCOMPATIBILI 2021_2022<\/a><\/li>\n<li><a style=\"color: #000000;\" href=\"http:\/\/scuole.rimini.com\/cd6rimini.gov.it\/segreteria\/iscrizioni\/strade-associate-alle-scuole\/\">prendere visione della strade abbinate alle singole scuole in base a quanto deliberato dal Consiglio di Circolo<\/a>\u00a0(E&#8217; importante per sapere se si ha diritto o meno ad eventuali punteggi per la graduatoria)<\/li>\n<li><span style=\"color: #000000;\"><a style=\"color: #000000;\" href=\"http:\/\/scuole.rimini.com\/cd6rimini.gov.it\/?page_id=7536\">prendere visione dei criteri di precedenza in base a quanto deliberato dal Consiglio di Circolo<\/a><\/span><br \/>\n<span style=\"color: #000000;\"> (E&#8217; importante per sapere se si ha diritto o meno ad eventuali punteggi per la graduatoria)\u00a0 \u00a0<\/span><\/li>\n<li>in base a quanto previsto dai due punti precedenti, calcolare autonomamente il punteggio che si ritiene debba essere associato alla domanda di iscrizione. Nella domanda di iscrizione sar\u00e0 chiesto di inserire il punteggio presupposto, al fine di permettere un maggior controllo nella fase di valutazione della domanda.<\/li>\n<li><span style=\"color: #000000;\"><strong>FAQ utili<\/strong> per l&#8217;attribuzione dei punteggi:\u00a0<a href=\"http:\/\/scuole.rimini.com\/cd6rimini.gov.it\/wp-content\/uploads\/2020\/12\/FAQ-ESEMPIO-DI-CALCOLO-PUNTEGGI-SCUOLA-INFANZIA-1.pdf\">FAQ ESEMPIO DI CALCOLO PUNTEGGI SCUOLA INFANZIA<\/a><\/span><\/li>\n<li><a href=\"http:\/\/scuole.rimini.com\/cd6rimini.gov.it\/informative-sul-trattamento-dei-dati-personali\/\" target=\"_blank\" rel=\"noopener\">leggere l&#8217;informativa in merito al trattamento dei dati personali<\/a> :<\/li>\n<li>compilare la domanda di iscrizione:\u00a0 \u00a0<a href=\"http:\/\/scuole.rimini.com\/cd6rimini.gov.it\/wp-content\/uploads\/2020\/12\/DOMANDA-ISCRIZIONE-2021_2022-INFANZIA-1.pdf\">DOMANDA ISCRIZIONE 2021_2022 INFANZIA<\/a>\u00a0 \u00a0e all&#8217;occorrenza di cose particolari da dichiarare l&#8217;Autocertificazione\u00a0<a href=\"http:\/\/scuole.rimini.com\/cd6rimini.gov.it\/wp-content\/uploads\/2009\/04\/autocertificaz-generica.pdf\">autocertificaz generica<\/a><\/li>\n<li>TUTORIAL PER COMPILAZIONE DELLA DOMANDA DI ISCRIZIONE: <a href=\"http:\/\/scuole.rimini.com\/cd6rimini.gov.it\/wp-content\/uploads\/2020\/12\/TUTORIAL-PER-COMPILARE-LA-DOMANDA-DI-ISCRZIONE-SCUOLA-INFANZIA.pdf\">TUTORIAL PER COMPILARE LA DOMANDA DI ISCRZIONE SCUOLA INFANZIA<\/a><br \/>\n(N.B. All&#8217;interno del modulo va indicato il punteggio che si ritiene debba essere associato alla domanda, come indicato al punto precedente).<\/li>\n<li>si ricorda che la domanda di iscrizione <span style=\"text-decoration: underline;\"><strong>deve essere firmata da entrambi i genitori<\/strong> nel momento in cui viene consegnata in segreteria e alla presenza dell&#8217;addetto a ricevere la domanda<\/span>\n<ul>\n<li>nel caso i genitori non possano recarsi congiuntamente in segreteria per firmare la domanda uno dei due la potr\u00e0 firmare a casa e dovr\u00e0 allegare copia del proprio documento di identit\u00e0 alla domanda<\/li>\n<li>nel caso un genitore sia impossibilitato a firmare la domanda in quanto si trova in luogo distante dal Comune di Rimini, il genitore che consegner\u00e0 la domanda si far\u00e0 carico di dichiarare che la decisione \u00e8 presa di comune accordo come previsto dal Codice Civile e allegher\u00e0 alla domanda, dopo averlo opportunamente compilato, il modulo scaricabile al seguente link\u00a0 <a href=\"http:\/\/scuole.rimini.com\/cd6rimini.gov.it\/wp-content\/uploads\/2015\/01\/Informativa-Responsabilit\u00e0-genitoriale.pdf\">Informativa Responsabilit\u00e0 genitoriale<\/a><\/li>\n<\/ul>\n<\/li>\n<li>consegnarla presso l&#8217;ufficio alunni della segreteria del Circolo Didattico 6 di Rimini, sita in via G. B. Casti n.13 allegando l&#8217;autocertificazione riguardante la situazione lavorativa (compilata da\u00a0 entrambi i genitori per la propria situazione se trattasi di libera professione, di studente o altro) o copia dell&#8217;ultima busta paga per i dipendenti.<\/li>\n<\/ul>\n<p>E&#8217; possibile scaricare la circolare informativa:\u00a0<a href=\"http:\/\/scuole.rimini.com\/cd6rimini.gov.it\/wp-content\/uploads\/2020\/12\/LetteraOpenDay2020_21dellaSCUOLAINFANZIA.pdf\">Lettera+Open+Day+2020_21+della+SCUOLA+INFANZIA<\/a><\/p>\n<p><strong>\u00a0 \u00a0 \u00a0 \u00a0 \u00a0 \u00a0 \u00a0Scadenziario esiti finali delle Iscrizioni: <\/strong><\/p>\n<h3>Uscita graduatoria provvisoria:\u00a0 \u00a005 MARZO 2021<\/h3>\n<h3>Uscita graduatoria definitiva:\u00a0 \u00a0 \u00a0 \u00a011\u00a0MARZO 2021<\/h3>\n<h3><strong>Accettazione del posto entro il:\u00a0 \u00a0 09 APRILE 2021<\/strong><\/h3>\n<h1>\u00a0 \u00a0 \u00a0 \u00a0 \u00a0 \u00a0Iscrizioni alla\u00a0Scuola\u00a0primaria<\/h1>\n<p><strong>Per iscriversi \u00e8 necessario\u00a0seguire la procedura on-line cliccando sul\u00a0seguente link:\u00a0<span style=\"color: #0000ff;\">\u00a0<\/span><\/strong><a href=\"https:\/\/www.istruzione.it\/iscrizionionline\/\">(<strong><span style=\"color: #0000ff;\">www.istruzione.it\/iscrizionionline\/<\/span><\/strong><\/a><strong><span style=\"color: #0000ff;\">)<\/span><\/strong><\/p>\n<p><strong>FAQ per iscrizione:\u00a0<a href=\"http:\/\/scuole.rimini.com\/cd6rimini.gov.it\/wp-content\/uploads\/2020\/12\/FAQ-ISCRIZIONI.pdf\">FAQ ISCRIZIONI<\/a><\/strong><\/p>\n<p><strong>In sintesi:<\/strong><\/p>\n<ul>\n<li><a title=\"Strade associate alle scuole del Circolo\" href=\"http:\/\/scuole.rimini.com\/cd6rimini.gov.it\/?page_id=7533\">prendere visione della strade abbinate alle singole scuole in base a quanto deliberato dal Consiglio di Circolo<\/a><br \/>\n(E&#8217; importante per sapere se si ha diritto o meno ad eventuali punteggi per la graduatoria)<\/li>\n<li><span style=\"color: #000000;\"><a style=\"color: #000000;\" href=\"http:\/\/scuole.rimini.com\/cd6rimini.gov.it\/?page_id=7536\">prendere visione dei criteri di precedenza in base a quanto deliberato dal Consiglio di Circolo<\/a><\/span><br \/>\n<span style=\"color: #000000;\"> (E&#8217; importante per sapere se si ha diritto o meno ad eventuali punteggi per la graduatoria)\u00a0<\/span><\/li>\n<li>in base a quanto previsto dai due punti precedenti, calcolare autonomamente il punteggio che si ritiene debba essere associato alla domanda di iscrizione. Nella domanda di iscrizione sar\u00e0 chiesto di inserire il punteggio presupposto, al fine di permettere un maggior controllo nella fase di valutazione della domanda<\/li>\n<li><span style=\"color: #000000;\"><strong>FAQ utili<\/strong> per l&#8217;attribuzione dei punteggi:\u00a0<a href=\"http:\/\/scuole.rimini.com\/cd6rimini.gov.it\/wp-content\/uploads\/2020\/12\/FAQ-ESEMPIO-DI-CALCOLO-PUNTEGGI-SCUOLA-PRIMARIA.pdf\">FAQ ESEMPIO DI CALCOLO PUNTEGGI SCUOLA PRIMARIA<\/a><\/span><\/li>\n<li>premunirsi di un indirizzo di posta elettronica<\/li>\n<li>registrarsi nel sito\u00a0<a href=\"https:\/\/www.istruzione.it\/iscrizionionline\/\">(<strong><span style=\"color: #0000ff;\">www.istruzione.it\/iscrizionionline\/<\/span><\/strong><\/a><strong><span style=\"color: #0000ff;\">)<\/span><\/strong><\/li>\n<li>\u00a0per ricevere sulla propria casella di posta elettronica il codice personale di accesso al servizio delle Iscrizioni Online (per tutti coloro che hanno effettuato in passato l a registrazione \u00e8 valido il codice gi\u00e0 in vostro possesso)<\/li>\n<li>accedere al servizio Iscrizioni on line e compilare il modulo di iscrizione<\/li>\n<\/ul>\n<ul>\n<li>indicare il codice della scuola\u00a0presso cui effettuare l&#8217;iscrizione\u00a0(nel men\u00f9 a sinistra, cliccando sulla voce &#8220;Le nostre scuole&#8221; troverete informazioni specifiche circa ogni plesso). I codici possono essere reperiti attraverso il portale &#8220;Scuola in chiaro&#8221; del MIUR all&#8217;indirizzo: <span style=\"text-decoration: underline;\">http:<a href=\"http:\/\/cercalatuascuola.istruzione.it\/cercalatuascuola\/\">\/\/cercalatuascuola.istruzione.it\/cercalatuascuola\u00a0<\/a><\/span>\n<ul>\n<li><strong style=\"line-height: 1.5;\">RNEE0150<span style=\"color: #0000ff;\">2Q<\/span><\/strong><span style=\"line-height: 1.5;\"> per il plesso CASTI<\/span><\/li>\n<li><strong style=\"line-height: 1.5;\">RNEE0150<span style=\"color: #0000ff;\">5V<\/span><\/strong><span style=\"line-height: 1.5;\"> per la GAIOFANA<\/span><\/li>\n<li><strong style=\"line-height: 1.5;\">RNEE0150<span style=\"color: #0000ff;\">1P<\/span><\/strong><span style=\"line-height: 1.5;\"> per il RODARI<\/span><\/li>\n<li><strong style=\"line-height: 1.5;\">RNEE0150<span style=\"color: #0000ff;\">4T<\/span><\/strong><span style=\"line-height: 1.5;\"> per il VILLAGGIO I MAGGIO<\/span><\/li>\n<\/ul>\n<\/li>\n<li>inserire i dati richiesti<\/li>\n<li>inoltrare il modulo on line attraverso la procedura guidata<\/li>\n<\/ul>\n<h2><span style=\"color: #ff0000;\"><strong>\u00a0 \u00a0 \u00a0 \u00a0 \u00a0 \u00a0 \u00a0 \u00a0 \u00a0 \u00a0 \u00a0 \u00a0 \u00a0 \u00a0 \u00a0 \u00a0SERVIZIO DI REFEZIONE SCOLASTICA:<\/strong><\/span><\/h2>\n<p>Si pregano i genitori che iscriveranno\u00a0il proprio figlio\u00a0alla classe 1^ di scuola primaria\u00a0di\u00a0\u00a0<strong>COMPILARE E FIRMARE, in caso\u00a0decidano di usufruire del servizio di mensa,<\/strong>\u00a0il modello di\u00a0richiesta di refezione scolastica <a href=\"http:\/\/scuole.rimini.com\/cd6rimini.gov.it\/wp-content\/uploads\/2020\/12\/MOD_RICHIESTA_refezione_SCUOLA_PRIMARIA_2021_22.pdf\">MOD_RICHIESTA_refezione_SCUOLA_PRIMARIA_2021_22\u00a0<\/a>\u00a0 di presentarlo nei nostri uffici di segreteria (anche via e-mail)\u00a0<strong>entro e non oltre il\u00a0 30 Gennaio 2021.<\/strong>\u00a0Leggere <strong>ATTENTAMENTE <\/strong>la seguente CIRCOLARE inviata dal Comune di Rimini ente Gestore della refezione scolastica\u00a0<a href=\"http:\/\/scuole.rimini.com\/cd6rimini.gov.it\/wp-content\/uploads\/2020\/12\/Circol_Prot_n-374925_20-Refezione_-SCUOLE_STATALI_a-s_2021_22.pdf\">Circol_Prot_n 374925_20 Refezione_ SCUOLE_STATALI_a s_2021_22<\/a>\u00a0 relativa alle tariffe e al pagamento del servizio per l&#8217;a.s.2021\/2022.<\/p>\n<p>E&#8217; possibile scaricare la circolare informativa:\u00a0 \u00a0\u00a0<a href=\"http:\/\/scuole.rimini.com\/cd6rimini.gov.it\/wp-content\/uploads\/2020\/12\/LetteraOpenDay2021_22dellaSCUOLAPRIMARIA-1.pdf\">Lettera+Open+Day+2021_22+della+SCUOLA+PRIMARIA<\/a>.\u00a0 \u00a0con tutte le suddette istruzioni<\/p>\n<h2><span style=\"color: #000000;\"><span style=\"line-height: 1.5;\">\u00a0 \u00a0 \u00a0 \u00a0 \u00a0 \u00a0 \u00a0 \u00a0Iscrizioni alla\u00a0<\/span><span style=\"line-height: 1.5; text-decoration: underline;\">Scuola\u00a0Secondaria di 1\u00b0 grado<\/span><\/span><\/h2>\n<p><strong>Per iscriversi \u00e8 necessario\u00a0<span style=\"color: #ff0000;\"><span style=\"color: #000000;\">seguire la procedura on-line cliccando sul\u00a0seguente link:<\/span>\u00a0<span style=\"color: #0000ff;\">https:\/\/www.istruzione.it\/iscrizionionline\/<\/span><\/span><\/strong><\/p>\n<p>Presso la segreteria sar\u00e0 possibile chiedere il codice meccanografico della scuola in cui si intende iscrivere il proprio figlio.<\/p>\n<p>Per comodit\u00e0 di seguito si riportano i link delle Istituzioni Scolastiche confinanti con il Circolo didattico 6 e aventi una scuola secondaria di 1\u00b0. All&#8217;interno dei singoli siti web si troveranno informazioni utili\u00a0ai fini dell&#8217;iscrizione:<\/p>\n<ul>\n<li><a href=\"http:\/\/www.smsbertola.gov.it\" target=\"_blank\" rel=\"noopener noreferrer\">Scuola secondaria di 1\u00b0 grado &#8220;A. Bertola&#8221;<\/a><\/li>\n<li><a href=\"https:\/\/www.icmarvelli.gov.it\/\" target=\"_blank\" rel=\"noopener noreferrer\">I.C. &#8220;A. Marvelli&#8221;<\/a><\/li>\n<li><a href=\"http:\/\/www.icxxsettembrerimini.gov.it\" target=\"_blank\" rel=\"noopener noreferrer\">I.C. &#8220;XX Settembre&#8221;<\/a><\/li>\n<li><a href=\"http:\/\/www.centrostorico.gov.it\/wordpress2\/\" target=\"_blank\" rel=\"noopener noreferrer\">I.C. &#8220;Centro storico&#8221;<\/a><\/li>\n<li><a href=\"http:\/\/www.icmiramare.gov.it\/aaa\/pages\/page_details.php?page_id=1\" target=\"_blank\" rel=\"noopener noreferrer\">I.C. &#8220;Miramare&#8221;<\/a><\/li>\n<li><a href=\"http:\/\/icalighieri.it\" target=\"_blank\" rel=\"noopener noreferrer\">I.C. &#8220;D. Alighieri&#8221;<\/a> (avente una sezione musicale)<\/li>\n<\/ul>\n<p>E&#8217; possibile scaricare la circolare informativa al seguente link:<\/p>\n<h2 style=\"text-align: center;\"><\/h2>\n<h2 style=\"text-align: center;\"><span style=\"font-size: 1em;\">La segreteria delle scuole sar\u00e0 disponibile per ulteriori informazioni\u00a0\u00a0<\/span><\/h2>\n<h2 style=\"text-align: center;\"><span style=\"font-size: 1em;\">\u00a0 \u00a0 07\u00a0 G<\/span><span style=\"font-size: 1em;\">ennaio al\u00a0 25 Gennaio 2021<\/span><\/h2>\n<p style=\"text-align: center;\"><strong>MATTINO<\/strong>:<\/p>\n<p style=\"text-align: center;\">dal Luned\u00ec \u00a0al Venerd\u00ec \u00a0dalle ore 09:00 alle ore 13:00<\/p>\n<p style=\"text-align: center;\">\u00a0 \u00a0 \u00a0 \u00a0 \u00a0 \u00a0Sabato \u00a0dalle \u00a0ore 08:00 alle ore \u00a013:00<\/p>\n<p>&nbsp;<\/p>\n","protected":false},"excerpt":{"rendered":"<p>MODALITA&#8217;\u00a02021\/2022 Sono state pubblicate le circolari con le\u00a0indicazioni per le Nuove Iscrizioni\u00a0 \u00a0 \u00a0 \u00a0 Le iscrizioni devono essere effettuate dal 04 al\u00a0 25 Gennaio al 2021. Per quanto concerne le iscrizioni on-line (scuola primaria e scuola secondaria) vanno effettuate\u00a0 sull&#8217;apposito sito (www.istruzione.it\/iscrizionionline\/)\u00a0a partire dalle ore 08:00 del\u00a0 04 Gennaio 2021 fino alle ore 20:00\u00a0&nbsp; &nbsp; <a class=\"moretag\" href=\"http:\/\/scuole.rimini.com\/cd6rimini.gov.it\/segreteria\/iscrizioni\/\" title=\"Leggi l&#180;intero articolo\">&raquo;<\/a><\/p>\n","protected":false},"author":1,"featured_media":24826,"parent":57,"menu_order":2,"comment_status":"open","ping_status":"open","template":"","meta":[],"_links":{"self":[{"href":"http:\/\/scuole.rimini.com\/cd6rimini.gov.it\/wp-json\/wp\/v2\/pages\/69"}],"collection":[{"href":"http:\/\/scuole.rimini.com\/cd6rimini.gov.it\/wp-json\/wp\/v2\/pages"}],"about":[{"href":"http:\/\/scuole.rimini.com\/cd6rimini.gov.it\/wp-json\/wp\/v2\/types\/page"}],"author":[{"embeddable":true,"href":"http:\/\/scuole.rimini.com\/cd6rimini.gov.it\/wp-json\/wp\/v2\/users\/1"}],"replies":[{"embeddable":true,"href":"http:\/\/scuole.rimini.com\/cd6rimini.gov.it\/wp-json\/wp\/v2\/comments?post=69"}],"version-history":[{"count":174,"href":"http:\/\/scuole.rimini.com\/cd6rimini.gov.it\/wp-json\/wp\/v2\/pages\/69\/revisions"}],"predecessor-version":[{"id":25026,"href":"http:\/\/scuole.rimini.com\/cd6rimini.gov.it\/wp-json\/wp\/v2\/pages\/69\/revisions\/25026"}],"up":[{"embeddable":true,"href":"http:\/\/scuole.rimini.com\/cd6rimini.gov.it\/wp-json\/wp\/v2\/pages\/57"}],"wp:featuredmedia":[{"embeddable":true,"href":"http:\/\/scuole.rimini.com\/cd6rimini.gov.it\/wp-json\/wp\/v2\/media\/24826"}],"wp:attachment":[{"href":"http:\/\/scuole.rimini.com\/cd6rimini.gov.it\/wp-json\/wp\/v2\/media?parent=69"}],"curies":[{"name":"wp","href":"https:\/\/api.w.org\/{rel}","templated":true}]}}