{"id":6979,"date":"2014-04-27T19:12:06","date_gmt":"2014-04-27T17:12:06","guid":{"rendered":"http:\/\/www.renatadurighello.it\/provepa\/?page_id=6979"},"modified":"2014-04-27T19:12:06","modified_gmt":"2014-04-27T17:12:06","slug":"crediti","status":"publish","type":"page","link":"http:\/\/scuole.rimini.com\/cd6rimini.gov.it\/il-sito\/crediti\/","title":{"rendered":"Crediti"},"content":{"rendered":"<p><a href=\"http:\/\/scuole.rimini.com\/cd6rimini.gov.it\/wp-content\/uploads\/2014\/04\/icona-crediti.png\"><img loading=\"lazy\" class=\"alignright  wp-image-6993\" src=\"http:\/\/scuole.rimini.com\/cd6rimini.gov.it\/wp-content\/uploads\/2014\/04\/icona-crediti.png\" alt=\"icona-crediti\" width=\"192\" height=\"148\" \/><\/a>Questo sito \u00e8 realizzato in ambiente WordPress, <acronym lang=\"en\" title=\"Content Management System\">CMS<\/acronym> open source.<\/p>\n<p>Il sito \u00e8 stato realizzato da \u2026<\/p>\n<p>Il modello di sito \u00e8 stato messo a disposizione dalla comunit\u00e0 di pratica <a title=\"sito esterno\" href=\"http:\/\/www.porteapertesulweb.it\/\">Porte aperte sul web<\/a>, promossa da USR Lombardia, e gestita con passione e professionalit\u00e0 da docenti, personale amministrativo ed appassionati di diverse regioni italiane.<\/p>\n<p><a title=\"sito esterno\" href=\"http:\/\/www.porteapertesulweb.it\/\">Porte aperte sul web<\/a>, nata nel 2003 in Lombardia \u00e8 oggi attiva su tutto il territorio nazionale. Numerosi sono gli spazi di incontro sul web, che sono diventati vero e proprio servizio di supporto:<\/p>\n<ul>\n<li>la <a title=\"link esterno\" href=\"https:\/\/it.groups.yahoo.com\/neo\/groups\/porteapertesulweb\/info\">mailing list<\/a> su yahoo! gruppi<\/li>\n<li>la <a title=\"link esterno\" href=\"http:\/\/www.scuolacooperativa.net\/wp3-social\/\">piattaforma social<\/a> su Buddypress<\/li>\n<li>il gruppo Facebook &#8220;<a title=\"link esterno\" href=\"https:\/\/www.facebook.com\/groups\/sitiscolastici\/?fref=ts\">Siti Scolastici<\/a>&#8220;<\/li>\n<li>il <a title=\"link esterno\" href=\"http:\/\/www.youtube.com\/user\/porteapertesulweb\">canale youtube<\/a> con numerosi tutorial.<\/li>\n<\/ul>\n<p>Disponibile su Crowdmap anche una <a title=\"link esterno\" href=\"https:\/\/porteapertesulweb.crowdmap.com\/\">mappa dei siti scolastici<\/a> realizzati con i modelli forniti da <a title=\"sito esterno\" href=\"http:\/\/www.porteapertesulweb.it\/\">Porte aperte sul web<\/a> con WordPress e con altri <acronym lang=\"en\" title=\"Content Management System\">CMS<\/acronym> open source.<\/p>\n<p>Il tema \u00e8 rilasciato con licenza GPL (GNU <em>General Public License<\/em>), mentre l\u2019architettura del sito, ed eventuali testi campione delle pagine, nonch\u00e9 le guide e i tutorial prodotti a corredo del modello sono rilasciati con licenza <a title=\"sito esterno\" href=\"http:\/\/creativecommons.org\/licenses\/by-nc-sa\/2.5\/it\/\">Creative Commons Attribuzione-Non commerciale-Condividi allo stesso modo<\/a> in modo da permetterne la diffusione e il riuso liberi con citazione degli autori e potr\u00e0 essere utilizzato dagli ambiti territoriali e dalle scuole che ne faranno richiesta.<\/p>\n","protected":false},"excerpt":{"rendered":"<p>Questo sito \u00e8 realizzato in ambiente WordPress, CMS open source. Il sito \u00e8 stato realizzato da \u2026 Il modello di sito \u00e8 stato messo a disposizione dalla comunit\u00e0 di pratica Porte aperte sul web, promossa da USR Lombardia, e gestita con passione e professionalit\u00e0 da docenti, personale amministrativo ed appassionati di diverse regioni italiane. Porte&nbsp; &nbsp; <a class=\"moretag\" href=\"http:\/\/scuole.rimini.com\/cd6rimini.gov.it\/il-sito\/crediti\/\" title=\"Leggi l&#180;intero articolo\">&raquo;<\/a><\/p>\n","protected":false},"author":1,"featured_media":0,"parent":13,"menu_order":5,"comment_status":"open","ping_status":"open","template":"","meta":[],"_links":{"self":[{"href":"http:\/\/scuole.rimini.com\/cd6rimini.gov.it\/wp-json\/wp\/v2\/pages\/6979"}],"collection":[{"href":"http:\/\/scuole.rimini.com\/cd6rimini.gov.it\/wp-json\/wp\/v2\/pages"}],"about":[{"href":"http:\/\/scuole.rimini.com\/cd6rimini.gov.it\/wp-json\/wp\/v2\/types\/page"}],"author":[{"embeddable":true,"href":"http:\/\/scuole.rimini.com\/cd6rimini.gov.it\/wp-json\/wp\/v2\/users\/1"}],"replies":[{"embeddable":true,"href":"http:\/\/scuole.rimini.com\/cd6rimini.gov.it\/wp-json\/wp\/v2\/comments?post=6979"}],"version-history":[{"count":0,"href":"http:\/\/scuole.rimini.com\/cd6rimini.gov.it\/wp-json\/wp\/v2\/pages\/6979\/revisions"}],"up":[{"embeddable":true,"href":"http:\/\/scuole.rimini.com\/cd6rimini.gov.it\/wp-json\/wp\/v2\/pages\/13"}],"wp:attachment":[{"href":"http:\/\/scuole.rimini.com\/cd6rimini.gov.it\/wp-json\/wp\/v2\/media?parent=6979"}],"curies":[{"name":"wp","href":"https:\/\/api.w.org\/{rel}","templated":true}]}}