{"id":7240,"date":"2014-12-15T22:30:24","date_gmt":"2014-12-15T21:30:24","guid":{"rendered":"http:\/\/scuole.rimini.com\/cd6rimini.gov.it\/?page_id=7240"},"modified":"2018-09-24T23:06:41","modified_gmt":"2018-09-24T21:06:41","slug":"scuola-primaria-g-b-casti","status":"publish","type":"page","link":"http:\/\/scuole.rimini.com\/cd6rimini.gov.it\/la-scuola\/strutture\/scuola-primaria-g-b-casti\/","title":{"rendered":"Scuola Primaria &#8220;G. B. Casti&#8221;"},"content":{"rendered":"<h3 style=\"text-align: center;\"><span style=\"color: #993366;\"><strong><img loading=\"lazy\" class=\"wp-image-15135 alignright\" src=\"http:\/\/scuole.rimini.com\/cd6rimini.gov.it\/wp-content\/uploads\/2014\/12\/CIMG2098-300x199.jpg\" alt=\"CIMG2098\" width=\"391\" height=\"259\" srcset=\"http:\/\/scuole.rimini.com\/cd6rimini.gov.it\/wp-content\/uploads\/2014\/12\/CIMG2098-300x199.jpg 300w, http:\/\/scuole.rimini.com\/cd6rimini.gov.it\/wp-content\/uploads\/2014\/12\/CIMG2098-768x510.jpg 768w, http:\/\/scuole.rimini.com\/cd6rimini.gov.it\/wp-content\/uploads\/2014\/12\/CIMG2098-1024x680.jpg 1024w\" sizes=\"(max-width: 391px) 100vw, 391px\" \/><\/strong><\/span><\/h3>\n<h3 style=\"text-align: center;\"><\/h3>\n<h3 style=\"text-align: center;\"><\/h3>\n<h3 style=\"text-align: center;\"><\/h3>\n<h3 style=\"text-align: center;\"><\/h3>\n<h3 style=\"text-align: center;\"><\/h3>\n<h3 style=\"text-align: center;\"><\/h3>\n<h3 style=\"text-align: center;\"><\/h3>\n<h3 style=\"text-align: center;\"><\/h3>\n<h4 style=\"text-align: left;\"><span style=\"color: #000000;\"><strong>Il Plesso Casti \u00a0si trova nella sede della\u00a0<\/strong><strong style=\"color: #800000; font-size: 16px;\">Direzione del\u00a0<\/strong><strong>Circolo Didattico 6<\/strong><\/span><\/h4>\n<h4 style=\"text-align: left;\"><span style=\"color: #000000;\"><strong><br \/>\n<\/strong><\/span><strong style=\"color: #993366; text-align: center;\">Via G.B. Casti 13<\/strong><span style=\"color: #993366;\"><strong> &#8211; Rimini &#8211;<br \/>\nTel. 0541\/380363<br \/>\nFax. 0541\/386037<\/strong><\/span><\/h4>\n<h3>Per l&#8217; anno scolastico 2018-19 il Plesso Casti sar\u00e0 organizzato come segue:<\/h3>\n<h3><span style=\"color: #ff0000;\">Classi che fanno la settimana corta<img loading=\"lazy\" class=\"size-medium wp-image-15136 alignright\" src=\"http:\/\/scuole.rimini.com\/cd6rimini.gov.it\/wp-content\/uploads\/2014\/12\/CIMG2090-300x199.jpg\" alt=\"CIMG2090\" width=\"300\" height=\"199\" srcset=\"http:\/\/scuole.rimini.com\/cd6rimini.gov.it\/wp-content\/uploads\/2014\/12\/CIMG2090-300x199.jpg 300w, http:\/\/scuole.rimini.com\/cd6rimini.gov.it\/wp-content\/uploads\/2014\/12\/CIMG2090-768x510.jpg 768w, http:\/\/scuole.rimini.com\/cd6rimini.gov.it\/wp-content\/uploads\/2014\/12\/CIMG2090-1024x680.jpg 1024w\" sizes=\"(max-width: 300px) 100vw, 300px\" \/><br \/>\ndal luned\u00ec al venerd\u00ec<br \/>\ncon un giorno lungo<br \/>\n<\/span><\/h3>\n<p>Classi 1^ A \/ 1^B \/ 2^ A \/ 2^ B \/ 3^ A \/ 3^ B \/4^ A \/ 4^ B\/5^ A\/5^B<br \/>\n8:00\u00a0 &#8211; 16:00 il giorno lungo<br \/>\n8:00 &#8211; 13:00\u00a0 i giorni senza rientro<\/p>\n<p><img loading=\"lazy\" class=\"wp-image-14146 alignright\" src=\"http:\/\/scuole.rimini.com\/cd6rimini.gov.it\/wp-content\/uploads\/2014\/12\/ACCOGLIENZA-LAVORATA-300x206.jpg\" alt=\"ACCOGLIENZA LAVORATA\" width=\"248\" height=\"170\" srcset=\"http:\/\/scuole.rimini.com\/cd6rimini.gov.it\/wp-content\/uploads\/2014\/12\/ACCOGLIENZA-LAVORATA-300x206.jpg 300w, http:\/\/scuole.rimini.com\/cd6rimini.gov.it\/wp-content\/uploads\/2014\/12\/ACCOGLIENZA-LAVORATA.jpg 631w\" sizes=\"(max-width: 248px) 100vw, 248px\" \/><\/p>\n<h3><span style=\"color: #ff0000;\">Classi\u00a0a tempo pieno<br \/>\n<\/span><\/h3>\n<p>1^, 2^, 3^, 4^, 5^ C<br \/>\n08:00 \u2013 16:00\u00a0 dal Luned\u00ec al Venerd\u00ec<\/p>\n<p>&nbsp;<\/p>\n<p style=\"text-align: center;\"><span style=\"color: #ff0000;\"><strong>RIENTRI SETTIMANALI DA OTTOBRE 2018<br \/>\n<\/strong><\/span><\/p>\n<h4>Luned\u00ec _ classi prime<\/h4>\n<h4>Marted\u00ec_ classi seconde<\/h4>\n<h4>Mercoled\u00ec_ classi terze<a href=\"http:\/\/scuole.rimini.com\/cd6rimini.gov.it\/la-scuola\/strutture\/scuola-primaria-g-b-casti\/20151110_152048\/\" rel=\"attachment wp-att-14120\"><img loading=\"lazy\" class=\"size-medium wp-image-14120 alignright\" src=\"http:\/\/scuole.rimini.com\/cd6rimini.gov.it\/wp-content\/uploads\/2014\/12\/20151110_152048-e1474216911488-300x169.jpg\" alt=\"20151110_152048\" width=\"300\" height=\"169\" srcset=\"http:\/\/scuole.rimini.com\/cd6rimini.gov.it\/wp-content\/uploads\/2014\/12\/20151110_152048-e1474216911488-300x169.jpg 300w, http:\/\/scuole.rimini.com\/cd6rimini.gov.it\/wp-content\/uploads\/2014\/12\/20151110_152048-e1474216911488.jpg 448w\" sizes=\"(max-width: 300px) 100vw, 300px\" \/><\/a><\/h4>\n<h4>Gioved\u00ec_ classi quarte<\/h4>\n<h4>Venerd\u00ec_classi quinte<\/h4>\n<p>&nbsp;<\/p>\n<p>Laboratori PON con Sede al Plesso Casti<\/p>\n<p><img loading=\"lazy\" class=\"alignnone wp-image-19939 size-large\" src=\"http:\/\/scuole.rimini.com\/cd6rimini.gov.it\/wp-content\/uploads\/2017\/09\/pon-casti-volnatini-1024x690.jpg\" alt=\"\" width=\"1024\" height=\"690\" srcset=\"http:\/\/scuole.rimini.com\/cd6rimini.gov.it\/wp-content\/uploads\/2017\/09\/pon-casti-volnatini-1024x690.jpg 1024w, http:\/\/scuole.rimini.com\/cd6rimini.gov.it\/wp-content\/uploads\/2017\/09\/pon-casti-volnatini-300x202.jpg 300w, http:\/\/scuole.rimini.com\/cd6rimini.gov.it\/wp-content\/uploads\/2017\/09\/pon-casti-volnatini-768x518.jpg 768w, http:\/\/scuole.rimini.com\/cd6rimini.gov.it\/wp-content\/uploads\/2017\/09\/pon-casti-volnatini-180x121.jpg 180w, http:\/\/scuole.rimini.com\/cd6rimini.gov.it\/wp-content\/uploads\/2017\/09\/pon-casti-volnatini.jpg 1301w\" sizes=\"(max-width: 1024px) 100vw, 1024px\" \/><\/p>\n","protected":false},"excerpt":{"rendered":"<p>Il Plesso Casti \u00a0si trova nella sede della\u00a0Direzione del\u00a0Circolo Didattico 6 Via G.B. Casti 13 &#8211; Rimini &#8211; Tel. 0541\/380363 Fax. 0541\/386037 Per l&#8217; anno scolastico 2018-19 il Plesso Casti sar\u00e0 organizzato come segue: Classi che fanno la settimana corta dal luned\u00ec al venerd\u00ec con un giorno lungo Classi 1^ A \/ 1^B \/ 2^&nbsp; &nbsp; <a class=\"moretag\" href=\"http:\/\/scuole.rimini.com\/cd6rimini.gov.it\/la-scuola\/strutture\/scuola-primaria-g-b-casti\/\" title=\"Leggi l&#180;intero articolo\">&raquo;<\/a><\/p>\n","protected":false},"author":1,"featured_media":14120,"parent":91,"menu_order":0,"comment_status":"closed","ping_status":"open","template":"","meta":[],"_links":{"self":[{"href":"http:\/\/scuole.rimini.com\/cd6rimini.gov.it\/wp-json\/wp\/v2\/pages\/7240"}],"collection":[{"href":"http:\/\/scuole.rimini.com\/cd6rimini.gov.it\/wp-json\/wp\/v2\/pages"}],"about":[{"href":"http:\/\/scuole.rimini.com\/cd6rimini.gov.it\/wp-json\/wp\/v2\/types\/page"}],"author":[{"embeddable":true,"href":"http:\/\/scuole.rimini.com\/cd6rimini.gov.it\/wp-json\/wp\/v2\/users\/1"}],"replies":[{"embeddable":true,"href":"http:\/\/scuole.rimini.com\/cd6rimini.gov.it\/wp-json\/wp\/v2\/comments?post=7240"}],"version-history":[{"count":83,"href":"http:\/\/scuole.rimini.com\/cd6rimini.gov.it\/wp-json\/wp\/v2\/pages\/7240\/revisions"}],"predecessor-version":[{"id":19945,"href":"http:\/\/scuole.rimini.com\/cd6rimini.gov.it\/wp-json\/wp\/v2\/pages\/7240\/revisions\/19945"}],"up":[{"embeddable":true,"href":"http:\/\/scuole.rimini.com\/cd6rimini.gov.it\/wp-json\/wp\/v2\/pages\/91"}],"wp:featuredmedia":[{"embeddable":true,"href":"http:\/\/scuole.rimini.com\/cd6rimini.gov.it\/wp-json\/wp\/v2\/media\/14120"}],"wp:attachment":[{"href":"http:\/\/scuole.rimini.com\/cd6rimini.gov.it\/wp-json\/wp\/v2\/media?parent=7240"}],"curies":[{"name":"wp","href":"https:\/\/api.w.org\/{rel}","templated":true}]}}