{"id":7246,"date":"2014-12-15T22:33:24","date_gmt":"2014-12-15T21:33:24","guid":{"rendered":"http:\/\/scuole.rimini.com\/cd6rimini.gov.it\/?page_id=7246"},"modified":"2018-09-25T00:40:13","modified_gmt":"2018-09-24T22:40:13","slug":"scuola-primaria-gaiofana","status":"publish","type":"page","link":"http:\/\/scuole.rimini.com\/cd6rimini.gov.it\/la-scuola\/strutture\/scuola-primaria-gaiofana\/","title":{"rendered":"Scuola Primaria &#8220;Gaiofana&#8221;"},"content":{"rendered":"<div id=\"attachment_8866\" style=\"width: 365px\" class=\"wp-caption aligncenter\"><img aria-describedby=\"caption-attachment-8866\" loading=\"lazy\" class=\" wp-image-8866\" src=\"http:\/\/scuole.rimini.com\/cd6rimini.gov.it\/wp-content\/uploads\/2015\/01\/gaiofana-pagina-base-300x225.jpg\" alt=\"Scuola Primaria &quot;Gaiofana&quot;\" width=\"355\" height=\"266\" srcset=\"http:\/\/scuole.rimini.com\/cd6rimini.gov.it\/wp-content\/uploads\/2015\/01\/gaiofana-pagina-base-300x225.jpg 300w, http:\/\/scuole.rimini.com\/cd6rimini.gov.it\/wp-content\/uploads\/2015\/01\/gaiofana-pagina-base.jpg 1024w\" sizes=\"(max-width: 355px) 100vw, 355px\" \/><p id=\"caption-attachment-8866\" class=\"wp-caption-text\">Scuola Primaria &#8220;Gaiofana&#8221;<\/p><\/div>\n<p>&nbsp;<\/p>\n<p style=\"text-align: left;\">Dal <span style=\"color: #ff0000;\">7 gennaio 2014<\/span> le lezioni si svolgono\u00a0presso la <span style=\"color: #ff0000;\">nuova sede<\/span> inaugurata il 23\/12\/2013<\/p>\n<p style=\"text-align: left;\">La struttura si trova in via don Milani nella nuova zona di Gaiofana.<\/p>\n<p style=\"text-align: left;\">Ha cinque grandi aule moderne, un&#8217;aula insegnanti e un laboratorio, tutte attrezzate, cablate in rete \u00a0con riscaldamento a pavimento, pannelli solari e impianto elettrico a sensori.<\/p>\n<p style=\"text-align: left;\">Sorge all&#8217;interno di un grandi terreno adibito a giardino con pista ciclabile che porta direttamente a scuola.<\/p>\n<p>&nbsp;<\/p>\n<h2 style=\"text-align: center;\">Anno Scolastico 2018\/2019<\/h2>\n<h3 style=\"text-align: center;\">\u00a0ORARIO DEFINITIVO<\/h3>\n<p>&nbsp;<\/p>\n<p>Classe 1^, 2^, \u00a03^, 4^ e\u00a05^ A<img loading=\"lazy\" class=\"size-medium wp-image-15168 alignright\" src=\"http:\/\/scuole.rimini.com\/cd6rimini.gov.it\/wp-content\/uploads\/2014\/12\/17-e-giochi-sportivi-in-cui-mostriamo-grande-destrezza.-300x169.jpg\" alt=\"17 e giochi sportivi in cui mostriamo grande destrezza.\" width=\"300\" height=\"169\" srcset=\"http:\/\/scuole.rimini.com\/cd6rimini.gov.it\/wp-content\/uploads\/2014\/12\/17-e-giochi-sportivi-in-cui-mostriamo-grande-destrezza.-300x169.jpg 300w, http:\/\/scuole.rimini.com\/cd6rimini.gov.it\/wp-content\/uploads\/2014\/12\/17-e-giochi-sportivi-in-cui-mostriamo-grande-destrezza.-768x432.jpg 768w, http:\/\/scuole.rimini.com\/cd6rimini.gov.it\/wp-content\/uploads\/2014\/12\/17-e-giochi-sportivi-in-cui-mostriamo-grande-destrezza.-1024x576.jpg 1024w, http:\/\/scuole.rimini.com\/cd6rimini.gov.it\/wp-content\/uploads\/2014\/12\/17-e-giochi-sportivi-in-cui-mostriamo-grande-destrezza..jpg 1600w\" sizes=\"(max-width: 300px) 100vw, 300px\" \/><br \/>\n08:00-13:00\u00a0 dal Luned\u00ec al Venerd\u00ec<br \/>\n08:00 &#8211;\u00a016:00 il giorno di rientro pomeridiano<\/p>\n<p>&nbsp;<\/p>\n<p style=\"text-align: center;\"><span style=\"color: #ff00ff;\">_<br \/>\n<\/span><\/p>\n<p style=\"text-align: center;\">La scuola Gaiofana sar\u00e0 sede di alcuni laboratori PON e avr\u00e0 accesso prioritario alle attivit\u00e0 progettate alla palestra del Villaggio come dal volantino sottostante:<\/p>\n<p style=\"text-align: center;\"><img loading=\"lazy\" class=\"alignnone wp-image-19948 size-large\" src=\"http:\/\/scuole.rimini.com\/cd6rimini.gov.it\/wp-content\/uploads\/2014\/12\/volantini-pon-gaiofana-1024x720.png\" alt=\"\" width=\"1024\" height=\"720\" srcset=\"http:\/\/scuole.rimini.com\/cd6rimini.gov.it\/wp-content\/uploads\/2014\/12\/volantini-pon-gaiofana-1024x720.png 1024w, http:\/\/scuole.rimini.com\/cd6rimini.gov.it\/wp-content\/uploads\/2014\/12\/volantini-pon-gaiofana-300x211.png 300w, http:\/\/scuole.rimini.com\/cd6rimini.gov.it\/wp-content\/uploads\/2014\/12\/volantini-pon-gaiofana-768x540.png 768w, http:\/\/scuole.rimini.com\/cd6rimini.gov.it\/wp-content\/uploads\/2014\/12\/volantini-pon-gaiofana-180x127.png 180w, http:\/\/scuole.rimini.com\/cd6rimini.gov.it\/wp-content\/uploads\/2014\/12\/volantini-pon-gaiofana.png 1165w\" sizes=\"(max-width: 1024px) 100vw, 1024px\" \/><\/p>\n","protected":false},"excerpt":{"rendered":"<p>&nbsp; Dal 7 gennaio 2014 le lezioni si svolgono\u00a0presso la nuova sede inaugurata il 23\/12\/2013 La struttura si trova in via don Milani nella nuova zona di Gaiofana. Ha cinque grandi aule moderne, un&#8217;aula insegnanti e un laboratorio, tutte attrezzate, cablate in rete \u00a0con riscaldamento a pavimento, pannelli solari e impianto elettrico a sensori. Sorge&nbsp; &nbsp; <a class=\"moretag\" href=\"http:\/\/scuole.rimini.com\/cd6rimini.gov.it\/la-scuola\/strutture\/scuola-primaria-gaiofana\/\" title=\"Leggi l&#180;intero articolo\">&raquo;<\/a><\/p>\n","protected":false},"author":1,"featured_media":0,"parent":91,"menu_order":0,"comment_status":"closed","ping_status":"open","template":"","meta":[],"_links":{"self":[{"href":"http:\/\/scuole.rimini.com\/cd6rimini.gov.it\/wp-json\/wp\/v2\/pages\/7246"}],"collection":[{"href":"http:\/\/scuole.rimini.com\/cd6rimini.gov.it\/wp-json\/wp\/v2\/pages"}],"about":[{"href":"http:\/\/scuole.rimini.com\/cd6rimini.gov.it\/wp-json\/wp\/v2\/types\/page"}],"author":[{"embeddable":true,"href":"http:\/\/scuole.rimini.com\/cd6rimini.gov.it\/wp-json\/wp\/v2\/users\/1"}],"replies":[{"embeddable":true,"href":"http:\/\/scuole.rimini.com\/cd6rimini.gov.it\/wp-json\/wp\/v2\/comments?post=7246"}],"version-history":[{"count":26,"href":"http:\/\/scuole.rimini.com\/cd6rimini.gov.it\/wp-json\/wp\/v2\/pages\/7246\/revisions"}],"predecessor-version":[{"id":19950,"href":"http:\/\/scuole.rimini.com\/cd6rimini.gov.it\/wp-json\/wp\/v2\/pages\/7246\/revisions\/19950"}],"up":[{"embeddable":true,"href":"http:\/\/scuole.rimini.com\/cd6rimini.gov.it\/wp-json\/wp\/v2\/pages\/91"}],"wp:attachment":[{"href":"http:\/\/scuole.rimini.com\/cd6rimini.gov.it\/wp-json\/wp\/v2\/media?parent=7246"}],"curies":[{"name":"wp","href":"https:\/\/api.w.org\/{rel}","templated":true}]}}