{"id":7251,"date":"2014-12-15T22:47:16","date_gmt":"2014-12-15T21:47:16","guid":{"rendered":"http:\/\/scuole.rimini.com\/cd6rimini.gov.it\/?page_id=7251"},"modified":"2021-07-15T16:55:53","modified_gmt":"2021-07-15T14:55:53","slug":"calendario-scolastico","status":"publish","type":"page","link":"http:\/\/scuole.rimini.com\/cd6rimini.gov.it\/la-scuola\/calendario\/calendario-scolastico\/","title":{"rendered":"Calendario scolastico"},"content":{"rendered":"<p style=\"text-align: left;\"><strong>CALENDARIO\u00a0 LEZIONI\u00a0 E \u00a0ATTIVIT\u00c0\u00a0 DIDATTICHE SCUOLA\u00a0\u00a0 PRIMARIA 2021-2022<\/strong><\/p>\n<ul>\n<li>INIZIO LEZIONI:\u00a0 LUNED\u00cc 13 SETTEMBRE 2021<\/li>\n<li>FINE LEZIONI: SABATO 4 GIUGNO 2022<\/li>\n<\/ul>\n<p><strong>CALENDARIO\u00a0 LEZIONI\u00a0 E \u00a0ATTIVIT\u00c0\u00a0 DIDATTICHE SCUOLA \u00a0 INFANZIA<\/strong><\/p>\n<ul>\n<li>INIZIO ATTIVIT\u00c0: LUNED\u00cc 13 SETTEMBRE 2021<\/li>\n<li>FINE ATTIVIT\u00c0:\u00a0 GIOVEDI&#8217; 30 GIUGNO 2022<\/li>\n<\/ul>\n<p><b>FESTIVIT\u00c0<\/b><strong>\u00a0DI RILEVANZA NAZIONALE<\/strong><\/p>\n<ul>\n<li>14 Ottobre 2021 (Festa del Patrono)<\/li>\n<li>Luned\u00ec 1 Novembre 2021 (Tutti i Santi)<\/li>\n<li>Mercoled\u00ec 8 Dicembre\u00a0 2021 (Immacolata Concezione)<\/li>\n<li>Sabato 25 Dicembre 2021 (Santo Natale)<\/li>\n<li>Domenica 26 Dicembre 2021 (Santo Stefano)<\/li>\n<li>Sabato 1 Gennaio 2022 (Capodanno)<\/li>\n<li>Gioved\u00ec 6 Gennaio 2022 (Epifania)<\/li>\n<li>Luned\u00ec 18 Aprile 2022 (Luned\u00ec dell&#8217;Angelo)<\/li>\n<li>Luned\u00ec 25\u00a0 Aprile 2022\u00a0 (Anniversario della Liberazione)<\/li>\n<li>1 Maggio 2022 (Festa del Lavoro)<\/li>\n<li>Gioved\u00ec 2 Giugno 2022 (Festa Nazionale della Repubblica)<\/li>\n<\/ul>\n<p><strong style=\"line-height: 1.5;\">GIORNI DI SOSPENSIONE DELLE ATTIVIT\u00c0 DIDATTICHE<\/strong><\/p>\n<ul>\n<li>Marted\u00ec 2 Novembre 2021 (Commemorazione dei defunti)<\/li>\n<\/ul>\n<p><strong>VACANZE NATALIZIE<\/strong><\/p>\n<ul>\n<li>Da venerd\u00ec 24 Dicembre 2021\u00a0 a gioved\u00ec 6 Gennaio 2022 compresi<\/li>\n<\/ul>\n<p><strong>VACANZE PASQUALI<\/strong><\/p>\n<ul>\n<li>Da Gioved\u00ec 14 Aprile a Marted\u00ec 19 Aprile 2022 compresi<\/li>\n<\/ul>\n<p><strong>GIORNATE CON SOLO TURNO ANTIMERIDIANO DI LEZIONI\u00a0 e \u00a0ATTIVIT\u00c0\u2019 DIDATTICHE<\/strong><\/p>\n<p><strong>Saranno sospesi i rientri \/ le permanenze pomeridiane nei seguenti giorni, senza refezione scolastica nelle classi di scuola Primaria e con refezione scolastica nelle scuole dell&#8217;Infanzia (che seguiranno il modello orario della prima settimana di scuola)<\/strong><\/p>\n<ul>\n<li>Gioved\u00ec 23 Dicembre 2021 ( ultimo giorno di lezione prima delle vacanze natalizie)<\/li>\n<li>Marted\u00ec 1 Marzo 2022 ( marted\u00ec grasso)<\/li>\n<li>Mercoled\u00ec\u00a0 13 Aprile 2022 (ultimo giorno di lezione prima delle vacanze pasquali)<\/li>\n<\/ul>\n<p><strong>CHIUSURA UFFICI DI SEGRETERIA E DIREZIONE<\/strong><\/p>\n<ul>\n<li>2 Novembre 2021<\/li>\n<li>24 Dicembre 2021<\/li>\n<li>31 Dicembre 2021<\/li>\n<li>5 Gennaio 2022<\/li>\n<li>16 Aprile 2022<\/li>\n<li>I sabati dei mesi di Luglio e Agosto 2021 a partire dal 2\/7\/2022\u00a0 fino al al giorno 21\/08\/2022<\/li>\n<\/ul>\n<p><strong>Il Consiglio di Circolo ha deliberato di:<\/strong><\/p>\n<ul>\n<li>Realizzare tre giornate con solo turno antimeridiano di lezione e attivit\u00e0 didattica per\u00a0 Gioved\u00ec 23 Dicembre 2022 (ultimo giorno di lezione prima delle vacanze natalizie), marted\u00ec 1 Marzo 2022 (marted\u00ec grasso) e Mercoled\u00ec\u00a0 13 Aprile\u00a0 2022 (ultimo giorno di scuola prima delle vacanze pasquali). In tali giornate per le scuole dell\u2019infanzia sar\u00e0 garantito il servizio di refezione scolastica, mentre per le classi di scuola primaria non sar\u00e0 erogato tale servizio.<\/li>\n<li>Adattare il calendario scolastico ad esigenze educativo-didattiche del Piano dell\u2019offerta formativa e in considerazione della prevedibile bassa frequenza scolastica nella giornata di Venerd\u00ec 7 Gennaio 2022. Il Consiglio dispone la sospensione, in tale giornata, delle lezioni nelle scuole dell\u2019infanzia e primarie del Circolo con recupero delle attivit\u00e0 didattiche nelle sole scuole primarie.<\/li>\n<\/ul>\n<p>In conformit\u00e0 con l\u2019orario scolastico fissato nelle scuole primarie del Circolo, nel giorno\u00a0 di Venerd\u00ec 7 Gennaio 2022\u00a0 sar\u00e0 sospesa l\u2019attivit\u00e0 nelle scuole dell\u2019infanzia di \u201cAlbero dei bambini\u201d, \u201cLa Capriola\u201d e \u201cLa Gabbianella\u201d. Tuttavia, non essendo scuola dell\u2019obbligo, per le sezioni di scuola dell\u2019infanzia non \u00e8 previsto recupero delle ore non effettuate per la sospensione\u00a0 (si prevede recupero delle ore lavorative non effettuate per il personale docente della scuola dell\u2019infanzia).<\/p>\n<p><strong>DELIBERA ORARI DI FUNZIONAMENTO E CALENDARIO SCOLASTICO 2021\/2022 (documento completo):<\/strong><\/p>\n<p>Delibera numero 57 Consiglio di Circolo &#8211; 29 Giugno 2021 &#8211; Calendario Scolastico e Orari di funzionamento<\/p>\n","protected":false},"excerpt":{"rendered":"<p>CALENDARIO\u00a0 LEZIONI\u00a0 E \u00a0ATTIVIT\u00c0\u00a0 DIDATTICHE SCUOLA\u00a0\u00a0 PRIMARIA 2021-2022 INIZIO LEZIONI:\u00a0 LUNED\u00cc 13 SETTEMBRE 2021 FINE LEZIONI: SABATO 4 GIUGNO 2022 CALENDARIO\u00a0 LEZIONI\u00a0 E \u00a0ATTIVIT\u00c0\u00a0 DIDATTICHE SCUOLA \u00a0 INFANZIA INIZIO ATTIVIT\u00c0: LUNED\u00cc 13 SETTEMBRE 2021 FINE ATTIVIT\u00c0:\u00a0 GIOVEDI&#8217; 30 GIUGNO 2022 FESTIVIT\u00c0\u00a0DI RILEVANZA NAZIONALE 14 Ottobre 2021 (Festa del Patrono) Luned\u00ec 1 Novembre 2021 (Tutti i&nbsp; &nbsp; <a class=\"moretag\" href=\"http:\/\/scuole.rimini.com\/cd6rimini.gov.it\/la-scuola\/calendario\/calendario-scolastico\/\" title=\"Leggi l&#180;intero articolo\">&raquo;<\/a><\/p>\n","protected":false},"author":1,"featured_media":0,"parent":95,"menu_order":0,"comment_status":"closed","ping_status":"open","template":"","meta":[],"_links":{"self":[{"href":"http:\/\/scuole.rimini.com\/cd6rimini.gov.it\/wp-json\/wp\/v2\/pages\/7251"}],"collection":[{"href":"http:\/\/scuole.rimini.com\/cd6rimini.gov.it\/wp-json\/wp\/v2\/pages"}],"about":[{"href":"http:\/\/scuole.rimini.com\/cd6rimini.gov.it\/wp-json\/wp\/v2\/types\/page"}],"author":[{"embeddable":true,"href":"http:\/\/scuole.rimini.com\/cd6rimini.gov.it\/wp-json\/wp\/v2\/users\/1"}],"replies":[{"embeddable":true,"href":"http:\/\/scuole.rimini.com\/cd6rimini.gov.it\/wp-json\/wp\/v2\/comments?post=7251"}],"version-history":[{"count":37,"href":"http:\/\/scuole.rimini.com\/cd6rimini.gov.it\/wp-json\/wp\/v2\/pages\/7251\/revisions"}],"predecessor-version":[{"id":25909,"href":"http:\/\/scuole.rimini.com\/cd6rimini.gov.it\/wp-json\/wp\/v2\/pages\/7251\/revisions\/25909"}],"up":[{"embeddable":true,"href":"http:\/\/scuole.rimini.com\/cd6rimini.gov.it\/wp-json\/wp\/v2\/pages\/95"}],"wp:attachment":[{"href":"http:\/\/scuole.rimini.com\/cd6rimini.gov.it\/wp-json\/wp\/v2\/media?parent=7251"}],"curies":[{"name":"wp","href":"https:\/\/api.w.org\/{rel}","templated":true}]}}