{"id":7262,"date":"2014-12-15T23:23:36","date_gmt":"2014-12-15T22:23:36","guid":{"rendered":"http:\/\/scuole.rimini.com\/cd6rimini.gov.it\/?page_id=7262"},"modified":"2021-07-15T18:31:15","modified_gmt":"2021-07-15T16:31:15","slug":"calendario-infanzia-la-gabbianella","status":"publish","type":"page","link":"http:\/\/scuole.rimini.com\/cd6rimini.gov.it\/la-scuola\/calendario\/calendario-infanzia-la-gabbianella\/","title":{"rendered":"Calendario Infanzia &#8220;La Gabbianella&#8221;"},"content":{"rendered":"<h3 style=\"text-align: center;\"><\/h3>\n<p><strong>\u00a0 \u00a0 \u00a0 \u00a0 \u00a0 \u00a0 \u00a0 \u00a0 \u00a0 \u00a0 \u00a0 \u00a0 \u00a0 \u00a0 \u00a0 \u00a0Orario di Funzionamento dal 13\/9\/2021 al 26\/9\/2021<\/strong><\/p>\n<p><strong>\u00a0<\/strong>Per rendere efficace il progetto accoglienza\u00a0 il tempo scuola per tutte le\u00a0<u>sezioni a 40 ore settimanali<\/u>\u00a0(tempo normale) delle scuole dell\u2019infanzia di \u201cAlbero dei Bambini\u201d , \u201cLa Capriola\u201d e \u201cLa Gabbianella\u201d sar\u00e0 ripartito come segue:<\/p>\n<table>\n<tbody>\n<tr>\n<td width=\"249\"><strong>\u00a0 \u00a0 \u00a0 \u00a0 \u00a0 \u00a0 \u00a0 \u00a0 \u00a0 GIORNO<\/strong><\/td>\n<td width=\"217\"><strong>\u00a0 \u00a0 \u00a0 \u00a0 \u00a0 \u00a0 \u00a0 \u00a0\u00a0<\/strong><strong>\u00a0 \u00a0 \u00a0 \u00a0 \u00a0ETA<\/strong><strong>&#8216;<\/strong><\/td>\n<td width=\"217\"><strong>\u00a0<\/strong><strong>\u00a0 \u00a0 \u00a0 \u00a0 \u00a0 \u00a0 \u00a0 \u00a0 ORARIO<\/strong><\/td>\n<\/tr>\n<tr>\n<td width=\"249\">13\/9\/2021<\/td>\n<td width=\"217\">4 \u2013 5 anni (iscritti dal precedente anno scolastico)<\/td>\n<td width=\"217\">08:00 \u2013 12:00<\/p>\n<p>(senza refezione)<\/td>\n<\/tr>\n<tr>\n<td width=\"249\">14\/9\/2021\u00a0 \u2013 15\/9\/2021<\/td>\n<td width=\"217\">Tutti gli iscritti<\/td>\n<td width=\"217\">08:00-12.00<\/p>\n<p>(senza refezione)<\/td>\n<\/tr>\n<tr>\n<td width=\"249\">16\/9\/2021 \u2013 24\/9\/2021<\/td>\n<td width=\"217\">Tutti gli iscritti<\/td>\n<td width=\"217\">08:00 \u2013 13:00 (con refezione, ad eccezione dei nuovi inserimenti da valutare)<\/td>\n<\/tr>\n<tr>\n<td width=\"249\">Dal 27\/9\/2021<\/td>\n<td width=\"217\">Tutti gli iscritti<\/td>\n<td width=\"217\">08:00 \u2013 16:00 (con refezione, salvo casi specifici di inserimento)<\/td>\n<\/tr>\n<\/tbody>\n<\/table>\n<p><strong><u>Nota specifica ai nuovi iscritti limitatamente ai primi giorni di scuola:<\/u><\/strong><\/p>\n<p>Dal 13 al 15 Settembre 2019 l\u2019orario dei nuovi iscritti sar\u00e0 scaglionato secondo un preciso calendario presentato alle famiglie degli alunni durante lo svolgimento delle riunioni preliminari all&#8217;avvio dell\u2019anno scolastico.<\/p>\n<p>Per facilitare l\u2019inserimento degli alunni <u>di tre anni<\/u> alle scuole dell\u2019infanzia del Circolo, i docenti accoglieranno i bambini <u>accompagnati dai propri genitori<\/u> secondo tale prospetto, <strong>che sar\u00e0 applicato solo nel caso in cui per la situazione sanitaria epidemiologica siano confermate le modalit\u00e0 operative gi\u00e0 applicate nel precedente anno scolastico<\/strong> ( suddivisione delle sezioni in \u201cbolle\u201d, distanziamento sociale, ingresso scansionato dei genitori)<\/p>\n<table style=\"height: 423px;\" border=\"1\" width=\"248\" cellspacing=\"0\" cellpadding=\"7\">\n<tbody>\n<tr valign=\"TOP\">\n<td width=\"218\">\n<p align=\"CENTER\"><b>Scuola dell\u2019Infanzia<\/b><\/p>\n<\/td>\n<td width=\"219\">\n<p align=\"CENTER\"><b>Giorno<\/b><\/p>\n<\/td>\n<td width=\"225\">\n<p align=\"CENTER\"><b>ORARIO<\/b><\/p>\n<\/td>\n<\/tr>\n<tr valign=\"TOP\">\n<td width=\"218\">\n<p align=\"CENTER\">La Gabbianella<\/p>\n<\/td>\n<td width=\"219\">Luned\u00ec 06\/09\/2021<\/p>\n<p>Marted\u00ec 07\/09\/2021<\/p>\n<p>Mercoled\u00ec 08\/09\/2021<\/td>\n<td width=\"225\">Gli alunni si recheranno a scuola a piccoli gruppi, in base ad orari scaglionati, nell\u2019arco della mattinata dalle ore 9:00 alle ore 12:00<\/td>\n<\/tr>\n<tr valign=\"TOP\">\n<td width=\"218\"><\/td>\n<td width=\"219\"><\/td>\n<td width=\"225\"><\/td>\n<\/tr>\n<tr valign=\"TOP\">\n<td width=\"218\"><\/td>\n<td width=\"219\"><\/td>\n<td width=\"225\"><\/td>\n<\/tr>\n<\/tbody>\n<\/table>\n<p><u><\/u><u><b>Nota relativa all&#8217;orario\u00a0di ingresso e di uscita<\/b><\/u><u>\u00a0<strong>alla scuola dell\u2019infanzia<\/strong><\/u><\/p>\n<p><u><\/u>L\u2019orario di\u00a0 ingresso della scuola dell\u2019infanzia, per tutte le sezioni, \u00e8 fissato dalle ore 8:00 alle ore 8:45.<\/p>\n<p>Ad eccezione dei primi giorni di scuola (dal 13\/9\/2021 al 15\/9\/2021 durante i quali l\u2019uscita \u00e8 prevista alle ore 12:00, nei rimanenti giorni l\u2019orario di uscita sar\u00e0 il seguente:<\/p>\n<p>&#8211; per tutte le sezioni a tempo normale (40 ore settimanali) dalle ore 12:45 alle ore 13:00<\/p>\n<p><strong>\u00a0 \u00a0 \u00a0 \u00a0 \u00a0 \u00a0 \u00a0 \u00a0 \u00a0 \u00a0 \u00a0 \u00a0 \u00a0 \u00a0 \u00a0 \u00a0 \u00a0 \u00a0 \u00a0 \u00a0 \u00a0 \u00a0 \u00a0 \u00a0 \u00a0 \u00a0 Orario dal 27\/9\/2021 al 24\/6\/2022<\/strong><\/p>\n<p><strong>\u00a0<\/strong><strong>\u201cLA GABBIANELLA\u201d<\/strong><\/p>\n<p>&#8211; Sezioni: Acqua, Aria, Fuoco e Terra\u00a0 \u00a0 \u00a0 \u00a0 \u00a0 \u00a0 \u00a0 \u00a0 \u00a0 \u00a0 08:00 \u2013 16:00\u00a0\u00a0\u00a0\u00a0\u00a0\u00a0\u00a0\u00a0\u00a0 dal Luned\u00ec al Venerd\u00ec<strong>\u00a0 \u00a0 \u00a0 \u00a0 \u00a0 \u00a0 \u00a0 \u00a0 \u00a0 \u00a0 \u00a0<\/strong><\/p>\n<p><u><b>\u00a0Nota relativa all&#8217;orario\u00a0di ingresso e di uscita<\/b><\/u><u>\u00a0<strong>alla scuola dell\u2019infanzia<\/strong><\/u><\/p>\n<p><u><\/u>L\u2019orario di\u00a0 ingresso della scuola dell\u2019infanzia, per tutte le sezioni, \u00e8 fissato dalle ore 08:00 alle ore 08:45.<\/p>\n<p>L\u2019orario di uscita per le sezioni a\u00a0 tempo normale (40 ore settimanali) \u00e8 il seguente:<\/p>\n<p>&#8211; prima uscita dalle ore 13:00 alle ore 13:30<\/p>\n<p>&#8211; seconda uscita dalle ore 15:45 alle ore 16:00<\/p>\n<p><strong>\u00a0 \u00a0 \u00a0 \u00a0 \u00a0 \u00a0 \u00a0 \u00a0 \u00a0 \u00a0 \u00a0 \u00a0 \u00a0 \u00a0 \u00a0 \u00a0 \u00a0 \u00a0 \u00a0 \u00a0 \u00a0 \u00a0 \u00a0 \u00a0 \u00a0 \u00a0 \u00a0 \u00a0 \u00a0Orario dal\u00a0 27\/6\/2022\u00a0 al 30\/6\/2022<\/strong><\/p>\n<p>Sezioni tempo normale (40 ore settimanali)<\/p>\n<ul>\n<li style=\"list-style-type: none;\">\n<ul>\n<li>l\u2019orario scolastico per le sezioni a tempo normale (40 ore settimanali) sar\u00e0 dalle ore 08:00 alle ore 13:30 con servizio di refezione scolastica<\/li>\n<li>l\u2019orario di uscita sar\u00e0 dalle ore 13:00 alle ore 13:30<\/li>\n<\/ul>\n<\/li>\n<\/ul>\n<p><strong>Orario di funzionamento scolastico durante la realizzazione di eventi particolari<\/strong><\/p>\n<p><strong>\u00a0 \u00a0 \u00a0 \u00a0 \u00a0 \u00a0 \u00a0 \u00a0 \u00a0 \u00a0 \u00a0 \u00a0 \u00a0 \u00a0 \u00a0 \u00a0 \u00a0 \u00a0 \u00a0 \u00a0 \u00a0 \u00a0 \u00a0 \u00a0 \u00a0 \u00a0 \u00a0 \u00a0 \u00a0 \u00a0 \u00a0 \u00a0 \u00a0 \u00a0 \u00a0 (Feste fine anno scolastico)<\/strong><\/p>\n<p><strong>\u00a0<\/strong>Durante la giornata decisa per la festa di fine anno\u00a0 l\u2019orario di funzionamento scolastico sar\u00e0 il seguente: in orario solo antimeridiano con il servizio di refezione scolastica, previa autorizzazione del Dirigente Scolastico e avviso alle famiglie.<\/p>\n","protected":false},"excerpt":{"rendered":"<p>\u00a0 \u00a0 \u00a0 \u00a0 \u00a0 \u00a0 \u00a0 \u00a0 \u00a0 \u00a0 \u00a0 \u00a0 \u00a0 \u00a0 \u00a0 \u00a0Orario di Funzionamento dal 13\/9\/2021 al 26\/9\/2021 \u00a0Per rendere efficace il progetto accoglienza\u00a0 il tempo scuola per tutte le\u00a0sezioni a 40 ore settimanali\u00a0(tempo normale) delle scuole dell\u2019infanzia di \u201cAlbero dei Bambini\u201d , \u201cLa Capriola\u201d e \u201cLa Gabbianella\u201d sar\u00e0 ripartito come&nbsp; &nbsp; <a class=\"moretag\" href=\"http:\/\/scuole.rimini.com\/cd6rimini.gov.it\/la-scuola\/calendario\/calendario-infanzia-la-gabbianella\/\" title=\"Leggi l&#180;intero articolo\">&raquo;<\/a><\/p>\n","protected":false},"author":1,"featured_media":0,"parent":95,"menu_order":0,"comment_status":"closed","ping_status":"open","template":"","meta":[],"_links":{"self":[{"href":"http:\/\/scuole.rimini.com\/cd6rimini.gov.it\/wp-json\/wp\/v2\/pages\/7262"}],"collection":[{"href":"http:\/\/scuole.rimini.com\/cd6rimini.gov.it\/wp-json\/wp\/v2\/pages"}],"about":[{"href":"http:\/\/scuole.rimini.com\/cd6rimini.gov.it\/wp-json\/wp\/v2\/types\/page"}],"author":[{"embeddable":true,"href":"http:\/\/scuole.rimini.com\/cd6rimini.gov.it\/wp-json\/wp\/v2\/users\/1"}],"replies":[{"embeddable":true,"href":"http:\/\/scuole.rimini.com\/cd6rimini.gov.it\/wp-json\/wp\/v2\/comments?post=7262"}],"version-history":[{"count":30,"href":"http:\/\/scuole.rimini.com\/cd6rimini.gov.it\/wp-json\/wp\/v2\/pages\/7262\/revisions"}],"predecessor-version":[{"id":25922,"href":"http:\/\/scuole.rimini.com\/cd6rimini.gov.it\/wp-json\/wp\/v2\/pages\/7262\/revisions\/25922"}],"up":[{"embeddable":true,"href":"http:\/\/scuole.rimini.com\/cd6rimini.gov.it\/wp-json\/wp\/v2\/pages\/95"}],"wp:attachment":[{"href":"http:\/\/scuole.rimini.com\/cd6rimini.gov.it\/wp-json\/wp\/v2\/media?parent=7262"}],"curies":[{"name":"wp","href":"https:\/\/api.w.org\/{rel}","templated":true}]}}