{"id":7290,"date":"2014-12-16T13:07:36","date_gmt":"2014-12-16T12:07:36","guid":{"rendered":"http:\/\/scuole.rimini.com\/cd6rimini.gov.it\/?page_id=7290"},"modified":"2018-11-25T18:22:34","modified_gmt":"2018-11-25T17:22:34","slug":"ci-vi-vo-g-b-casti","status":"publish","type":"page","link":"http:\/\/scuole.rimini.com\/cd6rimini.gov.it\/la-scuola\/ci-vi-vo\/ci-vi-vo-g-b-casti\/","title":{"rendered":"Ci.Vi.Vo. &#8220;G. B. Casti&#8221;"},"content":{"rendered":"<h6><span style=\"color: #ff0000; font-size: 2em; line-height: 1.5em;\">L&#8217;ESTATE DEL CIVIVO 2016<\/span><\/h6>\n<p>A fine anno scolastico abbiamo fatto il punto della situazione in una breve riunione. Nel documento informale che vi alleghiamo trovate sia i lavori di volontariato civico effettuati nell&#8217;anno scolastico 2015-16, sia i progetti ed alcune idee da rielaborare e incentivare per l&#8217;anno scolastico 2016.-17. A breve inviteremo tutti gli iscritti vecchi e nuovi per lanciare le attivit\u00e0 dell&#8217;anno in corso.\u00a0A margine vi\u00a0ricordiamo gli obiettivi del gruppo e le finalit\u00e0.<\/p>\n<p><a href=\"http:\/\/scuole.rimini.com\/cd6rimini.gov.it\/wp-content\/uploads\/2014\/12\/Civivo-Casti-Giugno-2016.pdf\">Civivo Casti Giugno 2016<\/a><\/p>\n<h6><img loading=\"lazy\" class=\"alignnone size-medium wp-image-20677\" src=\"http:\/\/scuole.rimini.com\/cd6rimini.gov.it\/wp-content\/uploads\/2018\/11\/20141005_180912-300x169.jpg\" alt=\"\" width=\"300\" height=\"169\" srcset=\"http:\/\/scuole.rimini.com\/cd6rimini.gov.it\/wp-content\/uploads\/2018\/11\/20141005_180912-300x169.jpg 300w, http:\/\/scuole.rimini.com\/cd6rimini.gov.it\/wp-content\/uploads\/2018\/11\/20141005_180912-768x432.jpg 768w, http:\/\/scuole.rimini.com\/cd6rimini.gov.it\/wp-content\/uploads\/2018\/11\/20141005_180912-1024x576.jpg 1024w, http:\/\/scuole.rimini.com\/cd6rimini.gov.it\/wp-content\/uploads\/2018\/11\/20141005_180912-180x101.jpg 180w\" sizes=\"(max-width: 300px) 100vw, 300px\" \/> <img loading=\"lazy\" class=\"alignnone size-medium wp-image-20678\" src=\"http:\/\/scuole.rimini.com\/cd6rimini.gov.it\/wp-content\/uploads\/2018\/11\/20141005_180928-300x169.jpg\" alt=\"\" width=\"300\" height=\"169\" srcset=\"http:\/\/scuole.rimini.com\/cd6rimini.gov.it\/wp-content\/uploads\/2018\/11\/20141005_180928-300x169.jpg 300w, http:\/\/scuole.rimini.com\/cd6rimini.gov.it\/wp-content\/uploads\/2018\/11\/20141005_180928-768x432.jpg 768w, http:\/\/scuole.rimini.com\/cd6rimini.gov.it\/wp-content\/uploads\/2018\/11\/20141005_180928-1024x576.jpg 1024w, http:\/\/scuole.rimini.com\/cd6rimini.gov.it\/wp-content\/uploads\/2018\/11\/20141005_180928-180x101.jpg 180w\" sizes=\"(max-width: 300px) 100vw, 300px\" \/> <img loading=\"lazy\" class=\"alignnone size-medium wp-image-20679\" src=\"http:\/\/scuole.rimini.com\/cd6rimini.gov.it\/wp-content\/uploads\/2018\/11\/20141005_181016-300x169.jpg\" alt=\"\" width=\"300\" height=\"169\" srcset=\"http:\/\/scuole.rimini.com\/cd6rimini.gov.it\/wp-content\/uploads\/2018\/11\/20141005_181016-300x169.jpg 300w, http:\/\/scuole.rimini.com\/cd6rimini.gov.it\/wp-content\/uploads\/2018\/11\/20141005_181016-768x432.jpg 768w, http:\/\/scuole.rimini.com\/cd6rimini.gov.it\/wp-content\/uploads\/2018\/11\/20141005_181016-1024x576.jpg 1024w, http:\/\/scuole.rimini.com\/cd6rimini.gov.it\/wp-content\/uploads\/2018\/11\/20141005_181016-180x101.jpg 180w\" sizes=\"(max-width: 300px) 100vw, 300px\" \/> <img loading=\"lazy\" class=\"alignnone size-medium wp-image-20683\" src=\"http:\/\/scuole.rimini.com\/cd6rimini.gov.it\/wp-content\/uploads\/2018\/11\/20141005_180928-1-300x169.jpg\" alt=\"\" width=\"300\" height=\"169\" srcset=\"http:\/\/scuole.rimini.com\/cd6rimini.gov.it\/wp-content\/uploads\/2018\/11\/20141005_180928-1-300x169.jpg 300w, http:\/\/scuole.rimini.com\/cd6rimini.gov.it\/wp-content\/uploads\/2018\/11\/20141005_180928-1-768x432.jpg 768w, http:\/\/scuole.rimini.com\/cd6rimini.gov.it\/wp-content\/uploads\/2018\/11\/20141005_180928-1-1024x576.jpg 1024w, http:\/\/scuole.rimini.com\/cd6rimini.gov.it\/wp-content\/uploads\/2018\/11\/20141005_180928-1-180x101.jpg 180w\" sizes=\"(max-width: 300px) 100vw, 300px\" \/> <img loading=\"lazy\" class=\"alignnone size-medium wp-image-20684\" src=\"http:\/\/scuole.rimini.com\/cd6rimini.gov.it\/wp-content\/uploads\/2018\/11\/20141005_181016-1-300x169.jpg\" alt=\"\" width=\"300\" height=\"169\" srcset=\"http:\/\/scuole.rimini.com\/cd6rimini.gov.it\/wp-content\/uploads\/2018\/11\/20141005_181016-1-300x169.jpg 300w, http:\/\/scuole.rimini.com\/cd6rimini.gov.it\/wp-content\/uploads\/2018\/11\/20141005_181016-1-768x432.jpg 768w, http:\/\/scuole.rimini.com\/cd6rimini.gov.it\/wp-content\/uploads\/2018\/11\/20141005_181016-1-1024x576.jpg 1024w, http:\/\/scuole.rimini.com\/cd6rimini.gov.it\/wp-content\/uploads\/2018\/11\/20141005_181016-1-180x101.jpg 180w\" sizes=\"(max-width: 300px) 100vw, 300px\" \/> <img loading=\"lazy\" class=\"alignnone size-medium wp-image-20685\" src=\"http:\/\/scuole.rimini.com\/cd6rimini.gov.it\/wp-content\/uploads\/2018\/11\/20141005_181028-1-300x169.jpg\" alt=\"\" width=\"300\" height=\"169\" srcset=\"http:\/\/scuole.rimini.com\/cd6rimini.gov.it\/wp-content\/uploads\/2018\/11\/20141005_181028-1-300x169.jpg 300w, http:\/\/scuole.rimini.com\/cd6rimini.gov.it\/wp-content\/uploads\/2018\/11\/20141005_181028-1-768x432.jpg 768w, http:\/\/scuole.rimini.com\/cd6rimini.gov.it\/wp-content\/uploads\/2018\/11\/20141005_181028-1-1024x576.jpg 1024w, http:\/\/scuole.rimini.com\/cd6rimini.gov.it\/wp-content\/uploads\/2018\/11\/20141005_181028-1-180x101.jpg 180w\" sizes=\"(max-width: 300px) 100vw, 300px\" \/> <img loading=\"lazy\" class=\"alignnone size-medium wp-image-20686\" src=\"http:\/\/scuole.rimini.com\/cd6rimini.gov.it\/wp-content\/uploads\/2018\/11\/20141005_181143-1-300x169.jpg\" alt=\"\" width=\"300\" height=\"169\" srcset=\"http:\/\/scuole.rimini.com\/cd6rimini.gov.it\/wp-content\/uploads\/2018\/11\/20141005_181143-1-300x169.jpg 300w, http:\/\/scuole.rimini.com\/cd6rimini.gov.it\/wp-content\/uploads\/2018\/11\/20141005_181143-1-768x432.jpg 768w, http:\/\/scuole.rimini.com\/cd6rimini.gov.it\/wp-content\/uploads\/2018\/11\/20141005_181143-1-1024x576.jpg 1024w, http:\/\/scuole.rimini.com\/cd6rimini.gov.it\/wp-content\/uploads\/2018\/11\/20141005_181143-1-180x101.jpg 180w\" sizes=\"(max-width: 300px) 100vw, 300px\" \/>\u00a0<img loading=\"lazy\" class=\"alignnone size-medium wp-image-7283\" src=\"http:\/\/scuole.rimini.com\/cd6rimini.gov.it\/wp-content\/uploads\/2014\/12\/logotipo_civivo_orizzontale_700.1326710534-300x86.jpg\" alt=\"\" width=\"300\" height=\"86\" srcset=\"http:\/\/scuole.rimini.com\/cd6rimini.gov.it\/wp-content\/uploads\/2014\/12\/logotipo_civivo_orizzontale_700.1326710534-300x86.jpg 300w, http:\/\/scuole.rimini.com\/cd6rimini.gov.it\/wp-content\/uploads\/2014\/12\/logotipo_civivo_orizzontale_700.1326710534.jpg 700w\" sizes=\"(max-width: 300px) 100vw, 300px\" \/><\/h6>\n<p><b>Le Finalit\u00e0 sono state <\/b><b> cos\u00ec delineate:<\/b><\/p>\n<p><b><\/b>&#8211; Promuovere la comunicazione, il confronto e lo scambio di esperienze tra i genitori con il loro coinvolgimento alla vita della scuola, al fine di ottenere una partecipazione pi\u00f9 attiva, responsabile e qualificata.<br \/>\n&#8211; Supportare l\u2019istituzione scolastica nella progettazione, gestione e manutenzione degli spazi comuni.<br \/>\n&#8211; Contribuire alla vita scolastica attraverso l\u2019apporto e la partecipazione all\u2019organizzazione di eventi , feste, iniziative culturali e formative.<br \/>\n&#8211; Promuovere raccolte fondi per sostenere specifici progetti che non hanno sufficiente copertura finanziaria da parte della scuola.<\/p>\n<p>Il Progetto \u00e8 stato approvato in Consiglio di Circolo, se ne \u00e8 proposta la candidatura della scuola Casti al Comune stabilendo un docente di riferimento e un genitore referente. Sono state raccolte le adesioni dei volontari che sono state portate in Comune dal genitore rappresentante. E\u2019 stata indetta una riunione di Presentazione dei bisogni, delle modalit\u00e0 di intervento dei volontari e delle esperienze gi\u00e0 presenti sul territorio. In quella sede sono stati illustrati i dettagli da parte dei delegati dell\u2019assessore comunale.<br \/>\nSi precisa che gli unici volontari che entreranno nell\u2019istituzione scolastica saranno esclusivamente quelli iscritti al progetto . (6\/03\/2014)<\/p>\n<p>Lavori svolti 2015\/2016<\/p>\n<p><a href=\"http:\/\/scuole.rimini.com\/cd6rimini.gov.it\/wp-content\/uploads\/2014\/12\/Avvisi-lavori-2016-Xgenitori.pdf\">Avvisi lavori 2016 Xgenitori<\/a><\/p>\n<h6><span style=\"color: #ff0000; font-size: 2em; line-height: 1.5em;\">L&#8217;ESTATE DEL CIVIVO 2014<\/span><\/h6>\n<p>Come programmato tra Giugno e Agosto 2014 si sono iniziate, realizzate o portate avanti le iniziative progettate a Marzo quando \u00e8 nato il Gruppo CIVIVO Casti. Per verificare gli intenti basta scorrere dal basso i primi post di questa pagina. Qui di seguito invece vi aggiorniamo in tempo reale sullo stato dei lavori e vi offriamo una piccola parte della documentazione fotografica raccolta.<br \/>\n<strong><span style=\"color: #ff0000;\">INGRESSO<\/span><\/strong><br \/>\nPrima di tutto \u00e8 stato completamente risanato l&#8217;ingresso della scuola e il lungo corridoio che porta alla palestra.<\/p>\n<p><img loading=\"lazy\" class=\"alignnone size-full wp-image-7289\" src=\"http:\/\/scuole.rimini.com\/cd6rimini.gov.it\/wp-content\/uploads\/2014\/12\/civivo-banner-150x50.jpg\" alt=\"\" width=\"150\" height=\"50\" \/><\/p>\n<p>Dopo aver distaccato il vecchio intonaco, ricoperto di giornali e protetti vetri e plafoniere, cartavetrato tutto il muro, un gruppo di genitori alternatosi tra i venerd\u00ec e i sabato di Giugno Luglio e Agosto, ha riimbiancato il soffitto e ricolorato il resto di un bellissimo GIALLO sistemando anche il nuovo battiscopa fattoci pervenire dal Comune.<a href=\"http:\/\/scuole.rimini.com\/dd6rimini.gov.it\/wp-content\/uploads\/2014\/04\/Colaz-sullERBA3ok.pdf\"><br \/>\n<\/a><\/p>\n<p><strong><span style=\"color: #ff0000;\">AULE<\/span><\/strong><\/p>\n<p>In contemporanea, e dopo aver ricevuto la vernice azzurra, alcuni genitori delle singole classi si sono adoperati per effettuare lo stesso lavoro soprattutto nelle aule dei loro figli che sono state ritinteggiate sia nella parte bassa azzurra che nella parte alta bianca.<\/p>\n<p><strong><span style=\"color: #ff0000;\">MENSA<\/span><\/strong><br \/>\nLa mensa a giugno appariva gi\u00e0 un ambiente veramente trasformato in quanto sono state ideate, stampate e montate alle finestre vetrofanie con ambientazioni naturali. Durante i pasti gli alunni potranno affacciarsi sul loro giardino e sognare di trovarsi immersi in una giungla popolata da simpatici e realissimi animali. Ora si \u00e8 aggiunto un tocco poetico e artistico che ha trasformato definitivamente la parete nord dell&#8217; habitat naturale marino in un regno acquatico dominato da una splendente sirena.<\/p>\n<p><strong><span style=\"color: #ff0000;\">LABORATORIO<br \/>\n<\/span><\/strong><span style=\"color: #ff0000;\"><span style=\"color: #000000;\">Un altro gruppo di genitori si \u00e8 occupato di sistemare la rete del laboratorio informatica. Utilizzando e assemblando i migliori pezzi dei pc in uso, in dono e in dotazione del plesso hanno creato 8 postazioni funzionanti e in rete, montato una mensola per gli switch che precedentemente erano su un banco, fatto &#8220;scomparire&#8221; magicamente i fili dietro alcune canaline che ci ha procurato il Comune. Notevole l&#8217;apporto per valutare la dotazione tecnologica non pi\u00f9 funzionante o obsoleta che si dovr\u00e0 scaricare o riciclare.<\/span><\/span><\/p>\n<p><strong><span style=\"color: #ff0000;\">BIBLIOTECA<\/span><\/strong><\/p>\n<p>Era urgente aproffittare delle vacanze per sistemare la zona lettura e creare un ambiente moderno, confortevole e utilizzabile in cui gli alunni e il personale docente potessero trovare i libri di narrativa, testi per le ricerche, libri magistrali, di didattica, consultarli e utilizzarli per l&#8217;eventuale scambio. Essendo la dotazione del plesso datata ci siamo informati e con un&#8217;adesione del Dirigente alla Biblioteca Gambalunga Ragazzi e una collaborazione con la Presidente Paola Bianchini, dovrebbero presto arrivare testi di narrativa di recente pubblicazione. In ogni caso i genitori del CIVIVO con alcune insegnanti hanno strutturato le librerie distinguendole per argomenti e ne hanno montata una nuova centrale per le ultime dotazioni.<\/p>\n<h6><span style=\"color: #ff0000; font-size: 2em; line-height: 1.5em;\">Inaugurazione Progetto Civivo Casti<\/span><\/h6>\n<p>&nbsp;<\/p>\n<h4>Durante la festa finale del 5 Giugno 2014, davanti alle autorit\u00e0 del Comune, \u00e8 avvenuto il taglio ufficiale del gruppo Civico Volontario del Casti e la consegna delle maglie ai volontari.<\/h4>\n<h2><span style=\"color: #ff0000;\">Gruppo &#8220;Bibliotecando&#8221;<\/span><\/h2>\n<p>In attesa di nuove donazioni o acquisti capaci di rinnovare la detenzione libraria della nostra scuola, alcuni genitori del Gruppo Ci.Vi.Vo si sono adoperati per dare la possibilit\u00e0 ai &#8220;vecchi ed usurati&#8221; libri della nostra biblioteca di respirare boccate di Primavera nel nostro giardino in modo che i bambini possano sfogliarli, leggerli o solo goderne la presenza!<\/p>\n<p>In ogni angolo di giardino hanno riciclato librerie e ne hanno costruite di nuove a &#8220;portata&#8221; di alunno &#8230;. portando l&#8217;annuncio del risveglio dei libri in ogni classe con questo volantino &#8212;&gt; <a href=\"http:\/\/scuole.rimini.com\/dd6rimini.gov.it\/wp-content\/uploads\/2014\/04\/libriprimavera.pdf\">libriprimavera<\/a><\/p>\n<h4><span style=\"color: #ff0000;\">Primo INTERVENTO concreto : &#8220;COLORIAMO LA MENSA&#8221;<\/span><\/h4>\n<p>Un ringraziamento grandissimo ai nostri &#8220;imbianCIVIVO&#8221; &#8230; guardate come splende tra i flutti azzurri del mare la nostra &#8220;nuova&#8221; MENSA del plesso CAsti.<\/p>\n<h1>Prima riunione operativa<\/h1>\n<h2><\/h2>\n<p>Gli iscritti sono stati convocati per una prima riunione operativa per determinare alcuni responsabili di lavoro a cui i diversi aderenti possano far riferimento. Si \u00e8 pensato al Gruppo Artistico per abbellimenti e grafica, al Gruppo Imbiancatura e Cartongesso, al gruppo Informatica, al Gruppo <span style=\"font-size: 14px; line-height: 1.5em;\">Lettura-Biblioteca e al gruppo Balli. Nel frattempo e in attesa di nuove convocazioni ci siamo recati per un sopralluogo tecnico con il Dirigente Scolastico alla casa del Custode per visionare lo stato dello stabile e l&#8217;eventuale destinazione futura degli spazi.<\/span><\/p>\n<h2><\/h2>\n<p>La casa del custode \u00e8 un piccolo edificio situato al centro del giardino della scuola Casti costituito da 5 vani pi\u00f9 servizi e da molti anni non utilizzato. Il Comune stesso ha svolto dei sopralluoghi giudicando troppo dispendiosa la destinazione degli stessi a uffici di Direzione e Segreteria. Lo spazio potrebbe anche accogliere laboratori di lettura o di creativit\u00e0 con alcune classi della scuola e diventare uno spazio didattico dedicato e particolare. Sicuramente il carico di lavoro richiederebbe in ogni caso una disinfestazione totale, un&#8217;imbiancatura con antimuffa, un ripristino dei servizi e controllo degli allacciamenti. In attesa di un&#8217;ipotetica scansione dei lavori si pubblicano le foto del primo sopralluogo del CIVIVO.<\/p>\n<h2><span style=\"color: #ff0000;\">ATTIVAZIONE DEL GRUPPO CI.VI.VO CASTI<\/span><\/h2>\n<p>La prima riunione di presentazione si \u00e8 tenuta il 6 Marzo 2014.<\/p>\n<p><b>Le Finalit\u00e0 sono state <\/b><b> cos\u00ec delineate:<\/b><\/p>\n<p><b><\/b>&#8211; Promuovere la comunicazione, il confronto e lo scambio di esperienze tra i genitori con il loro coinvolgimento alla vita della scuola, al fine di ottenere una partecipazione pi\u00f9 attiva, responsabile e qualificata.<br \/>\n&#8211; Supportare l\u2019istituzione scolastica nella progettazione, gestione e manutenzione degli spazi comuni.<br \/>\n&#8211; Contribuire alla vita scolastica attraverso l\u2019apporto e la partecipazione all\u2019organizzazione di eventi , feste, iniziative culturali e formative.<\/p>\n<p>&#8211; Promuovere raccolte fondi per sostenere specifici progetti che non hanno sufficiente copertura finanziaria da parte della scuola.<\/p>\n<p>Il Progetto \u00e8 stato approvato in Consiglio di Circolo, se ne \u00e8 proposta la candidatura della scuola Casti al Comune stabilendo un docente di riferimento e un genitore referente. Sono state raccolte le adesioni dei volontari che sono state portate in Comune dal genitore rappresentante. E\u2019 stata indetta una riunione di Presentazione dei bisogni, delle modalit\u00e0 di intervento dei volontari e delle esperienze gi\u00e0 presenti sul territorio. In quella sede sono stati illustrati i dettagli da parte dei delegati dell\u2019assessore comunale.<\/p>\n<p>Presto si svolger\u00e0 un mandato pubblico ai volontari con inaugurazione ufficiale del Progetto CI.VI.Vo Casti.<br \/>\nSi precisa che gli unici volontari che entreranno nell\u2019istituzione scolastica saranno esclusivamente quelli iscritti al progetto .<br \/>\nEssi verranno precedentemente convocati perch\u00e9 vengano loro illustrate le modalit\u00e0 di approccio pi\u00f9 adatte ai compiti prefissati.<br \/>\nTRA LE ATTIVITA\u2019 da organizzare si \u00e8 pensato alle seguenti azioni:<\/p>\n<p>Sistemazione casa del custode e palestra.<\/p>\n<p>Supporto tecnico per feste e eventi.<br \/>\nOrganizzazione mercatini di solidariet\u00e0 e autofinanziamento.<br \/>\nAnimazione alla lettura.<br \/>\nCambio libri biblioteca.<\/p>\n<p>Sistemazione arredi.<br \/>\nManutenzione e organizzazione laboratori del tempo pieno.<br \/>\nGite e uscite.<br \/>\nCollaborazione e cura dell\u2019 Orto.<br \/>\nAbbellimento e decoro Mensa.<br \/>\nManutenzione dei sussidi didattici: informatici, matematici, scientifici.<\/p>\n","protected":false},"excerpt":{"rendered":"<p>L&#8217;ESTATE DEL CIVIVO 2016 A fine anno scolastico abbiamo fatto il punto della situazione in una breve riunione. Nel documento informale che vi alleghiamo trovate sia i lavori di volontariato civico effettuati nell&#8217;anno scolastico 2015-16, sia i progetti ed alcune idee da rielaborare e incentivare per l&#8217;anno scolastico 2016.-17. A breve inviteremo tutti gli iscritti&nbsp; &nbsp; <a class=\"moretag\" href=\"http:\/\/scuole.rimini.com\/cd6rimini.gov.it\/la-scuola\/ci-vi-vo\/ci-vi-vo-g-b-casti\/\" title=\"Leggi l&#180;intero articolo\">&raquo;<\/a><\/p>\n","protected":false},"author":1,"featured_media":0,"parent":7287,"menu_order":0,"comment_status":"closed","ping_status":"open","template":"","meta":[],"_links":{"self":[{"href":"http:\/\/scuole.rimini.com\/cd6rimini.gov.it\/wp-json\/wp\/v2\/pages\/7290"}],"collection":[{"href":"http:\/\/scuole.rimini.com\/cd6rimini.gov.it\/wp-json\/wp\/v2\/pages"}],"about":[{"href":"http:\/\/scuole.rimini.com\/cd6rimini.gov.it\/wp-json\/wp\/v2\/types\/page"}],"author":[{"embeddable":true,"href":"http:\/\/scuole.rimini.com\/cd6rimini.gov.it\/wp-json\/wp\/v2\/users\/1"}],"replies":[{"embeddable":true,"href":"http:\/\/scuole.rimini.com\/cd6rimini.gov.it\/wp-json\/wp\/v2\/comments?post=7290"}],"version-history":[{"count":14,"href":"http:\/\/scuole.rimini.com\/cd6rimini.gov.it\/wp-json\/wp\/v2\/pages\/7290\/revisions"}],"predecessor-version":[{"id":20687,"href":"http:\/\/scuole.rimini.com\/cd6rimini.gov.it\/wp-json\/wp\/v2\/pages\/7290\/revisions\/20687"}],"up":[{"embeddable":true,"href":"http:\/\/scuole.rimini.com\/cd6rimini.gov.it\/wp-json\/wp\/v2\/pages\/7287"}],"wp:attachment":[{"href":"http:\/\/scuole.rimini.com\/cd6rimini.gov.it\/wp-json\/wp\/v2\/media?parent=7290"}],"curies":[{"name":"wp","href":"https:\/\/api.w.org\/{rel}","templated":true}]}}