{"id":7453,"date":"2014-12-30T21:48:09","date_gmt":"2014-12-30T20:48:09","guid":{"rendered":"http:\/\/scuole.rimini.com\/cd6rimini.gov.it\/?page_id=7453"},"modified":"2015-01-10T16:35:36","modified_gmt":"2015-01-10T15:35:36","slug":"crearte","status":"publish","type":"page","link":"http:\/\/scuole.rimini.com\/cd6rimini.gov.it\/didattica\/progetti-per-lampliamento-dellofferta-formativa\/progetti\/crearte\/","title":{"rendered":"12 Creativit\u00e0"},"content":{"rendered":"<h2 style=\"text-align: left;\"><span style=\"color: #ff0000;\">Progetti:<\/span><\/h2>\n<p><span style=\"color: #000000;\"><div class=\"pt-cv-wrapper\"><div class=\"pt-cv-view pt-cv-grid pt-cv-colsys\" id=\"pt-cv-view-ff22ce6e59\"><div data-id=\"pt-cv-page-1\" class=\"pt-cv-page\" data-cvc=\"2\"><div class=\"col-md-6 col-sm-6 col-xs-12 pt-cv-content-item pt-cv-1-col\" ><div class='pt-cv-ifield'><a href=\"http:\/\/scuole.rimini.com\/cd6rimini.gov.it\/carnevale-con-ulisse-i-genitori-attori-si-divertono-a-portare-in-scena-alcuni-personaggi-dellodissea\/\" class=\"_blank pt-cv-href-thumbnail pt-cv-thumb-default\" target=\"_blank\" ><\/a>\n<h4 class=\"pt-cv-title\"><a href=\"http:\/\/scuole.rimini.com\/cd6rimini.gov.it\/carnevale-con-ulisse-i-genitori-attori-si-divertono-a-portare-in-scena-alcuni-personaggi-dellodissea\/\" class=\"_blank\" target=\"_blank\" >&#8220;Carnevale con Ulisse&#8221;, i genitori\/attori si divertono a portare in scena alcuni personaggi dell&#8217;Odissea<\/a><\/h4>\n<div class=\"pt-cv-content\"> ...<br \/><a href=\"http:\/\/scuole.rimini.com\/cd6rimini.gov.it\/carnevale-con-ulisse-i-genitori-attori-si-divertono-a-portare-in-scena-alcuni-personaggi-dellodissea\/\" class=\"_blank pt-cv-readmore btn btn-success\" target=\"_blank\">Leggi Tutto<\/a><\/div><\/div><\/div>\n<div class=\"col-md-6 col-sm-6 col-xs-12 pt-cv-content-item pt-cv-1-col\" ><div class='pt-cv-ifield'><a href=\"http:\/\/scuole.rimini.com\/cd6rimini.gov.it\/ultimi-posti-laboratori-pon\/\" class=\"_blank pt-cv-href-thumbnail pt-cv-thumb-default\" target=\"_blank\" ><img width=\"270\" height=\"200\" src=\"http:\/\/scuole.rimini.com\/cd6rimini.gov.it\/wp-content\/uploads\/2018\/12\/pon2014.jpg\" class=\"pt-cv-thumbnail\" alt=\"\" loading=\"lazy\" srcset=\"http:\/\/scuole.rimini.com\/cd6rimini.gov.it\/wp-content\/uploads\/2018\/12\/pon2014.jpg 270w, http:\/\/scuole.rimini.com\/cd6rimini.gov.it\/wp-content\/uploads\/2018\/12\/pon2014-180x133.jpg 180w\" sizes=\"(max-width: 270px) 100vw, 270px\" \/><\/a>\n<h4 class=\"pt-cv-title\"><a href=\"http:\/\/scuole.rimini.com\/cd6rimini.gov.it\/ultimi-posti-laboratori-pon\/\" class=\"_blank\" target=\"_blank\" >Ultimi posti laboratori PON<\/a><\/h4>\n<div class=\"pt-cv-content\">Circ_063_2019-01-03 Iscrizioni-PON-2 quadr. Per chi ancora non avesse provveduto, sono disponibili alcuni posti. Si prega di iscriversi entro il 19 ...<br \/><a href=\"http:\/\/scuole.rimini.com\/cd6rimini.gov.it\/ultimi-posti-laboratori-pon\/\" class=\"_blank pt-cv-readmore btn btn-success\" target=\"_blank\">Leggi Tutto<\/a><\/div><\/div><\/div>\n<div class=\"col-md-6 col-sm-6 col-xs-12 pt-cv-content-item pt-cv-1-col\" ><div class='pt-cv-ifield'><a href=\"http:\/\/scuole.rimini.com\/cd6rimini.gov.it\/pon-in-matite-scatenate\/\" class=\"_blank pt-cv-href-thumbnail pt-cv-thumb-default\" target=\"_blank\" ><\/a>\n<h4 class=\"pt-cv-title\"><a href=\"http:\/\/scuole.rimini.com\/cd6rimini.gov.it\/pon-in-matite-scatenate\/\" class=\"_blank\" target=\"_blank\" >PON in Matite Scatenate<\/a><\/h4>\n<div class=\"pt-cv-content\">Pagina pubblicitaria dei Progetti PON a pagina 31 del\u00a0 Giornalino di Maggio 2018 \"Matite Scatenate\" Pubblicit\u00e0PON_giornalino2018 ...<br \/><a href=\"http:\/\/scuole.rimini.com\/cd6rimini.gov.it\/pon-in-matite-scatenate\/\" class=\"_blank pt-cv-readmore btn btn-success\" target=\"_blank\">Leggi Tutto<\/a><\/div><\/div><\/div>\n<div class=\"col-md-6 col-sm-6 col-xs-12 pt-cv-content-item pt-cv-1-col\" ><div class='pt-cv-ifield'><a href=\"http:\/\/scuole.rimini.com\/cd6rimini.gov.it\/lantico-egitto-raccontato-dai-bambini\/\" class=\"_blank pt-cv-href-thumbnail pt-cv-thumb-default\" target=\"_blank\" ><\/a>\n<h4 class=\"pt-cv-title\"><a href=\"http:\/\/scuole.rimini.com\/cd6rimini.gov.it\/lantico-egitto-raccontato-dai-bambini\/\" class=\"_blank\" target=\"_blank\" >L&#8217;antico Egitto raccontato dai bambini<\/a><\/h4>\n<div class=\"pt-cv-content\">Storia dell'Egitto animata e storytelling creativo.\u00a0Il\u00a0 Video \u00e8 stato\u00a0 ideato dagli alunni di classe 4 del Plesso Villaggio e reso ...<br \/><a href=\"http:\/\/scuole.rimini.com\/cd6rimini.gov.it\/lantico-egitto-raccontato-dai-bambini\/\" class=\"_blank pt-cv-readmore btn btn-success\" target=\"_blank\">Leggi Tutto<\/a><\/div><\/div><\/div>\n<div class=\"col-md-6 col-sm-6 col-xs-12 pt-cv-content-item pt-cv-1-col\" ><div class='pt-cv-ifield'><a href=\"http:\/\/scuole.rimini.com\/cd6rimini.gov.it\/matite-scatenate-2017\/\" class=\"_blank pt-cv-href-thumbnail pt-cv-thumb-default\" target=\"_blank\" ><\/a>\n<h4 class=\"pt-cv-title\"><a href=\"http:\/\/scuole.rimini.com\/cd6rimini.gov.it\/matite-scatenate-2017\/\" class=\"_blank\" target=\"_blank\" >Matite Scatenate 2017<\/a><\/h4>\n<div class=\"pt-cv-content\">Uscir\u00e0 a breve la nuova edizione... intanto per chi se lo fosse perso vi pubblichiamo il magnifico giornalino del sesto ...<br \/><a href=\"http:\/\/scuole.rimini.com\/cd6rimini.gov.it\/matite-scatenate-2017\/\" class=\"_blank pt-cv-readmore btn btn-success\" target=\"_blank\">Leggi Tutto<\/a><\/div><\/div><\/div>\n<div class=\"col-md-6 col-sm-6 col-xs-12 pt-cv-content-item pt-cv-1-col\" ><div class='pt-cv-ifield'><a href=\"http:\/\/scuole.rimini.com\/cd6rimini.gov.it\/pixel-art\/\" class=\"_blank pt-cv-href-thumbnail pt-cv-thumb-default\" target=\"_blank\" ><\/a>\n<h4 class=\"pt-cv-title\"><a href=\"http:\/\/scuole.rimini.com\/cd6rimini.gov.it\/pixel-art\/\" class=\"_blank\" target=\"_blank\" >PIXEL ART<\/a><\/h4>\n<div class=\"pt-cv-content\">Pixel art: come scrivere un codice che permetta a una macchina o, nel nostro caso, a un compagno di riprodurre ...<br \/><a href=\"http:\/\/scuole.rimini.com\/cd6rimini.gov.it\/pixel-art\/\" class=\"_blank pt-cv-readmore btn btn-success\" target=\"_blank\">Leggi Tutto<\/a><\/div><\/div><\/div>\n<div class=\"col-md-6 col-sm-6 col-xs-12 pt-cv-content-item pt-cv-1-col\" ><div class='pt-cv-ifield'><a href=\"http:\/\/scuole.rimini.com\/cd6rimini.gov.it\/tinkering\/\" class=\"_blank pt-cv-href-thumbnail pt-cv-thumb-default\" target=\"_blank\" ><\/a>\n<h4 class=\"pt-cv-title\"><a href=\"http:\/\/scuole.rimini.com\/cd6rimini.gov.it\/tinkering\/\" class=\"_blank\" target=\"_blank\" >Tinkering<\/a><\/h4>\n<div class=\"pt-cv-content\">Il tinkering \u00e8 una forma di apprendimento informale in cui si impara facendo. I bambini della III B della Scuola ...<br \/><a href=\"http:\/\/scuole.rimini.com\/cd6rimini.gov.it\/tinkering\/\" class=\"_blank pt-cv-readmore btn btn-success\" target=\"_blank\">Leggi Tutto<\/a><\/div><\/div><\/div>\n<div class=\"col-md-6 col-sm-6 col-xs-12 pt-cv-content-item pt-cv-1-col\" ><div class='pt-cv-ifield'><a href=\"http:\/\/scuole.rimini.com\/cd6rimini.gov.it\/esperienze-di-musicoterapia-per-una-scuola-inclusiva\/\" class=\"_blank pt-cv-href-thumbnail pt-cv-thumb-default\" target=\"_blank\" ><\/a>\n<h4 class=\"pt-cv-title\"><a href=\"http:\/\/scuole.rimini.com\/cd6rimini.gov.it\/esperienze-di-musicoterapia-per-una-scuola-inclusiva\/\" class=\"_blank\" target=\"_blank\" >Esperienze di musicoterapia&#8230;per una scuola inclusiva<\/a><\/h4>\n<div class=\"pt-cv-content\">Favorire le capacit\u00e0 cognitive, relazionali e le abilit\u00e0 affettive grazie all'utilizzo del suono. E' la sfida lanciata dalle insegnanti in ...<br \/><a href=\"http:\/\/scuole.rimini.com\/cd6rimini.gov.it\/esperienze-di-musicoterapia-per-una-scuola-inclusiva\/\" class=\"_blank pt-cv-readmore btn btn-success\" target=\"_blank\">Leggi Tutto<\/a><\/div><\/div><\/div>\n<div class=\"col-md-6 col-sm-6 col-xs-12 pt-cv-content-item pt-cv-1-col\" ><div class='pt-cv-ifield'><a href=\"http:\/\/scuole.rimini.com\/cd6rimini.gov.it\/il-finale-non-e-tanto-lo-spettacolo\/\" class=\"_blank pt-cv-href-thumbnail pt-cv-thumb-default\" target=\"_blank\" ><\/a>\n<h4 class=\"pt-cv-title\"><a href=\"http:\/\/scuole.rimini.com\/cd6rimini.gov.it\/il-finale-non-e-tanto-lo-spettacolo\/\" class=\"_blank\" target=\"_blank\" >\u201cIL FINALE NON \u00c8 TANTO LO SPETTACOLO\u2026\u201d<\/a><\/h4>\n<div class=\"pt-cv-content\">\u201cSi pu\u00f2 fare teatro ovunque, purch\u00e8 si trovi il luogo in cui viene a crearsi la condizione fondamentale per il ...<br \/><a href=\"http:\/\/scuole.rimini.com\/cd6rimini.gov.it\/il-finale-non-e-tanto-lo-spettacolo\/\" class=\"_blank pt-cv-readmore btn btn-success\" target=\"_blank\">Leggi Tutto<\/a><\/div><\/div><\/div>\n<div class=\"col-md-6 col-sm-6 col-xs-12 pt-cv-content-item pt-cv-1-col\" ><div class='pt-cv-ifield'><a href=\"http:\/\/scuole.rimini.com\/cd6rimini.gov.it\/le-pu-pazze\/\" class=\"_blank pt-cv-href-thumbnail pt-cv-thumb-default\" target=\"_blank\" ><img width=\"300\" height=\"207\" src=\"http:\/\/scuole.rimini.com\/cd6rimini.gov.it\/wp-content\/uploads\/2016\/05\/970237_495016663901279_48784419_n-300x207.jpg\" class=\"pt-cv-thumbnail\" alt=\"\" loading=\"lazy\" srcset=\"http:\/\/scuole.rimini.com\/cd6rimini.gov.it\/wp-content\/uploads\/2016\/05\/970237_495016663901279_48784419_n-300x207.jpg 300w, http:\/\/scuole.rimini.com\/cd6rimini.gov.it\/wp-content\/uploads\/2016\/05\/970237_495016663901279_48784419_n.jpg 460w\" sizes=\"(max-width: 300px) 100vw, 300px\" \/><\/a>\n<h4 class=\"pt-cv-title\"><a href=\"http:\/\/scuole.rimini.com\/cd6rimini.gov.it\/le-pu-pazze\/\" class=\"_blank\" target=\"_blank\" >Le Pu-pazze<\/a><\/h4>\n<div class=\"pt-cv-content\">Luned\u00ec 9 Maggio e Marted\u00ec 3 Maggio 2016 si \u00e8 concluso il Progetto Creativo a cui hanno aderito le classi ...<br \/><a href=\"http:\/\/scuole.rimini.com\/cd6rimini.gov.it\/le-pu-pazze\/\" class=\"_blank pt-cv-readmore btn btn-success\" target=\"_blank\">Leggi Tutto<\/a><\/div><\/div><\/div>\n<div class=\"col-md-6 col-sm-6 col-xs-12 pt-cv-content-item pt-cv-1-col\" ><div class='pt-cv-ifield'><a href=\"http:\/\/scuole.rimini.com\/cd6rimini.gov.it\/premio-nazionale-giornalista-per-un-giorno\/\" class=\"_blank pt-cv-href-thumbnail pt-cv-thumb-default\" target=\"_blank\" ><img width=\"225\" height=\"300\" src=\"http:\/\/scuole.rimini.com\/cd6rimini.gov.it\/wp-content\/uploads\/2015\/09\/IMG-20150913-WA0001-225x300.jpg\" class=\"pt-cv-thumbnail\" alt=\"\" loading=\"lazy\" srcset=\"http:\/\/scuole.rimini.com\/cd6rimini.gov.it\/wp-content\/uploads\/2015\/09\/IMG-20150913-WA0001-225x300.jpg 225w, http:\/\/scuole.rimini.com\/cd6rimini.gov.it\/wp-content\/uploads\/2015\/09\/IMG-20150913-WA0001-768x1024.jpg 768w, http:\/\/scuole.rimini.com\/cd6rimini.gov.it\/wp-content\/uploads\/2015\/09\/IMG-20150913-WA0001.jpg 1200w\" sizes=\"(max-width: 225px) 100vw, 225px\" \/><\/a>\n<h4 class=\"pt-cv-title\"><a href=\"http:\/\/scuole.rimini.com\/cd6rimini.gov.it\/premio-nazionale-giornalista-per-un-giorno\/\" class=\"_blank\" target=\"_blank\" >Premio Nazionale &#8220;Giornalista per un giorno&#8221;<\/a><\/h4>\n<div class=\"pt-cv-content\">Il giornale scolastico \"Matite Scatenate\" dal titolo annuale \"L'arte e la scienza del cibo\" (sesta edizione, relativa all'anno scolastico 2014-2015) ...<br \/><a href=\"http:\/\/scuole.rimini.com\/cd6rimini.gov.it\/premio-nazionale-giornalista-per-un-giorno\/\" class=\"_blank pt-cv-readmore btn btn-success\" target=\"_blank\">Leggi Tutto<\/a><\/div><\/div><\/div>\n<div class=\"col-md-6 col-sm-6 col-xs-12 pt-cv-content-item pt-cv-1-col\" ><div class='pt-cv-ifield'><a href=\"http:\/\/scuole.rimini.com\/cd6rimini.gov.it\/sono-speciali\/\" class=\"_blank pt-cv-href-thumbnail pt-cv-thumb-default\" target=\"_blank\" ><\/a>\n<h4 class=\"pt-cv-title\"><a href=\"http:\/\/scuole.rimini.com\/cd6rimini.gov.it\/sono-speciali\/\" class=\"_blank\" target=\"_blank\" >Sono speciali&#8230;<\/a><\/h4>\n<div class=\"pt-cv-content\">...Sono i piccoli attori della scuola\u201d Via dell\u2019Albero\". Venerd\u00ec 22 maggio 2015 presso la palestra \u201cGianni Rodari\u201d gli alunni della ...<br \/><a href=\"http:\/\/scuole.rimini.com\/cd6rimini.gov.it\/sono-speciali\/\" class=\"_blank pt-cv-readmore btn btn-success\" target=\"_blank\">Leggi Tutto<\/a><\/div><\/div><\/div>\n<div class=\"col-md-6 col-sm-6 col-xs-12 pt-cv-content-item pt-cv-1-col\" ><div class='pt-cv-ifield'><a href=\"http:\/\/scuole.rimini.com\/cd6rimini.gov.it\/una-giornata-specialein-mezzo-alla-natura-e-agli-animali\/\" class=\"_blank pt-cv-href-thumbnail pt-cv-thumb-default\" target=\"_blank\" ><\/a>\n<h4 class=\"pt-cv-title\"><a href=\"http:\/\/scuole.rimini.com\/cd6rimini.gov.it\/una-giornata-specialein-mezzo-alla-natura-e-agli-animali\/\" class=\"_blank\" target=\"_blank\" >Una giornata speciale\u2026in mezzo alla natura e agli animali!<\/a><\/h4>\n<div class=\"pt-cv-content\">Il 29 Aprile 2015 tutti i bambini della scuola dell\u2019infanzia \u201cVia dell\u2019 Albero\u201d, accompagnati da insegnanti e collaboratrici scolastiche, hanno ...<br \/><a href=\"http:\/\/scuole.rimini.com\/cd6rimini.gov.it\/una-giornata-specialein-mezzo-alla-natura-e-agli-animali\/\" class=\"_blank pt-cv-readmore btn btn-success\" target=\"_blank\">Leggi Tutto<\/a><\/div><\/div><\/div>\n<div class=\"col-md-6 col-sm-6 col-xs-12 pt-cv-content-item pt-cv-1-col\" ><div class='pt-cv-ifield'><a href=\"http:\/\/scuole.rimini.com\/cd6rimini.gov.it\/progetto-giornalino-2015\/\" class=\"_blank pt-cv-href-thumbnail pt-cv-thumb-default\" target=\"_blank\" ><\/a>\n<h4 class=\"pt-cv-title\"><a href=\"http:\/\/scuole.rimini.com\/cd6rimini.gov.it\/progetto-giornalino-2015\/\" class=\"_blank\" target=\"_blank\" >Progetto Giornalino<\/a><\/h4>\n<div class=\"pt-cv-content\">Matite Scatenate anche quest'anno si prepara ad essere pubblicato grazie a questo progetto L'arte e la scienza del cibo declinato ...<br \/><a href=\"http:\/\/scuole.rimini.com\/cd6rimini.gov.it\/progetto-giornalino-2015\/\" class=\"_blank pt-cv-readmore btn btn-success\" target=\"_blank\">Leggi Tutto<\/a><\/div><\/div><\/div>\n<div class=\"col-md-6 col-sm-6 col-xs-12 pt-cv-content-item pt-cv-1-col\" ><div class='pt-cv-ifield'><a href=\"http:\/\/scuole.rimini.com\/cd6rimini.gov.it\/crearte-2014-15\/\" class=\"_blank pt-cv-href-thumbnail pt-cv-thumb-default\" target=\"_blank\" ><\/a>\n<h4 class=\"pt-cv-title\"><a href=\"http:\/\/scuole.rimini.com\/cd6rimini.gov.it\/crearte-2014-15\/\" class=\"_blank\" target=\"_blank\" >Crearte<\/a><\/h4>\n<div class=\"pt-cv-content\">Il Progetto di Crearte fin dall'anno 2014-15 continua a svilupparsi\u00a0con successo e soddisfazione anche grazie all'esperto Giuseppe Pecci che propone ...<br \/><a href=\"http:\/\/scuole.rimini.com\/cd6rimini.gov.it\/crearte-2014-15\/\" class=\"_blank pt-cv-readmore btn btn-success\" target=\"_blank\">Leggi Tutto<\/a><\/div><\/div><\/div>\n<div class=\"col-md-6 col-sm-6 col-xs-12 pt-cv-content-item pt-cv-1-col\" ><div class='pt-cv-ifield'><a href=\"http:\/\/scuole.rimini.com\/cd6rimini.gov.it\/give-me-five\/\" class=\"_blank pt-cv-href-thumbnail pt-cv-thumb-default\" target=\"_blank\" ><\/a>\n<h4 class=\"pt-cv-title\"><a href=\"http:\/\/scuole.rimini.com\/cd6rimini.gov.it\/give-me-five\/\" class=\"_blank\" target=\"_blank\" >Give me five!<\/a><\/h4>\n<div class=\"pt-cv-content\">Crazy \u00e8 un simpatico burattino, un'allegra scimmietta che parla in modo buffo... parla in lingua inglese! Ed \u00e8 lei che ...<br \/><a href=\"http:\/\/scuole.rimini.com\/cd6rimini.gov.it\/give-me-five\/\" class=\"_blank pt-cv-readmore btn btn-success\" target=\"_blank\">Leggi Tutto<\/a><\/div><\/div><\/div>\n<div class=\"col-md-6 col-sm-6 col-xs-12 pt-cv-content-item pt-cv-1-col\" ><div class='pt-cv-ifield'><a href=\"http:\/\/scuole.rimini.com\/cd6rimini.gov.it\/carnevale-carnevale-e-una-festa-assai-speciale\/\" class=\"_blank pt-cv-href-thumbnail pt-cv-thumb-default\" target=\"_blank\" ><\/a>\n<h4 class=\"pt-cv-title\"><a href=\"http:\/\/scuole.rimini.com\/cd6rimini.gov.it\/carnevale-carnevale-e-una-festa-assai-speciale\/\" class=\"_blank\" target=\"_blank\" >&#8220;Carnevale, carnevale \u00e8 una festa assai speciale&#8230;&#8221;<\/a><\/h4>\n<div class=\"pt-cv-content\">Quella scuola del Villaggio Primo \u00a0Maggio, diventata improvvisamente troppo grande solo per i bambini della Scuola dell'infanzia \" La Gabbianella\",aveva ...<br \/><a href=\"http:\/\/scuole.rimini.com\/cd6rimini.gov.it\/carnevale-carnevale-e-una-festa-assai-speciale\/\" class=\"_blank pt-cv-readmore btn btn-success\" target=\"_blank\">Leggi Tutto<\/a><\/div><\/div><\/div>\n<div class=\"col-md-6 col-sm-6 col-xs-12 pt-cv-content-item pt-cv-1-col\" ><div class='pt-cv-ifield'><a href=\"http:\/\/scuole.rimini.com\/cd6rimini.gov.it\/mostra-crearte-progetto-di-educazione-all-immagine-laboratorio-di-creta-cartapesta-iconografia-e-pittura\/\" class=\"_blank pt-cv-href-thumbnail pt-cv-thumb-default\" target=\"_blank\" ><\/a>\n<h4 class=\"pt-cv-title\"><a href=\"http:\/\/scuole.rimini.com\/cd6rimini.gov.it\/mostra-crearte-progetto-di-educazione-all-immagine-laboratorio-di-creta-cartapesta-iconografia-e-pittura\/\" class=\"_blank\" target=\"_blank\" >Mostra CREARTE \u00a0&#8211; Progetto di educazione all&#8217;immagine, laboratorio di creta, cartapesta, \u00a0iconografia e pittura.<\/a><\/h4>\n<div class=\"pt-cv-content\"> ...<br \/><a href=\"http:\/\/scuole.rimini.com\/cd6rimini.gov.it\/mostra-crearte-progetto-di-educazione-all-immagine-laboratorio-di-creta-cartapesta-iconografia-e-pittura\/\" class=\"_blank pt-cv-readmore btn btn-success\" target=\"_blank\">Leggi Tutto<\/a><\/div><\/div><\/div>\n<div class=\"col-md-6 col-sm-6 col-xs-12 pt-cv-content-item pt-cv-1-col\" ><div class='pt-cv-ifield'><a href=\"http:\/\/scuole.rimini.com\/cd6rimini.gov.it\/matite-scatenate-2\/\" class=\"_blank pt-cv-href-thumbnail pt-cv-thumb-default\" target=\"_blank\" ><\/a>\n<h4 class=\"pt-cv-title\"><a href=\"http:\/\/scuole.rimini.com\/cd6rimini.gov.it\/matite-scatenate-2\/\" class=\"_blank\" target=\"_blank\" >Matite Scatenate<\/a><\/h4>\n<div class=\"pt-cv-content\">Da molti anni il nostro Circolo pubblica un giornalino a cui collaborano tutte le classi, in cui si allegano articoli, ...<br \/><a href=\"http:\/\/scuole.rimini.com\/cd6rimini.gov.it\/matite-scatenate-2\/\" class=\"_blank pt-cv-readmore btn btn-success\" target=\"_blank\">Leggi Tutto<\/a><\/div><\/div><\/div><\/div><\/div><\/div><\/span><\/p>\n<h1 style=\"text-align: left;\"><\/h1>\n<h2><\/h2>\n<p>&nbsp;<\/p>\n","protected":false},"excerpt":{"rendered":"<p>Progetti: &nbsp;<\/p>\n","protected":false},"author":1,"featured_media":0,"parent":78,"menu_order":0,"comment_status":"closed","ping_status":"open","template":"","meta":[],"_links":{"self":[{"href":"http:\/\/scuole.rimini.com\/cd6rimini.gov.it\/wp-json\/wp\/v2\/pages\/7453"}],"collection":[{"href":"http:\/\/scuole.rimini.com\/cd6rimini.gov.it\/wp-json\/wp\/v2\/pages"}],"about":[{"href":"http:\/\/scuole.rimini.com\/cd6rimini.gov.it\/wp-json\/wp\/v2\/types\/page"}],"author":[{"embeddable":true,"href":"http:\/\/scuole.rimini.com\/cd6rimini.gov.it\/wp-json\/wp\/v2\/users\/1"}],"replies":[{"embeddable":true,"href":"http:\/\/scuole.rimini.com\/cd6rimini.gov.it\/wp-json\/wp\/v2\/comments?post=7453"}],"version-history":[{"count":10,"href":"http:\/\/scuole.rimini.com\/cd6rimini.gov.it\/wp-json\/wp\/v2\/pages\/7453\/revisions"}],"predecessor-version":[{"id":7955,"href":"http:\/\/scuole.rimini.com\/cd6rimini.gov.it\/wp-json\/wp\/v2\/pages\/7453\/revisions\/7955"}],"up":[{"embeddable":true,"href":"http:\/\/scuole.rimini.com\/cd6rimini.gov.it\/wp-json\/wp\/v2\/pages\/78"}],"wp:attachment":[{"href":"http:\/\/scuole.rimini.com\/cd6rimini.gov.it\/wp-json\/wp\/v2\/media?parent=7453"}],"curies":[{"name":"wp","href":"https:\/\/api.w.org\/{rel}","templated":true}]}}