{"id":9183,"date":"2015-02-20T18:43:05","date_gmt":"2015-02-20T17:43:05","guid":{"rendered":"http:\/\/scuole.rimini.com\/cd6rimini.gov.it\/?page_id=9183"},"modified":"2017-05-27T00:09:07","modified_gmt":"2017-05-26T22:09:07","slug":"orto-delle-lune-seminiamo-buon-cibo","status":"publish","type":"page","link":"http:\/\/scuole.rimini.com\/cd6rimini.gov.it\/didattica\/progetti-per-lampliamento-dellofferta-formativa\/progetti\/ambiente-ed-alimentazione\/orto-delle-lune-seminiamo-buon-cibo\/","title":{"rendered":"Aule Verdi. L\u2019orto delle Lune"},"content":{"rendered":"<p>\u201cAule Verdi. L\u2019orto delle Lune\u201d \u00e8 un progetto multiforme e polivalente che abbraccia a tutto tondo la scuola nella sua complessit\u00e0 e nelle relazioni che essa attiva e gestisce.<\/p>\n<p>\u201cAule Verdi. L\u2019orto delle Lune\u201d \u00e8 un progetto didattico &#8211; educativo interdisciplinare che partendo dall\u2019ambiente e dai sani stili di vita offre un vasto ventaglio di opportunit\u00e0 in termini di offerta formativa e di collegamenti con il percorso curriculare; \u00e8 un progetto formativo perch\u00e9 alle insegnanti vengono dati una serie di metodi e strumenti per ampliare l\u2019offerta didattica, \u00e8 un progetto di promozione di consapevolezza rispetto ai sani stili di vita, alla cultura della cittadinanza attiva, dell\u2019integrazione sociale, culturale e intergenerazionale.<\/p>\n<h2><span style=\"color: #008000;\">Destinatari del progetto<\/span><\/h2>\n<p>\u201cAule Verdi. L\u2019orto delle Lune\u201d \u00e8 un progetto ideato e studiato per le scuole di ogni ordine e grado e per le famiglie, pertanto i destinatari diretti sono i bambini delle scuole dell\u2019infanzia e delle scuole primarie, i ragazzi delle scuole secondarie di primo e secondo grado, gli studenti universitari, gli insegnanti, i famigliari (genitori, nonni&#8230;), i volontari Auser e quelli delle organizzazioni aderenti al progetto. La natura di Auser Rimini, le reti attivate, le sinergie con altri progetti ed attivit\u00e0, fanno di \u201cAule Verdi. L\u2019orto delle lune\u201d un progetto che \u201cscavalca\u201d i confini della scuola e si rivolge all\u2019intera comunit\u00e0.<\/p>\n<h2><span style=\"color: #008000;\">Finalit\u00e0<\/span><\/h2>\n<p>Aumentare il livello di consapevolezza e conoscenza rispetto all\u2019ambiente, alla sostenibilit\u00e0 ambientale, all\u2019agricoltura biologica e ad una sana alimentazione<\/p>\n<p>Trasmettere alle nuove generazioni, attraverso il \u201cconoscere, sperimentare, utilizzare e riciclare\u201d, il senso dell\u2019interdipendenza uomo\/natura, arrivando a sviluppare una vera e propria coscienza ecologica.<\/p>\n<p>Promuovere una cultura di sani stili di vita attivi, aumentando il grado di consapevolezza ecologico e di una corretta alimentazione.<\/p>\n<p>Diffondere una sensibilit\u00e0 ecologica di attenzione e di cura degli spazi verdi cittadini.<\/p>\n<p>Creare un percorso che unisca pi\u00f9 generazioni per potenziare le relazioni tra la scuola, gli studenti, gruppi \u201csenior\u201d, le famiglie e la societ\u00e0 civile<\/p>\n<h2><span style=\"color: #008000;\">Coordinate di Sviluppo<\/span><\/h2>\n<p>Le finalit\u00e0 perseguite dal progetto sono raggiunte attraverso una serie di interventi didattici, formativi, informativi e pratici tra loro integrati, che sono realizzate su quattro direttrici.<\/p>\n<h3><span style=\"color: #008000;\">Attivit\u00e0 curriculare e interdisciplinare, svolta a scuola negli orari scolastici all\u2019interno programmi didattici.<\/span><\/h3>\n<p>&#8211;\u00a0\u00a0\u00a0\u00a0\u00a0\u00a0 Incontri in classe in compresenza con bambini, insegnanti, esperta di alimentazione naturale e operatori Auser,<\/p>\n<p>\u00b7\u00a0\u00a0\u00a0\u00a0\u00a0\u00a0\u00a0 Laboratori di educazione alimentare.<\/p>\n<p>\u00b7\u00a0\u00a0\u00a0\u00a0\u00a0\u00a0\u00a0 Laboratori di educazione al gusto.<\/p>\n<p>\u00b7\u00a0\u00a0\u00a0\u00a0\u00a0\u00a0\u00a0 Laboratori psico-sensoriali.<\/p>\n<p>\u00b7\u00a0\u00a0\u00a0\u00a0\u00a0\u00a0\u00a0 Laboratori motori.<\/p>\n<p>\u00b7\u00a0\u00a0\u00a0\u00a0\u00a0\u00a0\u00a0 Laboratori artistici.<\/p>\n<p>\u00b7\u00a0\u00a0\u00a0\u00a0\u00a0\u00a0\u00a0 Laboratori esperienziali su riuso e riciclo di materiali.<\/p>\n<p>\u00b7\u00a0\u00a0\u00a0\u00a0\u00a0\u00a0\u00a0 Laboratori esperienziali con esperti su trattamento e recupero delle acque a scuola e fitodepurazione.<\/p>\n<p>&#8211;\u00a0\u00a0\u00a0\u00a0\u00a0\u00a0 Incontri in outdoor, con laboratori direttamente negli orti in compresenza con bambini, insegnanti, agronomo, anziani, operatori Auser.<\/p>\n<p>&#8211;\u00a0\u00a0\u00a0\u00a0\u00a0\u00a0 Festa finale presso la scuola.<\/p>\n<p>&#8211;\u00a0\u00a0\u00a0\u00a0\u00a0\u00a0 Visite guidate ai supermercati con lettura critica delle etichette.<\/p>\n<p>&#8211;\u00a0\u00a0\u00a0\u00a0\u00a0\u00a0 Visite guidate ad aziende agricole biologiche ed oleifici del territorio.<\/p>\n<p>&#8211;\u00a0\u00a0\u00a0\u00a0\u00a0\u00a0 Visite nei parchi, boschi, nelle vicinanze delle scuole con raccolta di erbe e fiori commestibili e\/o officinali.<\/p>\n<h3><span style=\"color: #008000;\">Attivit\u00e0 extra-curriculare svolta a scuola o in altri luoghi in orari extra-scolastici, con il coinvolgimento di bambini\/ragazzi, insegnanti, famiglie, operatori e volontari.<\/span><\/h3>\n<p>&#8211;\u00a0\u00a0\u00a0\u00a0\u00a0\u00a0 Realizzazione di un orto bio-dinamico nel giardino o in spazi verdi attigui alle scuole coinvolte nel progetto.<\/p>\n<p>&#8211;\u00a0\u00a0\u00a0\u00a0\u00a0\u00a0 Laboratori di educazione alimentare.<\/p>\n<p>&#8211;\u00a0\u00a0\u00a0\u00a0\u00a0\u00a0 Laboratori di educazione al gusto.<\/p>\n<p>&#8211;\u00a0\u00a0\u00a0\u00a0\u00a0\u00a0 Organizzazione di laboratori esperienziali con animali.<\/p>\n<p>&#8211;\u00a0\u00a0\u00a0\u00a0\u00a0\u00a0 Laboratori esperienziali con esperti su trattamento e recupero delle acque a scuola di fitodepurazione.<\/p>\n<p>&#8211;\u00a0\u00a0\u00a0\u00a0\u00a0\u00a0 Laboratori esperienziali su riuso e riciclo di materiali.<\/p>\n<p>&#8211;\u00a0\u00a0\u00a0\u00a0\u00a0\u00a0 Percorsi di formazione per operatori volontari del verde e della sostenibilit\u00e0 ambientale rivolti a educatori, insegnanti, esperti del settore.<\/p>\n<p>&#8211;\u00a0\u00a0\u00a0\u00a0\u00a0\u00a0 Feste e momenti d\u2019incontro negli orti delle scuole nei periodi extra \u2013 scolastici (periodi di vacanza e giorni ed orari di chiusura delle scuole).<\/p>\n<p>&#8211;\u00a0\u00a0\u00a0\u00a0\u00a0\u00a0 Manutenzione e gestione degli orti per tutto l\u2019anno, anche in periodi extra-scolastici (periodi di vacanza e giorni ed orari di chiusura delle scuole) con gruppi di volontari (staff dell\u2019orto) nonni, genitori, insegnanti e bambini.<\/p>\n<p>&#8211;\u00a0\u00a0\u00a0\u00a0\u00a0\u00a0 Incontri di formazione e informazione con anziani, genitori, insegnanti ed educatori, su sani stili di vita e benessere: alimentazione consapevole, educazione al gusto, laboratori di cucina ,mobilit\u00e0 sostenibile.<\/p>\n<h3><span style=\"color: #008000;\">Attivit\u00e0 di co-progettazione, programmazione con il coivolgimento di insegnanti, genitori ed operatori Auser.<\/span><\/h3>\n<p>&#8211;\u00a0\u00a0\u00a0\u00a0\u00a0\u00a0 Incontri periodici di programmazione delle attivit\u00e0 curricolari e definizione degli obiettivi didattici del coordinatore con insegnanti delle classi aderenti al progetto ed operatori Auser.<\/p>\n<p>&#8211;\u00a0\u00a0\u00a0\u00a0\u00a0\u00a0 Incontri periodici di programmazione delle attivit\u00e0 ed auto-aggiornamento del coordinatore con gli operatori Auser.<\/p>\n<p>&#8211;\u00a0\u00a0\u00a0\u00a0\u00a0\u00a0 Incontri di programmazione delle attivit\u00e0 extra-curricolari del coordinatore con insegnanti, genitori delle classi aderenti al progetto ed operatori Auser.<\/p>\n<p>&#8211;\u00a0\u00a0\u00a0\u00a0\u00a0\u00a0 Costituzione di un tavolo di lavoro permanente con coordinatore progetto, insegnanti, genitori ed operatori per la co-progettazione, la definizione di programmi e linee guida.<\/p>\n<h3><span style=\"color: #008000;\">Attivit\u00e0 di monitoraggio e documentazione di tutte le attivit\u00e0 realizzate<\/span><\/h3>\n<p>&#8211;\u00a0\u00a0\u00a0\u00a0\u00a0\u00a0 Incontri periodici di monitoraggio e valutazione delle attivit\u00e0 e del rispetto degli obiettivi didattici del coordinatore con insegnanti delle classi aderenti al progetto ed operatori Auser.<\/p>\n<p>&#8211;\u00a0\u00a0\u00a0\u00a0\u00a0\u00a0 Incontri periodici di monitoraggio e valutazione delle attivit\u00e0 del coordinatore con gli operatori Auser.<\/p>\n<p>&#8211;\u00a0\u00a0\u00a0\u00a0\u00a0\u00a0 La produzione e somministrazione di un test sulle abitudini alimentari e sulle abitudini rispetto alla mobilit\u00e0.<\/p>\n<p>&#8211;\u00a0\u00a0\u00a0\u00a0\u00a0\u00a0 La realizzazione di materiale fotografico e audiovisivo per documentare tutte le attivit\u00e0 realizzate nel progetto.<\/p>\n<p>&#8211;\u00a0\u00a0\u00a0\u00a0\u00a0\u00a0 Relazioni conclusive da parte d\u2019insegnanti, educatori ed esperti.<\/p>\n<p>&#8211;\u00a0\u00a0\u00a0\u00a0\u00a0\u00a0 Relazione conclusiva da parte del coordinatore del progetto.<\/p>\n<p>&#8211;\u00a0\u00a0\u00a0\u00a0\u00a0\u00a0 Realizzazione di una guida metodologica.<\/p>\n<p>&#8211;\u00a0\u00a0\u00a0\u00a0\u00a0\u00a0 Produzione di materiale informativo.<\/p>\n<h2><span style=\"color: #008000;\">Obiettivi<\/span><\/h2>\n<p>In relazione alle finalit\u00e0 indicate il progetto \u201cAule Verdi. L\u2019orto delle lune\u201d intende realizzare i seguenti obiettivi:<\/p>\n<p>&#8211;\u00a0\u00a0\u00a0\u00a0\u00a0\u00a0 Promuovere una cultura alimentare e uno stile di vita sano attraverso esperienze dirette.<\/p>\n<p>&#8211;\u00a0\u00a0\u00a0\u00a0\u00a0\u00a0 Potenziare relazioni tra scuola, studenti, famiglie e societ\u00e0 civile per la realizzazione di una vera e propria comunit\u00e0 educante.<\/p>\n<p>&#8211;\u00a0\u00a0\u00a0\u00a0\u00a0\u00a0 Creare con l\u2019orto uno spazio sia fisico che relazionale che nel tempo possa diventare un luogo di crescita, incontro ed educazione ecologia continua e permanente.<\/p>\n<p>&#8211;\u00a0\u00a0\u00a0\u00a0\u00a0\u00a0 Realizzare uno spazio stimolante da un punto di vista ambientale e sensoriale in grado di favorire relazioni tra pari e intergenerazionali.<\/p>\n<p>&#8211;\u00a0\u00a0\u00a0\u00a0\u00a0\u00a0 Condividere sia emozioni che esperienze legate sia al lavoro di gruppo nell\u2019orto, sia al consumo dei suoi prodotti.<\/p>\n<p>&#8211;\u00a0\u00a0\u00a0\u00a0\u00a0\u00a0 Motivare le famiglie alla creazione di spazi quotidiani pi\u00f9 vicini alla natura e all\u2019adozione di uno stile alimentare equilibrato e di stili di vita maggiormente sostenibili.<\/p>\n<p>&#8211;\u00a0\u00a0\u00a0\u00a0\u00a0\u00a0 Migliorare le capacit\u00e0 residue dei gruppi senior e l\u2019integrazione di gruppi socialmente svantaggiati e diversamente abili, attraverso il loro coinvolgimento nella realizzazione e gestione degli orti.<\/p>\n<p>&#8211;\u00a0\u00a0\u00a0\u00a0\u00a0\u00a0 Favorire gradualmente la socializzazione e la condivisione di un gruppo, cooperando per raggiungere un obiettivo personale e comune.<\/p>\n<p>&#8211;\u00a0\u00a0\u00a0\u00a0\u00a0\u00a0 Riscoprire il valore e la sacralit\u00e0 della terra, il significato stesso del cibo che da essa \u00e8 tratto e il senso di comunit\u00e0\u201d dello stare insieme per\u201d.<\/p>\n<p>&#8211;\u00a0\u00a0\u00a0\u00a0\u00a0\u00a0 Salvaguardare tradizioni, riti, espressioni delle generazioni passate.<\/p>\n<p>&nbsp;<\/p>\n<p>Per\u00a0 maggiori informazioni : <a href=\"www.auserrimini.it\" target=\"_blank\" rel=\"noopener noreferrer\">www.auserrimini.it<\/a><\/p>\n<h2>\u00a0<span style=\"color: #0000ff;\">Di seguito sono riportate le esperienze delle varie scuole in riferimento a questo progetto<\/span><\/h2>\n<div class=\"pt-cv-wrapper\"><div class=\"pt-cv-view pt-cv-grid pt-cv-colsys\" id=\"pt-cv-view-92ee23a594\"><div data-id=\"pt-cv-page-1\" class=\"pt-cv-page\" data-cvc=\"2\"><div class=\"col-md-6 col-sm-6 col-xs-12 pt-cv-content-item pt-cv-1-col\" ><div class='pt-cv-ifield'><a href=\"http:\/\/scuole.rimini.com\/cd6rimini.gov.it\/vota-la-nostra-foto-concorso-hera-per-le-scuole-scuola-la-gabbianella\/\" class=\"_blank pt-cv-href-thumbnail pt-cv-thumb-default\" target=\"_blank\" ><\/a>\n<h4 class=\"pt-cv-title\"><a href=\"http:\/\/scuole.rimini.com\/cd6rimini.gov.it\/vota-la-nostra-foto-concorso-hera-per-le-scuole-scuola-la-gabbianella\/\" class=\"_blank\" target=\"_blank\" >Vota la nostra foto concorso Hera per le scuole  &#8220;Scuola La Gabbianella&#8221;<\/a><\/h4>\n<div class=\"pt-cv-content\">ALLA SCUOLA DELL\u2019INFANZIA LA GABBIANELLA E\u2019 ARRIVATA \u201cMAEVA\u201d Il primo sistema acquaponico pre-assemblato e modulare realizzato in Italia; \u00e8 sufficiente ...<br \/><a href=\"http:\/\/scuole.rimini.com\/cd6rimini.gov.it\/vota-la-nostra-foto-concorso-hera-per-le-scuole-scuola-la-gabbianella\/\" class=\"_blank pt-cv-readmore btn btn-success\" target=\"_blank\">Leggi Tutto<\/a><\/div><\/div><\/div>\n<div class=\"col-md-6 col-sm-6 col-xs-12 pt-cv-content-item pt-cv-1-col\" ><div class='pt-cv-ifield'><a href=\"http:\/\/scuole.rimini.com\/cd6rimini.gov.it\/un-orto-da-favolain-citta\/\" class=\"_blank pt-cv-href-thumbnail pt-cv-thumb-default\" target=\"_blank\" ><\/a>\n<h4 class=\"pt-cv-title\"><a href=\"http:\/\/scuole.rimini.com\/cd6rimini.gov.it\/un-orto-da-favolain-citta\/\" class=\"_blank\" target=\"_blank\" >Un orto da favola\u2026in citt\u00e0.<\/a><\/h4>\n<div class=\"pt-cv-content\">\u2026\u00e8 il titolo del progetto educativo-didattico della scuola dell\u2019infanzia \u201cVia dell\u2019albero\u201d che vuole proporsi come un\u2019attivit\u00e0 nella quale i bambini ...<br \/><a href=\"http:\/\/scuole.rimini.com\/cd6rimini.gov.it\/un-orto-da-favolain-citta\/\" class=\"_blank pt-cv-readmore btn btn-success\" target=\"_blank\">Leggi Tutto<\/a><\/div><\/div><\/div>\n<div class=\"col-md-6 col-sm-6 col-xs-12 pt-cv-content-item pt-cv-1-col\" ><div class='pt-cv-ifield'><a href=\"http:\/\/scuole.rimini.com\/cd6rimini.gov.it\/10713\/\" class=\"_blank pt-cv-href-thumbnail pt-cv-thumb-default\" target=\"_blank\" ><\/a>\n<h4 class=\"pt-cv-title\"><a href=\"http:\/\/scuole.rimini.com\/cd6rimini.gov.it\/10713\/\" class=\"_blank\" target=\"_blank\" >Festa Finale alla &#8220;Gianni Rodari&#8221;<\/a><\/h4>\n<div class=\"pt-cv-content\">Il 6 giugno, nel giardino della scuola, le insegnanti e i genitori, in collaborazione con i volontari Auser , hanno ...<br \/><a href=\"http:\/\/scuole.rimini.com\/cd6rimini.gov.it\/10713\/\" class=\"_blank pt-cv-readmore btn btn-success\" target=\"_blank\">Leggi Tutto<\/a><\/div><\/div><\/div>\n<div class=\"col-md-6 col-sm-6 col-xs-12 pt-cv-content-item pt-cv-1-col\" ><div class='pt-cv-ifield'><a href=\"http:\/\/scuole.rimini.com\/cd6rimini.gov.it\/una-giornata-specialein-mezzo-alla-natura-e-agli-animali\/\" class=\"_blank pt-cv-href-thumbnail pt-cv-thumb-default\" target=\"_blank\" ><\/a>\n<h4 class=\"pt-cv-title\"><a href=\"http:\/\/scuole.rimini.com\/cd6rimini.gov.it\/una-giornata-specialein-mezzo-alla-natura-e-agli-animali\/\" class=\"_blank\" target=\"_blank\" >Una giornata speciale\u2026in mezzo alla natura e agli animali!<\/a><\/h4>\n<div class=\"pt-cv-content\">Il 29 Aprile 2015 tutti i bambini della scuola dell\u2019infanzia \u201cVia dell\u2019 Albero\u201d, accompagnati da insegnanti e collaboratrici scolastiche, hanno ...<br \/><a href=\"http:\/\/scuole.rimini.com\/cd6rimini.gov.it\/una-giornata-specialein-mezzo-alla-natura-e-agli-animali\/\" class=\"_blank pt-cv-readmore btn btn-success\" target=\"_blank\">Leggi Tutto<\/a><\/div><\/div><\/div>\n<div class=\"col-md-6 col-sm-6 col-xs-12 pt-cv-content-item pt-cv-1-col\" ><div class='pt-cv-ifield'><a href=\"http:\/\/scuole.rimini.com\/cd6rimini.gov.it\/il-gioco-dellorto\/\" class=\"_blank pt-cv-href-thumbnail pt-cv-thumb-default\" target=\"_blank\" ><\/a>\n<h4 class=\"pt-cv-title\"><a href=\"http:\/\/scuole.rimini.com\/cd6rimini.gov.it\/il-gioco-dellorto\/\" class=\"_blank\" target=\"_blank\" >Il Gioco dell'&#8221;Orto&#8221;<\/a><\/h4>\n<div class=\"pt-cv-content\">L'esperienza \u00e8 nata dal desiderio di proporre ai bambini della scuola dell'infanzia \"Via dell'Albero\" attivit\u00e0 educative nell\u2019ambiente naturale per dare ...<br \/><a href=\"http:\/\/scuole.rimini.com\/cd6rimini.gov.it\/il-gioco-dellorto\/\" class=\"_blank pt-cv-readmore btn btn-success\" target=\"_blank\">Leggi Tutto<\/a><\/div><\/div><\/div><\/div><\/div><\/div>\n","protected":false},"excerpt":{"rendered":"<p>\u201cAule Verdi. L\u2019orto delle Lune\u201d \u00e8 un progetto multiforme e polivalente che abbraccia a tutto tondo la scuola nella sua complessit\u00e0 e nelle relazioni che essa attiva e gestisce. \u201cAule Verdi. L\u2019orto delle Lune\u201d \u00e8 un progetto didattico &#8211; educativo interdisciplinare che partendo dall\u2019ambiente e dai sani stili di vita offre un vasto ventaglio di&nbsp; &nbsp; <a class=\"moretag\" href=\"http:\/\/scuole.rimini.com\/cd6rimini.gov.it\/didattica\/progetti-per-lampliamento-dellofferta-formativa\/progetti\/ambiente-ed-alimentazione\/orto-delle-lune-seminiamo-buon-cibo\/\" title=\"Leggi l&#180;intero articolo\">&raquo;<\/a><\/p>\n","protected":false},"author":1,"featured_media":0,"parent":7819,"menu_order":0,"comment_status":"closed","ping_status":"open","template":"","meta":[],"_links":{"self":[{"href":"http:\/\/scuole.rimini.com\/cd6rimini.gov.it\/wp-json\/wp\/v2\/pages\/9183"}],"collection":[{"href":"http:\/\/scuole.rimini.com\/cd6rimini.gov.it\/wp-json\/wp\/v2\/pages"}],"about":[{"href":"http:\/\/scuole.rimini.com\/cd6rimini.gov.it\/wp-json\/wp\/v2\/types\/page"}],"author":[{"embeddable":true,"href":"http:\/\/scuole.rimini.com\/cd6rimini.gov.it\/wp-json\/wp\/v2\/users\/1"}],"replies":[{"embeddable":true,"href":"http:\/\/scuole.rimini.com\/cd6rimini.gov.it\/wp-json\/wp\/v2\/comments?post=9183"}],"version-history":[{"count":6,"href":"http:\/\/scuole.rimini.com\/cd6rimini.gov.it\/wp-json\/wp\/v2\/pages\/9183\/revisions"}],"predecessor-version":[{"id":16390,"href":"http:\/\/scuole.rimini.com\/cd6rimini.gov.it\/wp-json\/wp\/v2\/pages\/9183\/revisions\/16390"}],"up":[{"embeddable":true,"href":"http:\/\/scuole.rimini.com\/cd6rimini.gov.it\/wp-json\/wp\/v2\/pages\/7819"}],"wp:attachment":[{"href":"http:\/\/scuole.rimini.com\/cd6rimini.gov.it\/wp-json\/wp\/v2\/media?parent=9183"}],"curies":[{"name":"wp","href":"https:\/\/api.w.org\/{rel}","templated":true}]}}