{"id":9245,"date":"2015-02-25T16:41:08","date_gmt":"2015-02-25T15:41:08","guid":{"rendered":"http:\/\/scuole.rimini.com\/cd6rimini.gov.it\/?page_id=9245"},"modified":"2015-02-25T16:48:39","modified_gmt":"2015-02-25T15:48:39","slug":"codice-di-comportamento","status":"publish","type":"page","link":"http:\/\/scuole.rimini.com\/cd6rimini.gov.it\/la-scuola\/regolamenti\/codice-di-comportamento\/","title":{"rendered":"Codice di comportamento dei dipendenti delle pubbliche amministrazioni"},"content":{"rendered":"<h3>Codice di comportamento dei dipendenti delle pubbliche amministrazioni<\/h3>\n<ul>\n<li><a href=\"http:\/\/scuole.rimini.com\/cd6rimini.gov.it\/wp-content\/uploads\/2015\/02\/DPR-62-del-16-Apr-2013.pdf\" target=\"_blank\">D.P.R. del 16 aprile 2013, n. 62 &#8211; Regolamento recante codice di comportamento dei dipendenti pubblici, a norma dell&#8217;articolo 54 del decreto legislativo 30 marzo 2001, n. 165 (GU n.129 del 4-6-2013)<\/a><\/li>\n<li><a href=\"http:\/\/scuole.rimini.com\/cd6rimini.gov.it\/wp-content\/uploads\/2015\/02\/DM-525-del-30-Giugno-2014.pdf\" target=\"_blank\">DM 30 giugno 2014, n. 525 &#8211; Codice di Comportamento dei Dipendenti del MIUR<\/a><br \/>\n<a href=\"http:\/\/scuole.rimini.com\/cd6rimini.gov.it\/wp-content\/uploads\/2015\/02\/DM-525-del-30-Giugno-2014.pdf\" target=\"_blank\">Registrato dalla Corte dei Conti il 22\/09\/2014 al Foglio n. 4186<\/a><\/li>\n<\/ul>\n<p>Con decreto ministeriale 30 giugno 2014, n. 525 \u00e8 stato approvato il Codice di Comportamento dei dipendenti del MIUR, che, in ottemperanza a quanto previsto dall&#8217;art. 54 del D.Lgs. n. 165\/2001 cos\u00ec come sostituito dall&#8217;art. 1, comma 44 della L. 190\/2012 recante &#8220;Disposizioni per la prevenzione e la repressione della corruzione e dell&#8217;illegalit\u00e0 nella pubblica Amministrazione&#8221;, integra e specifica il Codice di Comportamento dei dipendenti pubblici di cui al DPR n. 62\/2013.<br \/>\n<span style=\"text-decoration: underline;\">Le norme contenute nel Codice si applicano a tutto il personale dipendente ed in servizio presso il MIUR (Amministrazione centrale e periferica)<\/span>, ivi compreso quello con qualifica dirigenziale, con rapporto di lavoro a tempo indeterminato e determinato, a tempo pieno e a tempo parziale, nonch\u00e9 il personale comandato. Inoltre, i doveri di comportamento e gli obblighi di condotta del Codice si applicano altres\u00ec, ai collaboratori o consulenti con qualsiasi tipologia di contratto o incarico a qualsiasi titolo, ai titolari di organi e incarichi negli uffici di diretta collaborazione del Ministro; ai dipendenti o collaboratori a qualsiasi titolo di imprese e ditte fornitrici di beni o servizi in favore dell&#8217;amministrazione e che svolgano la propria attivit\u00e0 all\u2019interno del Ministero o presso gli USR.<br \/>\nLa violazione degli obblighi previsti dal Codice integra comportamenti contrari ai doveri d&#8217;ufficio ed \u00e8 fonte di responsabilit\u00e0 disciplinare nonch\u00e9, nei casi previsti, di responsabilit\u00e0 penale, civile, amministrativa o contabile.<\/p>\n<p>Scarica i file:<br \/>\n&#8211; <a href=\"http:\/\/scuole.rimini.com\/cd6rimini.gov.it\/wp-content\/uploads\/2015\/02\/Codice-di-comportamento.pdf\" target=\"_blank\">Codice di comportamento<\/a><\/p>\n","protected":false},"excerpt":{"rendered":"<p>Codice di comportamento dei dipendenti delle pubbliche amministrazioni D.P.R. del 16 aprile 2013, n. 62 &#8211; Regolamento recante codice di comportamento dei dipendenti pubblici, a norma dell&#8217;articolo 54 del decreto legislativo 30 marzo 2001, n. 165 (GU n.129 del 4-6-2013) DM 30 giugno 2014, n. 525 &#8211; Codice di Comportamento dei Dipendenti del MIUR Registrato&nbsp; &nbsp; <a class=\"moretag\" href=\"http:\/\/scuole.rimini.com\/cd6rimini.gov.it\/la-scuola\/regolamenti\/codice-di-comportamento\/\" title=\"Leggi l&#180;intero articolo\">&raquo;<\/a><\/p>\n","protected":false},"author":1,"featured_media":0,"parent":9239,"menu_order":0,"comment_status":"closed","ping_status":"open","template":"","meta":[],"_links":{"self":[{"href":"http:\/\/scuole.rimini.com\/cd6rimini.gov.it\/wp-json\/wp\/v2\/pages\/9245"}],"collection":[{"href":"http:\/\/scuole.rimini.com\/cd6rimini.gov.it\/wp-json\/wp\/v2\/pages"}],"about":[{"href":"http:\/\/scuole.rimini.com\/cd6rimini.gov.it\/wp-json\/wp\/v2\/types\/page"}],"author":[{"embeddable":true,"href":"http:\/\/scuole.rimini.com\/cd6rimini.gov.it\/wp-json\/wp\/v2\/users\/1"}],"replies":[{"embeddable":true,"href":"http:\/\/scuole.rimini.com\/cd6rimini.gov.it\/wp-json\/wp\/v2\/comments?post=9245"}],"version-history":[{"count":3,"href":"http:\/\/scuole.rimini.com\/cd6rimini.gov.it\/wp-json\/wp\/v2\/pages\/9245\/revisions"}],"predecessor-version":[{"id":9251,"href":"http:\/\/scuole.rimini.com\/cd6rimini.gov.it\/wp-json\/wp\/v2\/pages\/9245\/revisions\/9251"}],"up":[{"embeddable":true,"href":"http:\/\/scuole.rimini.com\/cd6rimini.gov.it\/wp-json\/wp\/v2\/pages\/9239"}],"wp:attachment":[{"href":"http:\/\/scuole.rimini.com\/cd6rimini.gov.it\/wp-json\/wp\/v2\/media?parent=9245"}],"curies":[{"name":"wp","href":"https:\/\/api.w.org\/{rel}","templated":true}]}}